{"id":3450,"date":"2020-05-16T17:34:10","date_gmt":"2020-05-16T17:34:10","guid":{"rendered":"https:\/\/sztuki.waw.pl\/sklep\/?page_id=3450"},"modified":"2022-12-02T16:20:50","modified_gmt":"2022-12-02T15:20:50","slug":"dostawa","status":"publish","type":"page","link":"https:\/\/sztuki.waw.pl\/en\/dostawa\/","title":{"rendered":"DOSTAWA"},"content":{"rendered":"<!-- START Slider DOSTAWA REVOLUTION SLIDER 6.0.9 --><p class=\"rs-p-wp-fix\"><\/p>\n\t\t\t<rs-module-wrap id=\"rev_slider_21_1_wrapper\" data-source=\"gallery\" style=\"background:transparent;padding:0;margin:0px auto;margin-top:0;margin-bottom:0;\">\n\t\t\t\t<rs-module id=\"rev_slider_21_1\" style=\"display:none;\" data-version=\"6.0.9\">\n\t\t\t\t\t<rs-slides>\n\t\t\t\t\t\t<rs-slide data-key=\"rs-39\" data-title=\"Slide\" data-anim=\"ei:d;eo:d;s:1000;r:0;t:fade;sl:0;\">\n\t\t\t\t\t\t\t<img decoding=\"async\" src=\"\/\/sztuki.waw.pl\/wp-content\/plugins\/revolution-slider\/public\/assets\/assets\/transparent.png\" title=\"DOSTAWA\" class=\"rev-slidebg\" data-no-retina>\n<!--\n\t\t\t\t\t\t\t--><rs-layer\n\t\t\t\t\t\t\t\tid=\"slider-21-slide-39-layer-1\" \n\t\t\t\t\t\t\t\tdata-type=\"image\"\n\t\t\t\t\t\t\t\tdata-rsp_ch=\"on\"\n\t\t\t\t\t\t\t\tdata-xy=\"x:c;y:c;\"\n\t\t\t\t\t\t\t\tdata-text=\"w:normal;\"\n\t\t\t\t\t\t\t\tdata-dim=\"w:100%;\"\n\t\t\t\t\t\t\t\tdata-basealign=\"slide\"\n\t\t\t\t\t\t\t\tdata-frame_1=\"e:Power4.easeInOut;st:700;sp:2400;sR:700;\"\n\t\t\t\t\t\t\t\tdata-frame_999=\"o:0;st:w;sR:5900;\"\n\t\t\t\t\t\t\t\tstyle=\"z-index:5;font-family:Roboto;\"\n\t\t\t\t\t\t\t><img decoding=\"async\" src=\"\/\/sztuki.waw.pl\/wp-content\/uploads\/2020\/05\/hero_08-1.jpg\" data-no-retina> \n\t\t\t\t\t\t\t<\/rs-layer><!--\n-->\t\t\t\t\t\t<\/rs-slide>\n\t\t\t\t\t<\/rs-slides>\n\t\t\t\t\t<rs-progress class=\"rs-bottom\" style=\"visibility: hidden !important;\"><\/rs-progress>\n\t\t\t\t<\/rs-module>\n\t\t\t\t<script type=\"text\/javascript\">\n\t\t\t\t\tsetREVStartSize({c: 'rev_slider_21_1',rl:[1240,1024,768,480],el:[600],gw:[1240],gh:[600],layout:'fullwidth',mh:\"0\"});\n\t\t\t\t\tvar\trevapi21,\n\t\t\t\t\t\ttpj;\n\t\t\t\t\tjQuery(function() {\n\t\t\t\t\t\ttpj = jQuery;\n\t\t\t\t\t\tif(tpj(\"#rev_slider_21_1\").revolution == undefined){\n\t\t\t\t\t\t\trevslider_showDoubleJqueryError(\"#rev_slider_21_1\");\n\t\t\t\t\t\t}else{\n\t\t\t\t\t\t\trevapi21 = tpj(\"#rev_slider_21_1\").show().revolution({\n\t\t\t\t\t\t\t\tjsFileLocation:\"\/\/sztuki.waw.pl\/wp-content\/plugins\/revolution-slider\/public\/assets\/js\/\",\n\t\t\t\t\t\t\t\tsliderLayout:\"fullwidth\",\n\t\t\t\t\t\t\t\tvisibilityLevels:\"1240,1024,768,480\",\n\t\t\t\t\t\t\t\tgridwidth:1240,\n\t\t\t\t\t\t\t\tgridheight:600,\n\t\t\t\t\t\t\t\tminHeight:\"\",\n\t\t\t\t\t\t\t\tspinner:\"spinner0\",\n\t\t\t\t\t\t\t\teditorheight:\"600,768,960,720\",\n\t\t\t\t\t\t\t\tresponsiveLevels:\"1240,1024,768,480\",\n\t\t\t\t\t\t\t\tdisableProgressBar:\"on\",\n\t\t\t\t\t\t\t\tnavigation: {\n\t\t\t\t\t\t\t\t\tonHoverStop:false\n\t\t\t\t\t\t\t\t},\n\t\t\t\t\t\t\t\tfallbacks: {\n\t\t\t\t\t\t\t\t\tallowHTML5AutoPlayOnAndroid:true\n\t\t\t\t\t\t\t\t},\n\t\t\t\t\t\t\t});\n\t\t\t\t\t\t}\n\t\t\t\t\t\t\n\t\t\t\t\t});\n\t\t\t\t<\/script>\n\t\t\t<\/rs-module-wrap>\n\t\t\t<!-- END REVOLUTION SLIDER -->\n\n<p>&nbsp;<\/p>\n<div class=\"text-3-cols\">\n<p><strong>PRZESY\u0141KA<\/strong><br \/>\nOd momentu z\u0142o\u017cenia zam\u00f3wienia i zaksi\u0119gowania wp\u0142aty w przeci\u0105gu 2-5 dni roboczych wysy\u0142amy do Ciebie paczk\u0119 pod podany adres. Czas oczekiwania mo\u017ce by\u0107 kr\u00f3tszy lub d\u0142u\u017cszy, o czym Ci\u0119 poinformujemy. Je\u017celi kt\u00f3ra\u015b z prac ma d\u0142u\u017cszy czas realizacji (ze wzgl\u0119du na proces jej tworzenia lub tymczasow\u0105 nieobecno\u015b\u0107 pracy w Sztukach), dodajemy tak\u0105 informacj\u0119 na stronie produktu. Zostaniesz te\u017c o tym poinformowany\/a po z\u0142o\u017ceniu zam\u00f3wienia. Po wys\u0142aniu paczki, otrzymasz potwierdzenie nadania przesy\u0142ki.<\/p>\n<p><strong>OPAKOWANIA<\/strong><br \/>\nNasze przesy\u0142ki pakujemy w karton, kt\u00f3ry nadaje si\u0119 do recyklingu. Stosujemy ekologiczne, papierowe ta\u015bmy, kt\u00f3rych nie trzeba odkleja\u0107 przed wrzuceniem do pojemnika na odpady. Staramyy si\u0119 zu\u017cywa\u0107 jak najmniej materia\u0142u do pakowania. Cz\u0119sto ponownie u\u017cywamy folii i kartonu (np.\u00a0wysy\u0142amy prace w paczkach w kt\u00f3rych otrzymali\u015bmy je od ramiarzy). Ograniczamy u\u017cycie plastiku do absolutnego minimum. Zale\u017cy nam na tym, \u017ceby nie generowa\u0107 niepotrzebnych \u015bmieci.<\/p>\n<p><strong>KOSZTY DOSTAWY<\/strong><br \/>\nKoszty dostawy zale\u017c\u0105 od wielko\u015bci i wagi pracy. Wahaj\u0105 si\u0119 od 15 do 60 z\u0142 za przesy\u0142k\u0119 w granicach kraju. Przy sk\u0142adaniu zam\u00f3wienia widoczna b\u0119dzie op\u0142ata za przesy\u0142k\u0119. Paczki wysy\u0142amy kurierem DPD, DHL, UPS lub FedEx. Paczki s\u0105 zawsze ubezpieczone na wypadek ich zniszczenia w trakcie transportu. W przypadku otrzymania zniszczonego produktu, prosimy o pilny kontakt. Im szybciej zg\u0142osimy przewo\u017anikowi uszkodzenie pracy, tym \u0142atwiej b\u0119dziemy mogli odzyska\u0107 pieni\u0105dze za zniszczon\u0105 przesy\u0142k\u0119. Po uzyskaniu zwrotu od firmy kurierskiej, pieni\u0105dze zostan\u0105 Ci niezw\u0142ocznie zwr\u00f3cone.<\/p>\n<p><strong>PRZESY\u0141KI ZAGRANICZNE<\/strong><br \/>\nRealizujemy te\u017c przesy\u0142ki zagraniczne. Na razie wysy\u0142amy do Unii Europejskiej, Wielkiej Brytanii, Stan\u00f3w Zjednoczonych, Kanady, Australii, Turcji, Norwegii i Japonii. Je\u017celi nie ma na tej li\u015bcie Twojego kraju, napisz pod adres sklep@sztuki.waw.pl wiadomo\u015b\u0107 z informacj\u0105 jaki produkt i\u00a0gdzie chcia\u0142by\u015b\/chcia\u0142aby\u015b wys\u0142a\u0107. Znajdziemy najlepszy mo\u017cliwy spos\u00f3b na dostarczenie pracy do Twojej lokalizacji.<\/p>\n<p><strong>ZWROTY<\/strong><br \/>\nKlient, kt\u00f3ry zawar\u0142 umow\u0119 na odleg\u0142o\u015b\u0107, tj. dokona\u0142 zakupu w naszym sklepie internetowym, mo\u017ce w terminie 14 dni odst\u0105pi\u0107 od zawartej umowy sprzeda\u017cy bez podawania przyczyny. Klient mo\u017ce odst\u0105pi\u0107 od umowy sprzeda\u017cy sk\u0142adaj\u0105c nam o\u015bwiadczenie o odst\u0105pieniu. O\u015bwiadczenie to mo\u017ce zosta\u0107 z\u0142o\u017cone pisemnie na adres: Sztuki, ul Chmielna 12, 00-020 Warszawa lub mailowo na adres: sklep@sztuki.waw.pl. Do zachowania terminu wystarczy wys\u0142anie o\u015bwiadczenia przed jego up\u0142ywem. Klient ma obowi\u0105zek zwr\u00f3ci\u0107 do nas towar niezw\u0142ocznie, jednak nie p\u00f3\u017aniej ni\u017c w terminie 14 dni od dnia, w kt\u00f3rym odst\u0105pi\u0142 od umowy sprzeda\u017cy. Koszty przesy\u0142ki zwrotu pokrywa Klient. Do zachowania terminu wystarczy odes\u0142anie towaru na nasz adres przed up\u0142ywem tego terminu. Mamy obowi\u0105zek niezw\u0142ocznie, nie p\u00f3\u017aniej ni\u017c w terminie 14 dni od dnia otrzymania o\u015bwiadczenia Klienta o odst\u0105pieniu od umowy sprzeda\u017cy, zwr\u00f3ci\u0107 mu wszystkie dokonane przez niego p\u0142atno\u015bci, w tym koszt dostawy towaru do konsumenta. Mo\u017cemy jednak wstrzyma\u0107 si\u0119 ze zwrotem p\u0142atno\u015bci otrzymanych od Konsumenta do chwili otrzymania z powrotem towaru lub dostarczenia przez Konsumenta dowodu odes\u0142ania towaru, w zale\u017cno\u015bci od tego, kt\u00f3re zdarzenie nast\u0105pi wcze\u015bniej. Zwroty nie dotycz\u0105 zam\u00f3wie\u0144 mi\u0119dzynarodowych. <\/p>\n<p><strong>ODBI\u00d3R OSOBISTY<\/strong><br \/>\nZach\u0119camy do odbioru osobistego w sklepie stacjonarnym. Ta metoda jest bezpieczniejsza dla prac, szczeg\u00f3lnie tych oprawionych w szk\u0142o. Prace mo\u017cna odebra\u0107 niemal od razu po z\u0142o\u017ceniu zam\u00f3wienia. Odbi\u00f3r osobisty nie generuje odpad\u00f3w z opakowania przeznaczonego do transportu. Zam\u00f3wienia mo\u017cna odebra\u0107 w sklepie przy ul. Chmielnej 12. Jeste\u015bmy otwarci od wtorku do soboty od 14 do 19. Je\u017celi te godziny s\u0105 dla Ciebie k\u0142opotliwe, napisz pod adres sklep@sztuki.waw.pl. Mo\u017cemy ustali\u0107 indywidualny termin odbioru prac. Poinformujemy Ci\u0119 kiedy Twoje zam\u00f3wienie b\u0119dzie gotowe do odbioru.<\/p>\n<\/div>","protected":false},"excerpt":{"rendered":"<p>&nbsp; PRZESY\u0141KA Od momentu z\u0142o\u017cenia zam\u00f3wienia i zaksi\u0119gowania wp\u0142aty w przeci\u0105gu 2-5 dni roboczych wysy\u0142amy do Ciebie paczk\u0119 pod podany adres. Czas oczekiwania mo\u017ce by\u0107 kr\u00f3tszy lub d\u0142u\u017cszy, o czym Ci\u0119 poinformujemy. Je\u017celi kt\u00f3ra\u015b z prac ma d\u0142u\u017cszy czas realizacji (ze wzgl\u0119du na proces jej tworzenia lub tymczasow\u0105 nieobecno\u015b\u0107 pracy w Sztukach), dodajemy tak\u0105 informacj\u0119&#8230;<\/p>","protected":false},"author":2,"featured_media":0,"parent":0,"menu_order":0,"comment_status":"closed","ping_status":"closed","template":"","meta":{"footnotes":""},"class_list":["post-3450","page","type-page","status-publish","hentry"],"acf":[],"_links":{"self":[{"href":"https:\/\/sztuki.waw.pl\/en\/wp-json\/wp\/v2\/pages\/3450","targetHints":{"allow":["GET"]}}],"collection":[{"href":"https:\/\/sztuki.waw.pl\/en\/wp-json\/wp\/v2\/pages"}],"about":[{"href":"https:\/\/sztuki.waw.pl\/en\/wp-json\/wp\/v2\/types\/page"}],"author":[{"embeddable":true,"href":"https:\/\/sztuki.waw.pl\/en\/wp-json\/wp\/v2\/users\/2"}],"replies":[{"embeddable":true,"href":"https:\/\/sztuki.waw.pl\/en\/wp-json\/wp\/v2\/comments?post=3450"}],"version-history":[{"count":23,"href":"https:\/\/sztuki.waw.pl\/en\/wp-json\/wp\/v2\/pages\/3450\/revisions"}],"predecessor-version":[{"id":7716,"href":"https:\/\/sztuki.waw.pl\/en\/wp-json\/wp\/v2\/pages\/3450\/revisions\/7716"}],"wp:attachment":[{"href":"https:\/\/sztuki.waw.pl\/en\/wp-json\/wp\/v2\/media?parent=3450"}],"curies":[{"name":"wp","href":"https:\/\/api.w.org\/{rel}","templated":true}]}}