{"id":9750,"date":"2024-08-20T22:36:44","date_gmt":"2024-08-20T20:36:44","guid":{"rendered":"https:\/\/sztuki.waw.pl\/?page_id=9750"},"modified":"2024-09-14T21:07:36","modified_gmt":"2024-09-14T19:07:36","slug":"polityka-cookies","status":"publish","type":"page","link":"https:\/\/sztuki.waw.pl\/en\/polityka-cookies\/","title":{"rendered":"Polityka Cookies"},"content":{"rendered":"<!-- START Slider REGULAMIN REVOLUTION SLIDER 6.0.9 --><p class=\"rs-p-wp-fix\"><\/p>\n\t\t\t<rs-module-wrap id=\"rev_slider_20_1_wrapper\" data-source=\"gallery\" style=\"background:transparent;padding:0;margin:0px auto;margin-top:0;margin-bottom:0;\">\n\t\t\t\t<rs-module id=\"rev_slider_20_1\" style=\"display:none;\" data-version=\"6.0.9\">\n\t\t\t\t\t<rs-slides>\n\t\t\t\t\t\t<rs-slide data-key=\"rs-38\" data-title=\"Slide\" data-anim=\"ei:d;eo:d;s:1000;r:0;t:fade;sl:0;\">\n\t\t\t\t\t\t\t<img decoding=\"async\" src=\"\/\/sztuki.waw.pl\/wp-content\/plugins\/revolution-slider\/public\/assets\/assets\/transparent.png\" title=\"Polityka Cookies\" class=\"rev-slidebg\" data-no-retina>\n<!--\n\t\t\t\t\t\t\t--><rs-layer\n\t\t\t\t\t\t\t\tid=\"slider-20-slide-38-layer-1\" \n\t\t\t\t\t\t\t\tdata-type=\"image\"\n\t\t\t\t\t\t\t\tdata-rsp_ch=\"on\"\n\t\t\t\t\t\t\t\tdata-xy=\"x:c;y:c;\"\n\t\t\t\t\t\t\t\tdata-text=\"w:normal;\"\n\t\t\t\t\t\t\t\tdata-dim=\"w:100%;\"\n\t\t\t\t\t\t\t\tdata-basealign=\"slide\"\n\t\t\t\t\t\t\t\tdata-frame_1=\"e:Power4.easeInOut;st:700;sp:2400;sR:700;\"\n\t\t\t\t\t\t\t\tdata-frame_999=\"o:0;st:w;sR:5900;\"\n\t\t\t\t\t\t\t\tstyle=\"z-index:5;font-family:Roboto;\"\n\t\t\t\t\t\t\t><img loading=\"lazy\" decoding=\"async\" src=\"\/\/sztuki.waw.pl\/wp-content\/uploads\/2020\/05\/hero_11.jpg\" width=\"1500\" height=\"750\" data-no-retina> \n\t\t\t\t\t\t\t<\/rs-layer><!--\n-->\t\t\t\t\t\t<\/rs-slide>\n\t\t\t\t\t<\/rs-slides>\n\t\t\t\t\t<rs-progress class=\"rs-bottom\" style=\"visibility: hidden !important;\"><\/rs-progress>\n\t\t\t\t<\/rs-module>\n\t\t\t\t<script type=\"text\/javascript\">\n\t\t\t\t\tsetREVStartSize({c: 'rev_slider_20_1',rl:[1240,1024,768,480],el:[600],gw:[1240],gh:[600],layout:'fullwidth',mh:\"0\"});\n\t\t\t\t\tvar\trevapi20,\n\t\t\t\t\t\ttpj;\n\t\t\t\t\tjQuery(function() {\n\t\t\t\t\t\ttpj = jQuery;\n\t\t\t\t\t\tif(tpj(\"#rev_slider_20_1\").revolution == undefined){\n\t\t\t\t\t\t\trevslider_showDoubleJqueryError(\"#rev_slider_20_1\");\n\t\t\t\t\t\t}else{\n\t\t\t\t\t\t\trevapi20 = tpj(\"#rev_slider_20_1\").show().revolution({\n\t\t\t\t\t\t\t\tjsFileLocation:\"\/\/sztuki.waw.pl\/wp-content\/plugins\/revolution-slider\/public\/assets\/js\/\",\n\t\t\t\t\t\t\t\tsliderLayout:\"fullwidth\",\n\t\t\t\t\t\t\t\tvisibilityLevels:\"1240,1024,768,480\",\n\t\t\t\t\t\t\t\tgridwidth:1240,\n\t\t\t\t\t\t\t\tgridheight:600,\n\t\t\t\t\t\t\t\tminHeight:\"\",\n\t\t\t\t\t\t\t\tspinner:\"spinner0\",\n\t\t\t\t\t\t\t\teditorheight:\"600,768,960,720\",\n\t\t\t\t\t\t\t\tresponsiveLevels:\"1240,1024,768,480\",\n\t\t\t\t\t\t\t\tdisableProgressBar:\"on\",\n\t\t\t\t\t\t\t\tnavigation: {\n\t\t\t\t\t\t\t\t\tonHoverStop:false\n\t\t\t\t\t\t\t\t},\n\t\t\t\t\t\t\t\tfallbacks: {\n\t\t\t\t\t\t\t\t\tallowHTML5AutoPlayOnAndroid:true\n\t\t\t\t\t\t\t\t},\n\t\t\t\t\t\t\t});\n\t\t\t\t\t\t}\n\t\t\t\t\t\t\n\t\t\t\t\t});\n\t\t\t\t<\/script>\n\t\t\t<\/rs-module-wrap>\n\t\t\t<!-- END REVOLUTION SLIDER -->\n\n<p>&nbsp;<\/p>\n<div class=\"text-3-cols\">\n<\/div>\n<div class=\"text-3-cols\">\n<strong>COOKIES<\/strong><br \/>\n<span style=\"font-weight: 400;\">Administrator korzysta z plik\u00f3w cookies. Pliki cookies to dane informatyczne, kt\u00f3re przechowywane s\u0105 w urz\u0105dzeniu ko\u0144cowym U\u017cytkownika i przeznaczone s\u0105 do korzystania ze stron internetowych. Cookies zazwyczaj zawieraj\u0105 nazw\u0119 strony internetowej, z kt\u00f3rej pochodz\u0105, czas przechowywania ich na urz\u0105dzeniu ko\u0144cowym, standardowe informacje zwi\u0105zane z logowaniem, takie jak adres IP, rodzaj wyszukiwarki, j\u0119zyk, godziny dost\u0119pu, adres strony, z kt\u00f3rej U\u017cytkownik zosta\u0142 przekierowany oraz unikalny numer. Podmiotem zamieszczaj\u0105cym na urz\u0105dzeniu ko\u0144cowym U\u017cytkownika pliki cookies oraz uzyskuj\u0105cym do nich dost\u0119p jest Administrator.<\/span><\/p>\n<p><strong>PLIKI COOKIES WYKORZYSTYWANE S\u0104 W CELU<\/strong><\/p>\n<ul>\n<li>Tworzenia statystyk, kt\u00f3re pomagaj\u0105 zrozumie\u0107, w jaki spos\u00f3b U\u017cytkownicy korzystaj\u0105 ze stron internetowych Sklepu, co umo\u017cliwia ulepszanie ich struktury i zawarto\u015bci,<\/li>\n<li>Dostosowywania zawarto\u015bci Sklepu do preferencji U\u017cytkownika oraz optymalizacji korzystania ze stron internetowych; np. pliki cookies pozwalaj\u0105 w szczeg\u00f3lno\u015bci rozpozna\u0107 urz\u0105dzenie U\u017cytkownika \u2013 jego rodzaj (np.: laptop, smartphone, tablet) i odpowiednio wy\u015bwietli\u0107 stron\u0119 internetow\u0105 dostosowan\u0105 do mo\u017cliwo\u015bci urz\u0105dzenia ko\u0144cowego,<\/li>\n<li>Okre\u015blania profilu U\u017cytkownika w celu wy\u015bwietlania mu rekomendacji produktowych i dopasowanych materia\u0142\u00f3w w sieciach reklamowych, w szczeg\u00f3lno\u015bci w us\u0142ugach Google LLC, Google Ireland Limited oraz Facebook Ireland Ltd.Pliki cookies umo\u017cliwiaj\u0105 wy\u015bwietlanie reklam, ofert i promocji opartych na wzorcach przegl\u0105dania witryny Sklepu. Dzi\u0119ki temu zawarto\u015b\u0107 Sklepu oraz przekaz reklamowy jest lepiej dopasowany do U\u017cytkownika oraz zgodny z jego zainteresowaniami i preferencjami. Pliki cookie umo\u017cliwiaj\u0105 ograniczenie liczby wy\u015bwietle\u0144 reklamy. Marketingowe pliki cookie mog\u0105 s\u0142u\u017cy\u0107 tak\u017ce do \u015bledzenia skuteczno\u015bci kampanii reklamowych w witrynach innych firm.<\/li>\n<li>Upewnienia si\u0119, \u017ce U\u017cytkownicy odczytali informacj\u0119 o Cookies.<\/li>\n<li>U\u017cytkownik mo\u017ce samodzielnie i w ka\u017cdym czasie zmieni\u0107 ustawienia dotycz\u0105ce plik\u00f3w cookies, okre\u015blaj\u0105c warunki ich przechowywania i uzyskiwania dost\u0119pu przez pliki cookies do urz\u0105dzenia U\u017cytkownika. Ograniczenia stosowania plik\u00f3w cookies mog\u0105 jednak wp\u0142yn\u0105\u0107 na niekt\u00f3re funkcje dost\u0119pne na stronie internetowej Sklepu.<\/li>\n<\/ul>\n<p><strong>ROZR\u00d3\u017bNIAMY DWIE KATEGORIE PLIK\u00d3W COOKIES<\/strong><br \/>\nZ UWAGI NA CZAS \u017bYCIA COOKIES<br \/>\nPliki sta\u0142e, kt\u00f3re s\u0105 przechowywane na urz\u0105dzeniu ko\u0144cowym U\u017cytkownika przez czas okre\u015blony zawarty w parametrach pliku lub do czasu ich fizycznego usuni\u0119cia z urz\u0105dzenia ko\u0144cowego przez U\u017cytkownika Pliki sesyjne to pliki tymczasowe, kt\u00f3re s\u0105 przechowywane na urz\u0105dzeniu ko\u0144cowym U\u017cytkownika do czasu opuszczenia przez niego strony internetowej Sklepu.<\/p>\n<p>Z UWAGI NA CEL JAKIEMU S\u0141U\u017b\u0104 PLIKI COOKIES<br \/>\nPliki statystyczne kt\u00f3re s\u0142u\u017c\u0105 do zbierania anonimowych statystyk dotycz\u0105cych Sklepu Pliki cookies, kt\u00f3re s\u0142u\u017c\u0105 do zapewnienia bezpiecze\u0144stwa i poufno\u015bci danych Pliki funkcjonalne, kt\u00f3re umo\u017cliwiaj\u0105 zapami\u0119tanie preferowanych przez U\u017cytkownika funkcjonalno\u015bci Sklepu Pliki reklamowe, umo\u017cliwiaj\u0105ce dostarczanie U\u017cytkownikom tre\u015bci reklamowych bardziej dostosowanych do ich zainteresowa\u0144.<\/p>\n<p><b>PLIKI COOKIES PODMIOT\u00d3W TRZECICH<\/b><br \/>\nAdministrator wsp\u00f3\u0142pracuje z podmiotami trzecimi, w szczeg\u00f3lno\u015bci mediami spo\u0142eczno\u015bciowymi, w zakresie prowadzonej przez nie dzia\u0142alno\u015bci reklamowej. Na potrzeby tej wsp\u00f3\u0142pracy przegl\u0105darka lub inne oprogramowania zainstalowane na urz\u0105dzeniu U\u017cytkownika, zapisuje r\u00f3wnie\u017c pliki cookies pochodz\u0105ce od tych podmiot\u00f3w. Ma to na celu wy\u015bwietlanie U\u017cytkownikowi spersonalizowanej reklamy w us\u0142ugach tych podmiot\u00f3w trzecich. Podmiot trzeci b\u0119dzie m\u00f3g\u0142 bezpo\u015brednio przyporz\u0105dkowa\u0107 wizyt\u0119 w Sklepie do profilu U\u017cytkownika w jego us\u0142udze.<\/p>\n<p>W ramach dzia\u0142alno\u015bci marketingowej Administrator korzysta z us\u0142ug nast\u0119puj\u0105cych podmiot\u00f3w, kt\u00f3re stosuj\u0105 w Sklepie pliki cookies: Google LLC, Google Ireland Limited, Facebook Ireland Ltd., Facebook Inc.<\/p>\n<p>Wi\u0119cej informacji na temat plik\u00f3w cookies wspomnianych podmiot\u00f3w znajduje si\u0119 w ich politykach prywatno\u015bci. U\u017cytkownik mo\u017ce uniemo\u017cliwi\u0107 za\u0142adowanie na stronie wtyczek i ciasteczek podmiot\u00f3w trzecich m.in. korzystaj\u0105c z odpowiednich ustawie\u0144 w swojej przegl\u0105darce.<\/p>\n<p><b>PRZEKAZYWANIE DANYCH OSOBOWYCH INNYM PODMIOTOM<\/b><br \/>\nDane osobowe U\u017cytkownika przekazywane s\u0105 dostawcom us\u0142ug, z kt\u00f3rych korzysta Administrator przy prowadzeniu Sklepu. W szczeg\u00f3lno\u015bci dane osobowe mog\u0105 zosta\u0107 przekazane do operator\u00f3w p\u0142atno\u015bci (np. PayPal lub tpay.com) w celu realizacji p\u0142atno\u015bci oraz do firm kurierskich (np. UPS) w celu dostarczenia Produktu pod wskazany adres. Je\u015bli U\u017cytkownik zapisze si\u0119 na Newsletter, lub na Powiadomienie o dost\u0119pno\u015bci, adres email U\u017cytkownika i preferowana wersja j\u0119zykowa zostanie przekazana do MailChimp.<\/p>\n<p>Dane osobowe nie b\u0119d\u0105 udost\u0119pniane przez Administratora innym podmiotom, poza tymi kt\u00f3re posiadaj\u0105 odpowiedni\u0105 podstaw\u0119 prawn\u0105, w szczeg\u00f3lno\u015bci, je\u015bli dane osobowe s\u0105 niezb\u0119dne do wykonania umowy, kt\u00f3rej stron\u0105 jest U\u017cytkownik.<\/p>\n<p>&nbsp;<\/p>\n<\/div>","protected":false},"excerpt":{"rendered":"<p>&nbsp; COOKIES Administrator korzysta z plik\u00f3w cookies. Pliki cookies to dane informatyczne, kt\u00f3re przechowywane s\u0105 w urz\u0105dzeniu ko\u0144cowym U\u017cytkownika i przeznaczone s\u0105 do korzystania ze stron internetowych. Cookies zazwyczaj zawieraj\u0105 nazw\u0119 strony internetowej, z kt\u00f3rej pochodz\u0105, czas przechowywania ich na urz\u0105dzeniu ko\u0144cowym, standardowe informacje zwi\u0105zane z logowaniem, takie jak adres IP, rodzaj wyszukiwarki, j\u0119zyk, godziny&#8230;<\/p>","protected":false},"author":2,"featured_media":0,"parent":0,"menu_order":0,"comment_status":"closed","ping_status":"closed","template":"","meta":{"footnotes":""},"class_list":["post-9750","page","type-page","status-publish","hentry"],"acf":[],"_links":{"self":[{"href":"https:\/\/sztuki.waw.pl\/en\/wp-json\/wp\/v2\/pages\/9750","targetHints":{"allow":["GET"]}}],"collection":[{"href":"https:\/\/sztuki.waw.pl\/en\/wp-json\/wp\/v2\/pages"}],"about":[{"href":"https:\/\/sztuki.waw.pl\/en\/wp-json\/wp\/v2\/types\/page"}],"author":[{"embeddable":true,"href":"https:\/\/sztuki.waw.pl\/en\/wp-json\/wp\/v2\/users\/2"}],"replies":[{"embeddable":true,"href":"https:\/\/sztuki.waw.pl\/en\/wp-json\/wp\/v2\/comments?post=9750"}],"version-history":[{"count":45,"href":"https:\/\/sztuki.waw.pl\/en\/wp-json\/wp\/v2\/pages\/9750\/revisions"}],"predecessor-version":[{"id":9762,"href":"https:\/\/sztuki.waw.pl\/en\/wp-json\/wp\/v2\/pages\/9750\/revisions\/9762"}],"wp:attachment":[{"href":"https:\/\/sztuki.waw.pl\/en\/wp-json\/wp\/v2\/media?parent=9750"}],"curies":[{"name":"wp","href":"https:\/\/api.w.org\/{rel}","templated":true}]}}