{"id":10005,"date":"2024-10-15T17:26:08","date_gmt":"2024-10-15T15:26:08","guid":{"rendered":"https:\/\/sztuki.waw.pl\/?post_type=product&#038;p=10005"},"modified":"2026-02-23T21:42:47","modified_gmt":"2026-02-23T20:42:47","slug":"hortus-conclusus-monika-i-tomasz-trzupek-w-oprawie","status":"publish","type":"product","link":"https:\/\/sztuki.waw.pl\/en\/product\/hortus-conclusus-monika-i-tomasz-trzupek-w-oprawie\/","title":{"rendered":"Hortus Conclusus \/ Monika i Tomasz Trzupek \/ w oprawie"},"content":{"rendered":"<p>Monika i Tomasz Trzupek \u2013 ma\u0142\u017ce\u0144stwo malarzy. W swoich pracach interpretuj\u0105 historyczne malarstwo europejskie oraz motywy z architektury klasycznej oraz wernakularnej.<\/p>","protected":false},"excerpt":{"rendered":"<p>technika: sitodruk<br \/>\nformat: 30 x 40 cm<br \/>\nrok: 2024<br \/>\noprawa: d\u0119bowa<br \/>\nformat oprawy: 32 x 42 cm<br \/>\nedycja: 35<br \/>\nsygnowany, numerowany<\/p>\n<p>PRACA DOST\u0118PNA NA ZAM\u00d3WIENIE<\/p>\n<p>CZAS REALIZACJI OKO\u0141O 2 TYGODNI<\/p>","protected":false},"featured_media":10756,"template":"","meta":[],"product_brand":[],"product_cat":[15,97,81],"product_tag":[117,134],"class_list":{"0":"post-10005","1":"product","2":"type-product","3":"status-publish","4":"has-post-thumbnail","6":"product_cat-wszystkie","7":"product_cat-grafika","8":"product_cat-nowosci","9":"product_tag-sitodruk","10":"product_tag-trzupek","11":"product_shipping_class-m","13":"first","14":"onbackorder","15":"shipping-taxable","16":"purchasable","17":"product-type-simple"},"acf":[],"_links":{"self":[{"href":"https:\/\/sztuki.waw.pl\/en\/wp-json\/wp\/v2\/product\/10005","targetHints":{"allow":["GET"]}}],"collection":[{"href":"https:\/\/sztuki.waw.pl\/en\/wp-json\/wp\/v2\/product"}],"about":[{"href":"https:\/\/sztuki.waw.pl\/en\/wp-json\/wp\/v2\/types\/product"}],"version-history":[{"count":10,"href":"https:\/\/sztuki.waw.pl\/en\/wp-json\/wp\/v2\/product\/10005\/revisions"}],"predecessor-version":[{"id":12691,"href":"https:\/\/sztuki.waw.pl\/en\/wp-json\/wp\/v2\/product\/10005\/revisions\/12691"}],"wp:featuredmedia":[{"embeddable":true,"href":"https:\/\/sztuki.waw.pl\/en\/wp-json\/wp\/v2\/media\/10756"}],"wp:attachment":[{"href":"https:\/\/sztuki.waw.pl\/en\/wp-json\/wp\/v2\/media?parent=10005"}],"wp:term":[{"taxonomy":"product_brand","embeddable":true,"href":"https:\/\/sztuki.waw.pl\/en\/wp-json\/wp\/v2\/product_brand?post=10005"},{"taxonomy":"product_cat","embeddable":true,"href":"https:\/\/sztuki.waw.pl\/en\/wp-json\/wp\/v2\/product_cat?post=10005"},{"taxonomy":"product_tag","embeddable":true,"href":"https:\/\/sztuki.waw.pl\/en\/wp-json\/wp\/v2\/product_tag?post=10005"}],"curies":[{"name":"wp","href":"https:\/\/api.w.org\/{rel}","templated":true}]}}