{"id":10229,"date":"2024-10-30T17:45:00","date_gmt":"2024-10-30T16:45:00","guid":{"rendered":"https:\/\/sztuki.waw.pl\/?post_type=product&#038;p=10229"},"modified":"2026-02-03T14:48:22","modified_gmt":"2026-02-03T13:48:22","slug":"legenda-o-prezesie-ktory-z-krakowa-do-gdanska-z-kolegami-poplynal-marta-kopyt","status":"publish","type":"product","link":"https:\/\/sztuki.waw.pl\/en\/product\/legenda-o-prezesie-ktory-z-krakowa-do-gdanska-z-kolegami-poplynal-marta-kopyt\/","title":{"rendered":"Legenda o prezesie, kt\u00f3ry z Krakowa do Gda\u0144ska z kolegami pop\u0142yn\u0105\u0142 \/ Marta Kopyt"},"content":{"rendered":"<p>Kola\u017ce, kt\u00f3re tworzy Marta Kopyt s\u0105 zrobione tak, \u017ce w pierwszym momencie odbiorca nie wie, co z tym zdj\u0119ciem jest nie tak. Artystka stara si\u0119, \u017ceby technicznie by\u0142y posklejane bezb\u0142\u0119dnie. Dopiero na drugi rzut oka jasne jest, \u017ce sytuacja ze zdj\u0119cia nie jest mo\u017cliwa. \u017be gdyby si\u0119 da\u0142o wpu\u015bci\u0107 fotografa w czyje\u015b opowiadanie, to w\u0142a\u015bnie takie zdj\u0119cia m\u00f3g\u0142by zrobi\u0107.<\/p>","protected":false},"excerpt":{"rendered":"<p>technika: kola\u017c \/ druk pigmentowy na papierze archiwalnym<br \/>\nformat: 15 x 21 cm<br \/>\nrok: 2019<br \/>\noprawa: czarna, matowa, drewniana rama<br \/>\nformat oprawy: 25 x 31 cm<br \/>\nedycja: 20<br \/>\nsygnowana, numerowana<\/p>","protected":false},"featured_media":11266,"template":"","meta":[],"product_brand":[],"product_cat":[15,92],"product_tag":[126],"class_list":{"0":"post-10229","1":"product","2":"type-product","3":"status-publish","4":"has-post-thumbnail","6":"product_cat-wszystkie","7":"product_cat-kolaz","8":"product_tag-kopyt","9":"product_shipping_class-m","11":"first","12":"instock","13":"shipping-taxable","14":"purchasable","15":"product-type-simple"},"acf":[],"_links":{"self":[{"href":"https:\/\/sztuki.waw.pl\/en\/wp-json\/wp\/v2\/product\/10229","targetHints":{"allow":["GET"]}}],"collection":[{"href":"https:\/\/sztuki.waw.pl\/en\/wp-json\/wp\/v2\/product"}],"about":[{"href":"https:\/\/sztuki.waw.pl\/en\/wp-json\/wp\/v2\/types\/product"}],"version-history":[{"count":7,"href":"https:\/\/sztuki.waw.pl\/en\/wp-json\/wp\/v2\/product\/10229\/revisions"}],"predecessor-version":[{"id":10352,"href":"https:\/\/sztuki.waw.pl\/en\/wp-json\/wp\/v2\/product\/10229\/revisions\/10352"}],"wp:featuredmedia":[{"embeddable":true,"href":"https:\/\/sztuki.waw.pl\/en\/wp-json\/wp\/v2\/media\/11266"}],"wp:attachment":[{"href":"https:\/\/sztuki.waw.pl\/en\/wp-json\/wp\/v2\/media?parent=10229"}],"wp:term":[{"taxonomy":"product_brand","embeddable":true,"href":"https:\/\/sztuki.waw.pl\/en\/wp-json\/wp\/v2\/product_brand?post=10229"},{"taxonomy":"product_cat","embeddable":true,"href":"https:\/\/sztuki.waw.pl\/en\/wp-json\/wp\/v2\/product_cat?post=10229"},{"taxonomy":"product_tag","embeddable":true,"href":"https:\/\/sztuki.waw.pl\/en\/wp-json\/wp\/v2\/product_tag?post=10229"}],"curies":[{"name":"wp","href":"https:\/\/api.w.org\/{rel}","templated":true}]}}