{"id":10491,"date":"2024-11-28T16:00:07","date_gmt":"2024-11-28T15:00:07","guid":{"rendered":"https:\/\/sztuki.waw.pl\/?post_type=product&#038;p=10491"},"modified":"2025-08-27T15:38:23","modified_gmt":"2025-08-27T13:38:23","slug":"plakat-black-cat-eniko-eged-70x100","status":"publish","type":"product","link":"https:\/\/sztuki.waw.pl\/en\/product\/plakat-black-cat-eniko-eged-70x100\/","title":{"rendered":"plakat Black cat \/ Enik\u0151 Eged \/ 70&#215;100 cm"},"content":{"rendered":"<p>Mieszkaj\u0105ca w Budapeszcie artystka to utalentowana projektantka graficzna i ilustratorka, wykszta\u0142cona na W\u0119gierskim Uniwersytecie Sztuk Pi\u0119knych. Znana z unikalnych, intuicyjnych narracji, poszukuje prostego, nieco abstrakcyjnego j\u0119zyka graficznego, kt\u00f3ry wywo\u0142uje silne emocje i poczucie znajomo\u015bci. Z ponad 4-letnim do\u015bwiadczeniem jako projektantka wzor\u00f3w, cz\u0119sto planuje swoje prace na kilka dni wcze\u015bniej, \u0142\u0105cz\u0105c pomys\u0142y z w\u0142asnym nastrojem podczas tworzenia. Jej sztuka nie tylko polega na wizualnej reprezentacji, lecz r\u00f3wnie\u017c na uchwyceniu wyra\u017anego uczucia.<\/p>","protected":false},"excerpt":{"rendered":"<p>technika: wysokiej jako\u015bci druk na papierze 250g<br \/>\nformat: 70 x 100 cm<br \/>\nedycja: nielimitowana<br \/>\noprawa: brak oprawy<\/p>","protected":false},"featured_media":10016,"template":"","meta":[],"product_brand":[],"product_cat":[15,81,150],"product_tag":[],"class_list":{"0":"post-10491","1":"product","2":"type-product","3":"status-publish","4":"has-post-thumbnail","6":"product_cat-wszystkie","7":"product_cat-nowosci","8":"product_cat-plakat","9":"product_shipping_class-s","11":"first","12":"instock","13":"shipping-taxable","14":"purchasable","15":"product-type-simple"},"acf":[],"_links":{"self":[{"href":"https:\/\/sztuki.waw.pl\/en\/wp-json\/wp\/v2\/product\/10491","targetHints":{"allow":["GET"]}}],"collection":[{"href":"https:\/\/sztuki.waw.pl\/en\/wp-json\/wp\/v2\/product"}],"about":[{"href":"https:\/\/sztuki.waw.pl\/en\/wp-json\/wp\/v2\/types\/product"}],"version-history":[{"count":3,"href":"https:\/\/sztuki.waw.pl\/en\/wp-json\/wp\/v2\/product\/10491\/revisions"}],"predecessor-version":[{"id":10535,"href":"https:\/\/sztuki.waw.pl\/en\/wp-json\/wp\/v2\/product\/10491\/revisions\/10535"}],"wp:featuredmedia":[{"embeddable":true,"href":"https:\/\/sztuki.waw.pl\/en\/wp-json\/wp\/v2\/media\/10016"}],"wp:attachment":[{"href":"https:\/\/sztuki.waw.pl\/en\/wp-json\/wp\/v2\/media?parent=10491"}],"wp:term":[{"taxonomy":"product_brand","embeddable":true,"href":"https:\/\/sztuki.waw.pl\/en\/wp-json\/wp\/v2\/product_brand?post=10491"},{"taxonomy":"product_cat","embeddable":true,"href":"https:\/\/sztuki.waw.pl\/en\/wp-json\/wp\/v2\/product_cat?post=10491"},{"taxonomy":"product_tag","embeddable":true,"href":"https:\/\/sztuki.waw.pl\/en\/wp-json\/wp\/v2\/product_tag?post=10491"}],"curies":[{"name":"wp","href":"https:\/\/api.w.org\/{rel}","templated":true}]}}