{"id":10700,"date":"2024-12-15T20:11:58","date_gmt":"2024-12-15T19:11:58","guid":{"rendered":"https:\/\/sztuki.waw.pl\/?post_type=product&#038;p=10700"},"modified":"2025-12-02T19:53:56","modified_gmt":"2025-12-02T18:53:56","slug":"bez-tytulu-krystyna-engelmayer-urbanska-3","status":"publish","type":"product","link":"https:\/\/sztuki.waw.pl\/en\/product\/bez-tytulu-krystyna-engelmayer-urbanska-3\/","title":{"rendered":"bez tytu\u0142u \/ Krystyna Engelmayer &#8211; Urba\u0144ska"},"content":{"rendered":"<p id=\"tw-target-text\" class=\"tw-data-text tw-text-large tw-ta\" dir=\"ltr\" data-placeholder=\"T\u0142umaczenie\" data-ved=\"2ahUKEwjq2ofRt6qKAxWbLBAIHdgaESMQ3ewLegQICRAU\" aria-label=\"Przet\u0142umaczony tekst: Jestem grafikiem i ilustratorem mieszkaj\u0105cym w Warszawie. Projektuj\u0119 plakaty i publikacje, a w ilustracji skupiam si\u0119 na kola\u017cu. Wsp\u00f3\u0142pracuj\u0119 z organizacjami non-profit takimi jak Fundacja Dajemy Dzieciom Si\u0142\u0119, Fundacja Edukacyjna Romana Czerneckiego (fundacja EFC), sexed.pl, Centrum Praw Kobiet, Feminoteka, Aborcyjny Dream Team, Stowarzyszenie Inicjatyw Tw\u00f3rczych \u201e\u0119\u201d (Towarzystwo inicjatyw tw\u00f3rczych \u0118), Fundacja Polskie Forum Migracyjne (PFM) oraz instytucje \u2013 m.in. Muzeum Sztuki Nowoczesnej w Warszawie, Pa\u0144stwowe Muzeum Etnograficzne w Warszawie, Polski Komitet Olimpijski, Stowarzyszenie Sztuka Nowa. Od 2018 roku jestem zwi\u0105zana z magazynem Zwyk\u0142e \u017bycie jako grafik i ilustrator, projektuj\u0105c makiety i ilustruj\u0105c artyku\u0142y.\">Krystyna jest grafikiem i ilustratorem mieszkaj\u0105cym w Warszawie. Projektuje plakaty i publikacje, a w ilustracji skupia si\u0119 na kola\u017cu. Wsp\u00f3\u0142pracuje z organizacjami non-profit takimi jak Fundacja Dajemy Dzieciom Si\u0142\u0119, Fundacja Edukacyjna Romana Czerneckiego (fundacja EFC), sexed.pl, Centrum Praw Kobiet, Feminoteka, Aborcyjny Dream Team, Stowarzyszenie Inicjatyw Tw\u00f3rczych \u201e\u0119\u201d (Towarzystwo inicjatyw tw\u00f3rczych \u0118), Fundacja Polskie Forum Migracyjne (PFM) oraz instytucje \u2013 m.in. Muzeum Sztuki Nowoczesnej w Warszawie, Pa\u0144stwowe Muzeum Etnograficzne w Warszawie, Polski Komitet Olimpijski, Stowarzyszenie Sztuka Nowa. Od 2018 roku jest zwi\u0105zana z magazynem Zwyk\u0142e \u017bycie jako grafik i ilustrator, projektuj\u0105c makiety i ilustruj\u0105c artyku\u0142y.<\/p>","protected":false},"excerpt":{"rendered":"<p>technika: kola\u017c z papieru<br \/>\nformat: 30 x 20 cm<br \/>\nyear: 2023<br \/>\noprawa: drewniana rama<br \/>\nsigned<\/p>","protected":false},"featured_media":10704,"template":"","meta":[],"product_brand":[],"product_cat":[15,92],"product_tag":[255],"class_list":{"0":"post-10700","1":"product","2":"type-product","3":"status-publish","4":"has-post-thumbnail","6":"product_cat-wszystkie","7":"product_cat-kolaz","8":"product_tag-engelmayer-urbanska","9":"product_shipping_class-s","11":"first","12":"instock","13":"shipping-taxable","14":"purchasable","15":"product-type-simple"},"acf":[],"_links":{"self":[{"href":"https:\/\/sztuki.waw.pl\/en\/wp-json\/wp\/v2\/product\/10700","targetHints":{"allow":["GET"]}}],"collection":[{"href":"https:\/\/sztuki.waw.pl\/en\/wp-json\/wp\/v2\/product"}],"about":[{"href":"https:\/\/sztuki.waw.pl\/en\/wp-json\/wp\/v2\/types\/product"}],"version-history":[{"count":1,"href":"https:\/\/sztuki.waw.pl\/en\/wp-json\/wp\/v2\/product\/10700\/revisions"}],"predecessor-version":[{"id":10708,"href":"https:\/\/sztuki.waw.pl\/en\/wp-json\/wp\/v2\/product\/10700\/revisions\/10708"}],"wp:featuredmedia":[{"embeddable":true,"href":"https:\/\/sztuki.waw.pl\/en\/wp-json\/wp\/v2\/media\/10704"}],"wp:attachment":[{"href":"https:\/\/sztuki.waw.pl\/en\/wp-json\/wp\/v2\/media?parent=10700"}],"wp:term":[{"taxonomy":"product_brand","embeddable":true,"href":"https:\/\/sztuki.waw.pl\/en\/wp-json\/wp\/v2\/product_brand?post=10700"},{"taxonomy":"product_cat","embeddable":true,"href":"https:\/\/sztuki.waw.pl\/en\/wp-json\/wp\/v2\/product_cat?post=10700"},{"taxonomy":"product_tag","embeddable":true,"href":"https:\/\/sztuki.waw.pl\/en\/wp-json\/wp\/v2\/product_tag?post=10700"}],"curies":[{"name":"wp","href":"https:\/\/api.w.org\/{rel}","templated":true}]}}