{"id":10785,"date":"2025-01-12T13:59:00","date_gmt":"2025-01-12T12:59:00","guid":{"rendered":"https:\/\/sztuki.waw.pl\/?post_type=product&#038;p=10785"},"modified":"2025-05-07T14:26:03","modified_gmt":"2025-05-07T12:26:03","slug":"bez-tytulu-kamila-szpunar-5","status":"publish","type":"product","link":"https:\/\/sztuki.waw.pl\/en\/product\/bez-tytulu-kamila-szpunar-5\/","title":{"rendered":"untitled \/ Kamila Szpunar"},"content":{"rendered":"<div class=\"woocommerce-tabs wc-tabs-wrapper\">\n<div id=\"tab-description\" class=\"woocommerce-Tabs-panel woocommerce-Tabs-panel--description panel entry-content wc-tab\" role=\"tabpanel\" aria-labelledby=\"tab-title-description\">\n<p>kamila szpunar \u2013 artist, furniture designer, graduate of the department of design at the Academy of Fine Arts in Warsaw and the National College of Art and Design in Dublin. on a daily basis, she is involved in designing furniture and interior fittings for industrial and small-series production. her studio is a space where design thinking translates into products, objects on the border of abstraction, and paintings.<\/p>\n<\/div>\n<\/div>\n<section class=\"up-sells upsells products\"><\/section>\n<p>Plakaty s\u0105 w formacie 50&#215;50, wysokiej jako\u015bci druk na papierze 240 gr, edycja jest limitowana, numerowana i podpisana przez artystk\u0119. Przygotowali\u015bmy tylko po 30 szt. z ka\u017cdego plakatu.<\/p>","protected":false},"excerpt":{"rendered":"<p>druk na\u00a0papierze Pergraphica Rough Natural 240g<br \/>\nformat: 50&#215;50 cm<br \/>\nedycja: 30<br \/>\nrok: 2024<br \/>\nnumerowany i sygnowany<br \/>\noprawa: brak<\/p>","protected":false},"featured_media":10794,"template":"","meta":[],"product_brand":[],"product_cat":[15,97,81],"product_tag":[231],"class_list":{"0":"post-10785","1":"product","2":"type-product","3":"status-publish","4":"has-post-thumbnail","6":"product_cat-wszystkie","7":"product_cat-grafika","8":"product_cat-nowosci","9":"product_tag-szpunarkamila","10":"product_shipping_class-s","12":"first","13":"outofstock","14":"shipping-taxable","15":"purchasable","16":"product-type-simple"},"acf":[],"_links":{"self":[{"href":"https:\/\/sztuki.waw.pl\/en\/wp-json\/wp\/v2\/product\/10785","targetHints":{"allow":["GET"]}}],"collection":[{"href":"https:\/\/sztuki.waw.pl\/en\/wp-json\/wp\/v2\/product"}],"about":[{"href":"https:\/\/sztuki.waw.pl\/en\/wp-json\/wp\/v2\/types\/product"}],"version-history":[{"count":3,"href":"https:\/\/sztuki.waw.pl\/en\/wp-json\/wp\/v2\/product\/10785\/revisions"}],"predecessor-version":[{"id":11260,"href":"https:\/\/sztuki.waw.pl\/en\/wp-json\/wp\/v2\/product\/10785\/revisions\/11260"}],"wp:featuredmedia":[{"embeddable":true,"href":"https:\/\/sztuki.waw.pl\/en\/wp-json\/wp\/v2\/media\/10794"}],"wp:attachment":[{"href":"https:\/\/sztuki.waw.pl\/en\/wp-json\/wp\/v2\/media?parent=10785"}],"wp:term":[{"taxonomy":"product_brand","embeddable":true,"href":"https:\/\/sztuki.waw.pl\/en\/wp-json\/wp\/v2\/product_brand?post=10785"},{"taxonomy":"product_cat","embeddable":true,"href":"https:\/\/sztuki.waw.pl\/en\/wp-json\/wp\/v2\/product_cat?post=10785"},{"taxonomy":"product_tag","embeddable":true,"href":"https:\/\/sztuki.waw.pl\/en\/wp-json\/wp\/v2\/product_tag?post=10785"}],"curies":[{"name":"wp","href":"https:\/\/api.w.org\/{rel}","templated":true}]}}