{"id":10809,"date":"2025-01-12T14:49:54","date_gmt":"2025-01-12T13:49:54","guid":{"rendered":"https:\/\/sztuki.waw.pl\/?post_type=product&#038;p=10809"},"modified":"2025-01-12T16:52:56","modified_gmt":"2025-01-12T15:52:56","slug":"lazise-ola-niepsuj","status":"publish","type":"product","link":"https:\/\/sztuki.waw.pl\/en\/product\/lazise-ola-niepsuj\/","title":{"rendered":"Lazise \/ Ola Niepsuj"},"content":{"rendered":"<div class=\"woocommerce-tabs wc-tabs-wrapper\">\n<div id=\"tab-description\" class=\"woocommerce-Tabs-panel woocommerce-Tabs-panel--description panel entry-content wc-tab\" role=\"tabpanel\" aria-labelledby=\"tab-title-description\">\n<p>Ola Niepsuj to uznana na ca\u0142ym \u015bwiecie i wielokrotnie nagradzana projektantka graficzna, ilustratorka i dyrektor artystyczna. Jej prace \u0142\u0105cz\u0105 \u015bwiat komercyjny i sztuk pi\u0119knych. Jej tw\u00f3rczo\u015b\u0107 by\u0142a publikowana przez fantastyczne magazyny, marki, instytucje i wydawnictwa, m. in. Muzeum Narodowe w Warszawie, New York Times, Nike, Centre Pompidou, Taschen, Ikea.<\/p>\n<\/div>\n<\/div>","protected":false},"excerpt":{"rendered":"<p>gwasz na papierze<br \/>\nformat: 30&#215;40 cm<br \/>\nsigned<br \/>\nrok: 2024<br \/>\noprawa: naturalne drewno<br \/>\nformat oprawy: 32&#215;42 cm<\/p>","protected":false},"featured_media":10811,"template":"","meta":[],"product_brand":[],"product_cat":[15,97,81],"product_tag":[256],"class_list":{"0":"post-10809","1":"product","2":"type-product","3":"status-publish","4":"has-post-thumbnail","6":"product_cat-wszystkie","7":"product_cat-grafika","8":"product_cat-nowosci","9":"product_tag-niepsuj","10":"product_shipping_class-m","12":"first","13":"outofstock","14":"shipping-taxable","15":"purchasable","16":"product-type-simple"},"acf":[],"_links":{"self":[{"href":"https:\/\/sztuki.waw.pl\/en\/wp-json\/wp\/v2\/product\/10809","targetHints":{"allow":["GET"]}}],"collection":[{"href":"https:\/\/sztuki.waw.pl\/en\/wp-json\/wp\/v2\/product"}],"about":[{"href":"https:\/\/sztuki.waw.pl\/en\/wp-json\/wp\/v2\/types\/product"}],"version-history":[{"count":1,"href":"https:\/\/sztuki.waw.pl\/en\/wp-json\/wp\/v2\/product\/10809\/revisions"}],"predecessor-version":[{"id":10810,"href":"https:\/\/sztuki.waw.pl\/en\/wp-json\/wp\/v2\/product\/10809\/revisions\/10810"}],"wp:featuredmedia":[{"embeddable":true,"href":"https:\/\/sztuki.waw.pl\/en\/wp-json\/wp\/v2\/media\/10811"}],"wp:attachment":[{"href":"https:\/\/sztuki.waw.pl\/en\/wp-json\/wp\/v2\/media?parent=10809"}],"wp:term":[{"taxonomy":"product_brand","embeddable":true,"href":"https:\/\/sztuki.waw.pl\/en\/wp-json\/wp\/v2\/product_brand?post=10809"},{"taxonomy":"product_cat","embeddable":true,"href":"https:\/\/sztuki.waw.pl\/en\/wp-json\/wp\/v2\/product_cat?post=10809"},{"taxonomy":"product_tag","embeddable":true,"href":"https:\/\/sztuki.waw.pl\/en\/wp-json\/wp\/v2\/product_tag?post=10809"}],"curies":[{"name":"wp","href":"https:\/\/api.w.org\/{rel}","templated":true}]}}