{"id":11031,"date":"2025-02-01T17:40:49","date_gmt":"2025-02-01T16:40:49","guid":{"rendered":"https:\/\/sztuki.waw.pl\/?post_type=product&#038;p=11031"},"modified":"2025-02-02T15:05:59","modified_gmt":"2025-02-02T14:05:59","slug":"palm-springs-pion-studio-50x37cm","status":"publish","type":"product","link":"https:\/\/sztuki.waw.pl\/en\/product\/palm-springs-pion-studio-50x37cm\/","title":{"rendered":"Palm Springs \/ Pion Studio \/ 50x37cm"},"content":{"rendered":"<div>PION Studio to pracownia fotograficzna i wideo, za\u0142o\u017cona przez Basi\u0119 Kuligowsk\u0105 i Przemys\u0142awa Niecieckiego w 2014 roku. Specjalizuj\u0105 si\u0119 w szerokim zakresie temat\u00f3w, takich jak wn\u0119trza, architektura, martwa natura, krajobraz oraz lifestyle. Z niezwyk\u0142\u0105 uwag\u0105 do detali i \u015bwiat\u0142a, ich prace zyskuj\u0105 uznanie w bran\u017cach hotelarskiej, turystycznej, projektowania wn\u0119trz oraz przemys\u0142u meblowego. PION Studio tworzy wizualne opowie\u015bci, kt\u00f3re wyr\u00f3\u017cniaj\u0105 si\u0119 precyzyjno\u015bci\u0105 i estetyk\u0105. Ich fotografie i filmy s\u0105 pe\u0142ne subtelnych, ale wyrazistych detali, kt\u00f3re przyci\u0105gaj\u0105 uwag\u0119 i zapraszaj\u0105 do odkrywania nowych perspektyw.<\/div>","protected":false},"excerpt":{"rendered":"<p>technika: fotografia analogowa \/ druk pigmentowy na papierze archiwalnym hahnemuhle photo rag baryta 315g<br \/>\nformat: 50&#215;37\u00a0cm<br \/>\nyear: 2023<br \/>\nedycja: 20<br \/>\nsygnowana, numerowana<\/p>","protected":false},"featured_media":11046,"template":"","meta":[],"product_brand":[],"product_cat":[15,96,81],"product_tag":[160],"class_list":{"0":"post-11031","1":"product","2":"type-product","3":"status-publish","4":"has-post-thumbnail","6":"product_cat-wszystkie","7":"product_cat-fotografia","8":"product_cat-nowosci","9":"product_tag-pion","10":"product_shipping_class-m","12":"first","13":"instock","14":"shipping-taxable","15":"purchasable","16":"product-type-simple"},"acf":[],"_links":{"self":[{"href":"https:\/\/sztuki.waw.pl\/en\/wp-json\/wp\/v2\/product\/11031","targetHints":{"allow":["GET"]}}],"collection":[{"href":"https:\/\/sztuki.waw.pl\/en\/wp-json\/wp\/v2\/product"}],"about":[{"href":"https:\/\/sztuki.waw.pl\/en\/wp-json\/wp\/v2\/types\/product"}],"version-history":[{"count":2,"href":"https:\/\/sztuki.waw.pl\/en\/wp-json\/wp\/v2\/product\/11031\/revisions"}],"predecessor-version":[{"id":11090,"href":"https:\/\/sztuki.waw.pl\/en\/wp-json\/wp\/v2\/product\/11031\/revisions\/11090"}],"wp:featuredmedia":[{"embeddable":true,"href":"https:\/\/sztuki.waw.pl\/en\/wp-json\/wp\/v2\/media\/11046"}],"wp:attachment":[{"href":"https:\/\/sztuki.waw.pl\/en\/wp-json\/wp\/v2\/media?parent=11031"}],"wp:term":[{"taxonomy":"product_brand","embeddable":true,"href":"https:\/\/sztuki.waw.pl\/en\/wp-json\/wp\/v2\/product_brand?post=11031"},{"taxonomy":"product_cat","embeddable":true,"href":"https:\/\/sztuki.waw.pl\/en\/wp-json\/wp\/v2\/product_cat?post=11031"},{"taxonomy":"product_tag","embeddable":true,"href":"https:\/\/sztuki.waw.pl\/en\/wp-json\/wp\/v2\/product_tag?post=11031"}],"curies":[{"name":"wp","href":"https:\/\/api.w.org\/{rel}","templated":true}]}}