{"id":2940,"date":"2020-05-06T18:37:33","date_gmt":"2020-05-06T16:37:33","guid":{"rendered":"https:\/\/sztuki.waw.pl\/sklep\/?post_type=product&#038;p=2940"},"modified":"2023-10-11T22:13:20","modified_gmt":"2023-10-11T20:13:20","slug":"warszawa-gutta-blazej-pindor","status":"publish","type":"product","link":"https:\/\/sztuki.waw.pl\/en\/product\/warszawa-gutta-blazej-pindor\/","title":{"rendered":"Warszawa Gutta \/ B\u0142a\u017cej Pindor"},"content":{"rendered":"<p>\u201eWarszawa Gutta\u201d to pierw\u00adsze albumowe wydaw\u00adnic\u00adtwo po\u015bwi\u0119cone tw\u00f3rczo\u015bci Romualda Gutta \u2013 jed\u00adnego z najwa\u017cniejszych pol\u00adskich architekt\u00f3w XX wieku, prekur\u00adsora architek\u00adtury organicz\u00adnej, autora charak\u00adterystycz\u00adnych budynk\u00f3w z szarej ceg\u0142y, gmach\u00f3w u\u017cyteczno\u015bci publicz\u00adnej i budynk\u00f3w miesz\u00adkal\u00adnych. Zdecydowana wi\u0119kszo\u015b\u0107 realizacji Gutta powsta\u0142a w War\u00adszawie, wsp\u00f3\u0142tworz\u0105c od lat 1920. nowy, moder\u00adnistyczny kszta\u0142t stolicy. Dzie\u0142a te inspirowa\u0142y i inspiruj\u0105 kolejne pokolenia architekt\u00f3w.<\/p>\n<p>Ksi\u0105\u017cka zachowuj\u0105c charak\u00adter monografii jest przede wszyst\u00adkim oryginaln\u0105, wizualn\u0105 interpretacj\u0105 architek\u00adtury Gutta. Jej g\u0142\u00f3wn\u0105 cz\u0119\u015b\u0107 stanowi wyj\u0105tkowy cykl fotograficzny B\u0142a\u017ceja Pin\u00addora, kt\u00f3ry ma zarazem dokumen\u00adtalny i artystyczny charak\u00adter. Zdj\u0119cia ukazuj\u0105 architektur\u0119 z wielu nieoczywistych per\u00adspek\u00adtyw, w detalach i we wsp\u00f3\u0142czesnym kontek\u015bcie miej\u00adskim. Fotografia jest tu narz\u0119dziem s\u0142u\u017c\u0105cym drobiazgowej rekon\u00adstruk\u00adcji j\u0119zyka architek\u00adtonicz\u00adnego Romualda Gutta i krytycz\u00adnej analizie \u017cycia architek\u00adtury moder\u00adnistycz\u00adnej w zmieniaj\u0105cych si\u0119 warun\u00adkach spo\u0142eczno-ekonomicznych.<\/p>\n<p>Cz\u0119\u015b\u0107 albumow\u0105 uzupe\u0142niaj\u0105 teksty prak\u00adtyk\u00f3w i historyk\u00f3w architek\u00adtury i fotografii: Anny Dybczy\u0144skiej-Bu\u0142yszko, \u0141ukasza Gor\u00adczycy i Boles\u0142awa Stelmacha.<\/p>\n<p>\u201eWarszawa Gutta\u201d to sz\u00f3sty tom w serii wydaw\u00adniczej Fun\u00addacji Raster dedykowanej moder\u00adnistycz\u00adnemu dziedzic\u00adtwu stolicy. Jak poprzed\u00adnie publikacje, \u0142\u0105czy on oryginaln\u0105 tre\u015b\u0107 z pieczo\u0142owito\u015bci\u0105 i szlachetno\u015bci\u0105 formy edytorskiej.<\/p>","protected":false},"excerpt":{"rendered":"<p>autor: B\u0142a\u017cej Pindor<br \/>\ntyp ok\u0142adki: twarda<br \/>\nwymiary: 21 x 30 cm<br \/>\nilo\u015b\u0107 stron: 192<br \/>\nwydawnictwo: Fundacja Raster<br \/>\ndata wydania: 2018<br \/>\nISBN: 978-83-946849-7-6<\/p>","protected":false},"featured_media":3309,"template":"","meta":[],"product_brand":[],"product_cat":[15,100],"product_tag":[102,110],"class_list":{"0":"post-2940","1":"product","2":"type-product","3":"status-publish","4":"has-post-thumbnail","6":"product_cat-wszystkie","7":"product_cat-albumy_ksiazki","8":"product_tag-raster","9":"product_tag-warszawa","10":"product_shipping_class-s","12":"first","13":"outofstock","14":"shipping-taxable","15":"purchasable","16":"product-type-simple"},"acf":[],"_links":{"self":[{"href":"https:\/\/sztuki.waw.pl\/en\/wp-json\/wp\/v2\/product\/2940","targetHints":{"allow":["GET"]}}],"collection":[{"href":"https:\/\/sztuki.waw.pl\/en\/wp-json\/wp\/v2\/product"}],"about":[{"href":"https:\/\/sztuki.waw.pl\/en\/wp-json\/wp\/v2\/types\/product"}],"version-history":[{"count":1,"href":"https:\/\/sztuki.waw.pl\/en\/wp-json\/wp\/v2\/product\/2940\/revisions"}],"predecessor-version":[{"id":3117,"href":"https:\/\/sztuki.waw.pl\/en\/wp-json\/wp\/v2\/product\/2940\/revisions\/3117"}],"wp:featuredmedia":[{"embeddable":true,"href":"https:\/\/sztuki.waw.pl\/en\/wp-json\/wp\/v2\/media\/3309"}],"wp:attachment":[{"href":"https:\/\/sztuki.waw.pl\/en\/wp-json\/wp\/v2\/media?parent=2940"}],"wp:term":[{"taxonomy":"product_brand","embeddable":true,"href":"https:\/\/sztuki.waw.pl\/en\/wp-json\/wp\/v2\/product_brand?post=2940"},{"taxonomy":"product_cat","embeddable":true,"href":"https:\/\/sztuki.waw.pl\/en\/wp-json\/wp\/v2\/product_cat?post=2940"},{"taxonomy":"product_tag","embeddable":true,"href":"https:\/\/sztuki.waw.pl\/en\/wp-json\/wp\/v2\/product_tag?post=2940"}],"curies":[{"name":"wp","href":"https:\/\/api.w.org\/{rel}","templated":true}]}}