{"id":2953,"date":"2020-05-06T18:52:10","date_gmt":"2020-05-06T18:52:10","guid":{"rendered":"https:\/\/sztuki.waw.pl\/sklep\/?post_type=product&#038;p=2953"},"modified":"2025-12-17T10:30:16","modified_gmt":"2025-12-17T09:30:16","slug":"jan-dziaczkowski-kolaze","status":"publish","type":"product","link":"https:\/\/sztuki.waw.pl\/en\/product\/jan-dziaczkowski-kolaze\/","title":{"rendered":"Jan Dziaczkowski. Kola\u017ce"},"content":{"rendered":"<p>Jan Dziaczkowski urodzi\u0142 si\u0119 w 1983 roku w Warszawie. W 2007 roku uko\u0144czy\u0142 studia na Wydziale Malarstwa warszawskiej Akademii Sztuk Pi\u0119knych. Malarz, fotograf, rysownik i tw\u00f3rca kola\u017cy \u2013 w ci\u0105gu zaledwie kilku lat da\u0142 si\u0119 pozna\u0107 jako jeden z najbardziej utalentowanych m\u0142odych polskich tw\u00f3rc\u00f3w. Zgin\u0105\u0142 we wrze\u015bniu 2011 roku podczas wspinaczki w Tatrach.<\/p>\n<p>Kola\u017ce, obok ilustracji i malarstwa, zajmowa\u0142y szczeg\u00f3lne miejsce w tw\u00f3rczo\u015bci Jana Dziaczkowskiego. \u0141\u0105czy\u0142y w sobie oryginalno\u015b\u0107, precyzj\u0119 wykonania i humor, co zjedna\u0142o im rzesz\u0119 wielbicieli, tak po stronie kolekcjoner\u00f3w, jak i widz\u00f3w wystaw, w ramach kt\u00f3rych by\u0142y prezentowane.<\/p>\n<p>Album zawiera 148 reprodukcji w ramach najwa\u017cniejszych cykli, m. in.: Keine Grenze, Japanese Monster Movies, G\u00f3ry dla Warszawy czy Sztuka polska XX wieku. Autorami tekst\u00f3w s\u0105 uznani mi\u0119dzynarodowi krytycy Jan Verwoert i Brian Dillon oraz zwi\u0105zany z CSW Zamek Ujazdowski kurator Stach Szab\u0142owski. Tw\u00f3rc\u0105 projektu graficznego tej eleganckiej, wielkoformatowej publikacji jest Witold Siemaszkiewicz, legenda polskiego projektowania, a autorem koncepcji wydawnictwa Karol Hordziej z Fundacji Sztuk Wizualnych.<\/p>\n<p>Autorzy tekst\u00f3w: Jan Verwoert jest krytykiem sztuki, redaktorem i publicyst\u0105 \u201eFrieze Magazine\u201d, wyk\u0142adowc\u0105 Piet Zwart Institute w Rotterdamie. Jest autorem ksi\u0105\u017cek: Tell Me What You Want, What You Really, Really Want (2010), Cookie! (2014) oraz, wsp\u00f3lnie z Michaelem Stevensonem, Animal Spirits \u2013 Fables in the Parlance of Our Time (2013). Mieszka i pracuje w Berlinie.<\/p>\n<p>Brian Dillon jest pisarzem i krytykiem. Wyda\u0142 m.in. Sanctuary (2011), I Am Sitting in a Room (2012) i Objects in This Mirror (2013). Jest redaktorem brytyjskiego wydania magazynu \u201eCabinet\u201d, uczy krytycznego pisania w Royal College of Art. Mieszka w Canterbury.<\/p>\n<p>Stach Szab\u0142owski jest kuratorem, krytykiem sztuki i publicyst\u0105. Ma w swoim dorobku ponad 50 wystaw i projekt\u00f3w kuratorskich. Publikuje teksty w katalogach wystaw, wydawnictwach o sztuce oraz w prasie g\u0142\u00f3wnego nurtu. Od pocz\u0105tku XXI wieku pozostaje zwi\u0105zany z Centrum Sztuki Wsp\u00f3\u0142czesnej Zamek Ujazdowski. Mieszka i pracuje w Warszawie.<\/p>","protected":false},"excerpt":{"rendered":"<p>redakcja: Karol Hordziej<br \/>\ntyp ok\u0142adki: twarda<br \/>\nwymiary: 20,9 x 27,2 cm<br \/>\nilo\u015b\u0107 stron: 272<br \/>\nwydawnictwo: Fundacja Sztuk Wizualnych<br \/>\ndata wydania: 2018<br \/>\nj\u0119zyk wydania: polski<br \/>\nISBN: 978-83-62978-34-2<\/p>","protected":false},"featured_media":3397,"template":"","meta":[],"product_brand":[],"product_cat":[15,100],"product_tag":[119],"class_list":{"0":"post-2953","1":"product","2":"type-product","3":"status-publish","4":"has-post-thumbnail","6":"product_cat-wszystkie","7":"product_cat-albumy_ksiazki","8":"product_tag-dziaczkowski","9":"product_shipping_class-s","11":"first","12":"outofstock","13":"shipping-taxable","14":"purchasable","15":"product-type-simple"},"acf":[],"_links":{"self":[{"href":"https:\/\/sztuki.waw.pl\/en\/wp-json\/wp\/v2\/product\/2953","targetHints":{"allow":["GET"]}}],"collection":[{"href":"https:\/\/sztuki.waw.pl\/en\/wp-json\/wp\/v2\/product"}],"about":[{"href":"https:\/\/sztuki.waw.pl\/en\/wp-json\/wp\/v2\/types\/product"}],"version-history":[{"count":7,"href":"https:\/\/sztuki.waw.pl\/en\/wp-json\/wp\/v2\/product\/2953\/revisions"}],"predecessor-version":[{"id":5157,"href":"https:\/\/sztuki.waw.pl\/en\/wp-json\/wp\/v2\/product\/2953\/revisions\/5157"}],"wp:featuredmedia":[{"embeddable":true,"href":"https:\/\/sztuki.waw.pl\/en\/wp-json\/wp\/v2\/media\/3397"}],"wp:attachment":[{"href":"https:\/\/sztuki.waw.pl\/en\/wp-json\/wp\/v2\/media?parent=2953"}],"wp:term":[{"taxonomy":"product_brand","embeddable":true,"href":"https:\/\/sztuki.waw.pl\/en\/wp-json\/wp\/v2\/product_brand?post=2953"},{"taxonomy":"product_cat","embeddable":true,"href":"https:\/\/sztuki.waw.pl\/en\/wp-json\/wp\/v2\/product_cat?post=2953"},{"taxonomy":"product_tag","embeddable":true,"href":"https:\/\/sztuki.waw.pl\/en\/wp-json\/wp\/v2\/product_tag?post=2953"}],"curies":[{"name":"wp","href":"https:\/\/api.w.org\/{rel}","templated":true}]}}