{"id":3096,"date":"2020-05-09T17:05:16","date_gmt":"2020-05-09T15:05:16","guid":{"rendered":"https:\/\/sztuki.waw.pl\/sklep\/?post_type=product&#038;p=3096"},"modified":"2023-07-19T14:50:49","modified_gmt":"2023-07-19T12:50:49","slug":"milosc-maria-mroz-w-oprawie","status":"publish","type":"product","link":"https:\/\/sztuki.waw.pl\/en\/product\/milosc-maria-mroz-w-oprawie\/","title":{"rendered":"Mi\u0142o\u015b\u0107 \/ Maria Mr\u00f3z \/ w oprawie"},"content":{"rendered":"<p>&nbsp;   <\/p>","protected":false},"excerpt":{"rendered":"<p>technika: kola\u017c \/ druk pigmentowy na papierze archiwalnym<br \/>\nformat: 20 x 30 cm<br \/>\nrok: 2020<br \/>\noprawa: szara, drewniana rama z szarym passe-partout<br \/>\nformat oprawy: 30 x 40 cm<br \/>\nedycja: 15 + 1AP<br \/>\nsygnowany, numerowany<\/p>","protected":false},"featured_media":3989,"template":"","meta":[],"product_brand":[],"product_cat":[15,92],"product_tag":[116],"class_list":{"0":"post-3096","1":"product","2":"type-product","3":"status-publish","4":"has-post-thumbnail","6":"product_cat-wszystkie","7":"product_cat-kolaz","8":"product_tag-mroz","9":"product_shipping_class-m","11":"first","12":"instock","13":"shipping-taxable","14":"purchasable","15":"product-type-simple"},"acf":[],"_links":{"self":[{"href":"https:\/\/sztuki.waw.pl\/en\/wp-json\/wp\/v2\/product\/3096","targetHints":{"allow":["GET"]}}],"collection":[{"href":"https:\/\/sztuki.waw.pl\/en\/wp-json\/wp\/v2\/product"}],"about":[{"href":"https:\/\/sztuki.waw.pl\/en\/wp-json\/wp\/v2\/types\/product"}],"version-history":[{"count":8,"href":"https:\/\/sztuki.waw.pl\/en\/wp-json\/wp\/v2\/product\/3096\/revisions"}],"predecessor-version":[{"id":3992,"href":"https:\/\/sztuki.waw.pl\/en\/wp-json\/wp\/v2\/product\/3096\/revisions\/3992"}],"wp:featuredmedia":[{"embeddable":true,"href":"https:\/\/sztuki.waw.pl\/en\/wp-json\/wp\/v2\/media\/3989"}],"wp:attachment":[{"href":"https:\/\/sztuki.waw.pl\/en\/wp-json\/wp\/v2\/media?parent=3096"}],"wp:term":[{"taxonomy":"product_brand","embeddable":true,"href":"https:\/\/sztuki.waw.pl\/en\/wp-json\/wp\/v2\/product_brand?post=3096"},{"taxonomy":"product_cat","embeddable":true,"href":"https:\/\/sztuki.waw.pl\/en\/wp-json\/wp\/v2\/product_cat?post=3096"},{"taxonomy":"product_tag","embeddable":true,"href":"https:\/\/sztuki.waw.pl\/en\/wp-json\/wp\/v2\/product_tag?post=3096"}],"curies":[{"name":"wp","href":"https:\/\/api.w.org\/{rel}","templated":true}]}}