{"id":3109,"date":"2020-05-09T17:15:00","date_gmt":"2020-05-09T15:15:00","guid":{"rendered":"https:\/\/sztuki.waw.pl\/sklep\/?post_type=product&#038;p=3109"},"modified":"2023-07-19T14:51:22","modified_gmt":"2023-07-19T12:51:22","slug":"milosc-maria-mroz","status":"publish","type":"product","link":"https:\/\/sztuki.waw.pl\/en\/product\/milosc-maria-mroz\/","title":{"rendered":"Mi\u0142o\u015b\u0107 \/ Maria Mr\u00f3z"},"content":{"rendered":"<p>&nbsp;<\/p>","protected":false},"excerpt":{"rendered":"<p>technika: kola\u017c \/ druk pigmentowy na papierze archiwalnym<br \/>\nformat: 20 x 30 cm<br \/>\nrok: 2020<br \/>\noprawa: brak<br \/>\nedycja: 15 + 1AP<br \/>\nsygnowany, numerowany<\/p>","protected":false},"featured_media":3978,"template":"","meta":[],"product_brand":[],"product_cat":[15,92],"product_tag":[116],"class_list":{"0":"post-3109","1":"product","2":"type-product","3":"status-publish","4":"has-post-thumbnail","6":"product_cat-wszystkie","7":"product_cat-kolaz","8":"product_tag-mroz","9":"product_shipping_class-s","11":"first","12":"instock","13":"shipping-taxable","14":"purchasable","15":"product-type-simple"},"acf":[],"_links":{"self":[{"href":"https:\/\/sztuki.waw.pl\/en\/wp-json\/wp\/v2\/product\/3109","targetHints":{"allow":["GET"]}}],"collection":[{"href":"https:\/\/sztuki.waw.pl\/en\/wp-json\/wp\/v2\/product"}],"about":[{"href":"https:\/\/sztuki.waw.pl\/en\/wp-json\/wp\/v2\/types\/product"}],"version-history":[{"count":5,"href":"https:\/\/sztuki.waw.pl\/en\/wp-json\/wp\/v2\/product\/3109\/revisions"}],"predecessor-version":[{"id":8676,"href":"https:\/\/sztuki.waw.pl\/en\/wp-json\/wp\/v2\/product\/3109\/revisions\/8676"}],"wp:featuredmedia":[{"embeddable":true,"href":"https:\/\/sztuki.waw.pl\/en\/wp-json\/wp\/v2\/media\/3978"}],"wp:attachment":[{"href":"https:\/\/sztuki.waw.pl\/en\/wp-json\/wp\/v2\/media?parent=3109"}],"wp:term":[{"taxonomy":"product_brand","embeddable":true,"href":"https:\/\/sztuki.waw.pl\/en\/wp-json\/wp\/v2\/product_brand?post=3109"},{"taxonomy":"product_cat","embeddable":true,"href":"https:\/\/sztuki.waw.pl\/en\/wp-json\/wp\/v2\/product_cat?post=3109"},{"taxonomy":"product_tag","embeddable":true,"href":"https:\/\/sztuki.waw.pl\/en\/wp-json\/wp\/v2\/product_tag?post=3109"}],"curies":[{"name":"wp","href":"https:\/\/api.w.org\/{rel}","templated":true}]}}