{"id":3346,"date":"2020-05-10T21:08:48","date_gmt":"2020-05-10T19:08:48","guid":{"rendered":"https:\/\/sztuki.waw.pl\/sklep\/?post_type=product&#038;p=3346"},"modified":"2026-04-07T22:04:11","modified_gmt":"2026-04-07T20:04:11","slug":"rafal-bujnowski-polityka-obrazow-twarda","status":"publish","type":"product","link":"https:\/\/sztuki.waw.pl\/en\/product\/rafal-bujnowski-polityka-obrazow-twarda\/","title":{"rendered":"Rafa\u0142 Bujnowski. Polityka obraz\u00f3w. twarda oprawa"},"content":{"rendered":"<p>Ksi\u0105\u017ck\u0119 otwiera \u201eAutoportret\u201d namalowany w 2004 roku, kt\u00f3rego zdj\u0119cie pos\u0142u\u017cy\u0142o arty\u015bcie jako oficjalna fotografia pasz\u00adpor\u00adtowa do\u0142\u0105czona do wniosku o wiz\u0119 ameryka\u0144sk\u0105. Ta jedna z naj\u00adbar\u00addziej znanych prac Buj\u00adnow\u00adskiego ukazuje wyj\u0105tkowo\u015b\u0107 jego malar\u00adstwa, kt\u00f3re \u0142\u0105czy w sobie wyrafinowane efekty for\u00admalne i niepokoj\u0105c\u0105, nieoboj\u0119tn\u0105 politycz\u00adnie\u00a0aur\u0119. O pracach Buj\u00adnow\u00adskiego na \u0142amach ksi\u0105\u017cki wypowiadaj\u0105 si\u0119 m.in. Christian Boros, Adam Budak, Marek Krajew\u00adski, Marcin Maciejow\u00adski, Lynda Morris, Joanna Myt\u00adkow\u00adska, Maria Anna Potocka. Monika Szewczyk. Album ukazuje si\u0119 w dw\u00f3ch wer\u00adsjach j\u0119zykowych \u2013 pol\u00adskiej i angiel\u00adskiej \u2013 oraz dw\u00f3ch rodzajach oprawy: mi\u0119kkiej (z trzema r\u00f3\u017cnymi wer\u00adsjami ok\u0142adki) i twardej. Publikacja dofinan\u00adsowana ze \u015brodk\u00f3w\u00a0Ministra Kul\u00adtury i Dziedzic\u00adtwa Narodowego<\/p>","protected":false},"excerpt":{"rendered":"<p>pe\u0142ny tytu\u0142: Monografia Rafa\u0142a Bujnowskiego. Polityka Obraz\u00f3w. Wybrane prace z lat 1999-2013<br \/>\nkoncepcja i uk\u0142ad ksi\u0105\u017cki: \u0141ukasz Gorczyca i Micha\u0142 Kaczy\u0144ski<br \/>\ntyp ok\u0142adki: twarda<br \/>\nwymiary: 22,5 x 30 cm<br \/>\nilo\u015b\u0107 stron: 232<br \/>\nwydawnictwo: Fundacja Raster<br \/>\ndata wydania: 2013<br \/>\nj\u0119zyk wydania: polski<br \/>\nISBN: 978-83-938244-7-2<\/p>","protected":false},"featured_media":4044,"template":"","meta":[],"product_brand":[],"product_cat":[15,100],"product_tag":[112,102],"class_list":{"0":"post-3346","1":"product","2":"type-product","3":"status-publish","4":"has-post-thumbnail","6":"product_cat-wszystkie","7":"product_cat-albumy_ksiazki","8":"product_tag-bujnowski","9":"product_tag-raster","10":"product_shipping_class-s","12":"first","13":"outofstock","14":"shipping-taxable","15":"purchasable","16":"product-type-simple"},"acf":[],"_links":{"self":[{"href":"https:\/\/sztuki.waw.pl\/en\/wp-json\/wp\/v2\/product\/3346","targetHints":{"allow":["GET"]}}],"collection":[{"href":"https:\/\/sztuki.waw.pl\/en\/wp-json\/wp\/v2\/product"}],"about":[{"href":"https:\/\/sztuki.waw.pl\/en\/wp-json\/wp\/v2\/types\/product"}],"version-history":[{"count":4,"href":"https:\/\/sztuki.waw.pl\/en\/wp-json\/wp\/v2\/product\/3346\/revisions"}],"predecessor-version":[{"id":9915,"href":"https:\/\/sztuki.waw.pl\/en\/wp-json\/wp\/v2\/product\/3346\/revisions\/9915"}],"wp:featuredmedia":[{"embeddable":true,"href":"https:\/\/sztuki.waw.pl\/en\/wp-json\/wp\/v2\/media\/4044"}],"wp:attachment":[{"href":"https:\/\/sztuki.waw.pl\/en\/wp-json\/wp\/v2\/media?parent=3346"}],"wp:term":[{"taxonomy":"product_brand","embeddable":true,"href":"https:\/\/sztuki.waw.pl\/en\/wp-json\/wp\/v2\/product_brand?post=3346"},{"taxonomy":"product_cat","embeddable":true,"href":"https:\/\/sztuki.waw.pl\/en\/wp-json\/wp\/v2\/product_cat?post=3346"},{"taxonomy":"product_tag","embeddable":true,"href":"https:\/\/sztuki.waw.pl\/en\/wp-json\/wp\/v2\/product_tag?post=3346"}],"curies":[{"name":"wp","href":"https:\/\/api.w.org\/{rel}","templated":true}]}}