{"id":3372,"date":"2020-05-11T06:18:29","date_gmt":"2020-05-11T04:18:29","guid":{"rendered":"https:\/\/sztuki.waw.pl\/sklep\/?post_type=product&#038;p=3372"},"modified":"2025-11-25T16:01:36","modified_gmt":"2025-11-25T15:01:36","slug":"zima-w-warszawie-maria-mroz","status":"publish","type":"product","link":"https:\/\/sztuki.waw.pl\/en\/product\/zima-w-warszawie-maria-mroz\/","title":{"rendered":"Zima w Warszawie \/ Maria Mr\u00f3z"},"content":{"rendered":"<p><span style=\"font-weight: 400;\">Autorka zestawia ze sob\u0105 zdj\u0119cia z r\u00f3\u017cnych kontekst\u00f3w, miejsc i czasu. Tutaj sklei\u0142a razem wspomnienie odwiedzanego w dzieci\u0144stwie Pasa\u017cu Wiecha &#8211; samego serca stolicy oraz lod\u00f3w artktycznych, kt\u00f3re chcia\u0142aby kiedy\u015b zobaczy\u0107. Praca w nienachalny spos\u00f3b odnosi si\u0119 do zmian klimatycznych i pokazuje \u015bwiat kt\u00f3ry nigdy nie istnia\u0142 ale te\u017c ju\u017c nie b\u0119dzie m\u00f3g\u0142 zaistnie\u0107.<\/span><\/p>","protected":false},"excerpt":{"rendered":"<p>technika: kola\u017c \/ druk pigmentowy na papierze archiwalnym<br \/>\nformat: 10 x 15 cm<br \/>\nrok: 2018<br \/>\noprawa: brak<br \/>\nedycja: 20 + 1AP<br \/>\nsygnowany, numerowany<\/p>","protected":false},"featured_media":3995,"template":"","meta":[],"product_brand":[],"product_cat":[15,92],"product_tag":[116,110],"class_list":{"0":"post-3372","1":"product","2":"type-product","3":"status-publish","4":"has-post-thumbnail","6":"product_cat-wszystkie","7":"product_cat-kolaz","8":"product_tag-mroz","9":"product_tag-warszawa","10":"product_shipping_class-s","12":"first","13":"instock","14":"shipping-taxable","15":"purchasable","16":"product-type-simple"},"acf":[],"_links":{"self":[{"href":"https:\/\/sztuki.waw.pl\/en\/wp-json\/wp\/v2\/product\/3372","targetHints":{"allow":["GET"]}}],"collection":[{"href":"https:\/\/sztuki.waw.pl\/en\/wp-json\/wp\/v2\/product"}],"about":[{"href":"https:\/\/sztuki.waw.pl\/en\/wp-json\/wp\/v2\/types\/product"}],"version-history":[{"count":4,"href":"https:\/\/sztuki.waw.pl\/en\/wp-json\/wp\/v2\/product\/3372\/revisions"}],"predecessor-version":[{"id":8791,"href":"https:\/\/sztuki.waw.pl\/en\/wp-json\/wp\/v2\/product\/3372\/revisions\/8791"}],"wp:featuredmedia":[{"embeddable":true,"href":"https:\/\/sztuki.waw.pl\/en\/wp-json\/wp\/v2\/media\/3995"}],"wp:attachment":[{"href":"https:\/\/sztuki.waw.pl\/en\/wp-json\/wp\/v2\/media?parent=3372"}],"wp:term":[{"taxonomy":"product_brand","embeddable":true,"href":"https:\/\/sztuki.waw.pl\/en\/wp-json\/wp\/v2\/product_brand?post=3372"},{"taxonomy":"product_cat","embeddable":true,"href":"https:\/\/sztuki.waw.pl\/en\/wp-json\/wp\/v2\/product_cat?post=3372"},{"taxonomy":"product_tag","embeddable":true,"href":"https:\/\/sztuki.waw.pl\/en\/wp-json\/wp\/v2\/product_tag?post=3372"}],"curies":[{"name":"wp","href":"https:\/\/api.w.org\/{rel}","templated":true}]}}