{"id":3463,"date":"2020-05-23T17:08:03","date_gmt":"2020-05-23T15:08:03","guid":{"rendered":"https:\/\/sztuki.waw.pl\/sklep\/?post_type=product&#038;p=3463"},"modified":"2025-11-18T14:01:27","modified_gmt":"2025-11-18T13:01:27","slug":"witkacy-w-ogrodzie-rozkoszy-jan-dziaczkowski-w-oprawie","status":"publish","type":"product","link":"https:\/\/sztuki.waw.pl\/en\/product\/witkacy-w-ogrodzie-rozkoszy-jan-dziaczkowski-w-oprawie\/","title":{"rendered":"Witkacy w ogrodzie rozkoszy \/ Jan Dziaczkowski \/ w oprawie"},"content":{"rendered":"<p>Jan Dziaczkowski by\u0142 jednym z najzdolniejszych artyst\u00f3w m\u0142odego pokolenia. Malarz, fotograf, ilustrator i tw\u00f3rca kola\u017cy. Urodzi\u0142 si\u0119 w 1983 roku w Warszawie. W 2007 roku uko\u0144czy\u0142 studia na Wydziale Malarstwa warszawskiej Akademii Sztuk Pi\u0119knych w pracowni profesora Krzysztofa Wachowiaka. Wsp\u00f3\u0142pracowa\u0142 z prowadzon\u0105 przez Fundacj\u0119 Sztuk Wizualnych, Galeri\u0105 ZPAF i S-ka w Krakowie. Bra\u0142 udzia\u0142 w licznych wystawach w kraju i zagranic\u0105, m. in.: Keine Grenze \u2013 Galeria ZPAF i S-ka, Krak\u00f3w (2008) i Laurence Miller Gallery, Nowy Jork \/ USA (2010), Modernizaci\u00f3n, Cuenca \/ Hiszpania (2010). Zgin\u0105\u0142 tragicznie w Tatrach we wrze\u015bniu 2011 roku.<\/p>","protected":false},"excerpt":{"rendered":"<p>technika: druk offsetowy na papierze Munken Print White 1.5 150 g<br \/>\nformat: 59 x 87 cm<br \/>\noprawa: d\u0119bowa, surowa rama<br \/>\nedycja: 300<br \/>\nnumerowana<br \/>\nstemplowana przez Fundacj\u0119 Sztuk Wizualnych<\/p>","protected":false},"featured_media":4165,"template":"","meta":[],"product_brand":[],"product_cat":[15,92,150],"product_tag":[119],"class_list":{"0":"post-3463","1":"product","2":"type-product","3":"status-publish","4":"has-post-thumbnail","6":"product_cat-wszystkie","7":"product_cat-kolaz","8":"product_cat-plakat","9":"product_tag-dziaczkowski","10":"product_shipping_class-s","12":"first","13":"outofstock","14":"shipping-taxable","15":"purchasable","16":"product-type-simple"},"acf":[],"_links":{"self":[{"href":"https:\/\/sztuki.waw.pl\/en\/wp-json\/wp\/v2\/product\/3463","targetHints":{"allow":["GET"]}}],"collection":[{"href":"https:\/\/sztuki.waw.pl\/en\/wp-json\/wp\/v2\/product"}],"about":[{"href":"https:\/\/sztuki.waw.pl\/en\/wp-json\/wp\/v2\/types\/product"}],"version-history":[{"count":7,"href":"https:\/\/sztuki.waw.pl\/en\/wp-json\/wp\/v2\/product\/3463\/revisions"}],"predecessor-version":[{"id":12157,"href":"https:\/\/sztuki.waw.pl\/en\/wp-json\/wp\/v2\/product\/3463\/revisions\/12157"}],"wp:featuredmedia":[{"embeddable":true,"href":"https:\/\/sztuki.waw.pl\/en\/wp-json\/wp\/v2\/media\/4165"}],"wp:attachment":[{"href":"https:\/\/sztuki.waw.pl\/en\/wp-json\/wp\/v2\/media?parent=3463"}],"wp:term":[{"taxonomy":"product_brand","embeddable":true,"href":"https:\/\/sztuki.waw.pl\/en\/wp-json\/wp\/v2\/product_brand?post=3463"},{"taxonomy":"product_cat","embeddable":true,"href":"https:\/\/sztuki.waw.pl\/en\/wp-json\/wp\/v2\/product_cat?post=3463"},{"taxonomy":"product_tag","embeddable":true,"href":"https:\/\/sztuki.waw.pl\/en\/wp-json\/wp\/v2\/product_tag?post=3463"}],"curies":[{"name":"wp","href":"https:\/\/api.w.org\/{rel}","templated":true}]}}