{"id":3497,"date":"2020-05-24T18:58:36","date_gmt":"2020-05-24T16:58:36","guid":{"rendered":"https:\/\/sztuki.waw.pl\/sklep\/?post_type=product&#038;p=3497"},"modified":"2025-11-14T13:02:31","modified_gmt":"2025-11-14T12:02:31","slug":"bez-tytulu-maria-ciszewska-02","status":"publish","type":"product","link":"https:\/\/sztuki.waw.pl\/en\/product\/bez-tytulu-maria-ciszewska-02\/","title":{"rendered":"bez tytu\u0142u \/ Maria Ciszewska"},"content":{"rendered":"<p>Maria Ciszewska jest niezale\u017cn\u0105 wizualn\u0105 narratork\u0105 i aktywistk\u0105. Pracuje mi\u0119dzy rzeczywisto\u015bci\u0105 a fantazj\u0105, wnikaj\u0105c w normy spo\u0142eczno-kulturowe. Artystka tworzy r\u00f3\u017cne przedstawienia kobiecej formy oraz bada granice tabu i ikon. Obecnie jest na czwartym, dyplomowym roku studi\u00f3w fotograficznych na The Royal Academy of Art w Hadze.<\/p>\n<div>Seria \u201eMold&#8221; powsta\u0142a w 2017 roku, w pierwszym niezale\u017cnym, \u201edoros\u0142ym&#8221; mieszkaniu artystki, w Holandii.<\/div>\n<div>Abstrakcyjna forma rosy okiennej, mo\u017ce by\u0107 t\u0119sknot\u0105 za tym co jest jeszcze nieznane. A mo\u017ce poczt\u00f3wk\u0105 z przesz\u0142o\u015bci.<\/div>\n<div>Czym jest na pewno, to wilgoci\u0105 powstaj\u0105c\u0105 przez ple\u015b\u0144 i rozrastaj\u0105cego si\u0119 grzyba w kuchni. Ostatecznie b\u0119d\u0105c jednym z powod\u00f3w wyprowadzki, daje okno na \u015bwiat.<\/div>","protected":false},"excerpt":{"rendered":"<p>technika: fotografia \/ druk pigmentowy na papierze archiwalnym<br \/>\nformat: 15 x 20 cm<br \/>\nrok: 2018<br \/>\noprawa: drewniana rama<br \/>\nedycja: 15 + 2AP \/ sygnowana, numerowana<\/p>","protected":false},"featured_media":3830,"template":"","meta":[],"product_brand":[],"product_cat":[15,96],"product_tag":[123],"class_list":{"0":"post-3497","1":"product","2":"type-product","3":"status-publish","4":"has-post-thumbnail","6":"product_cat-wszystkie","7":"product_cat-fotografia","8":"product_tag-ciszewska","9":"product_shipping_class-m","11":"first","12":"instock","13":"shipping-taxable","14":"purchasable","15":"product-type-simple"},"acf":[],"_links":{"self":[{"href":"https:\/\/sztuki.waw.pl\/en\/wp-json\/wp\/v2\/product\/3497","targetHints":{"allow":["GET"]}}],"collection":[{"href":"https:\/\/sztuki.waw.pl\/en\/wp-json\/wp\/v2\/product"}],"about":[{"href":"https:\/\/sztuki.waw.pl\/en\/wp-json\/wp\/v2\/types\/product"}],"version-history":[{"count":14,"href":"https:\/\/sztuki.waw.pl\/en\/wp-json\/wp\/v2\/product\/3497\/revisions"}],"predecessor-version":[{"id":11898,"href":"https:\/\/sztuki.waw.pl\/en\/wp-json\/wp\/v2\/product\/3497\/revisions\/11898"}],"wp:featuredmedia":[{"embeddable":true,"href":"https:\/\/sztuki.waw.pl\/en\/wp-json\/wp\/v2\/media\/3830"}],"wp:attachment":[{"href":"https:\/\/sztuki.waw.pl\/en\/wp-json\/wp\/v2\/media?parent=3497"}],"wp:term":[{"taxonomy":"product_brand","embeddable":true,"href":"https:\/\/sztuki.waw.pl\/en\/wp-json\/wp\/v2\/product_brand?post=3497"},{"taxonomy":"product_cat","embeddable":true,"href":"https:\/\/sztuki.waw.pl\/en\/wp-json\/wp\/v2\/product_cat?post=3497"},{"taxonomy":"product_tag","embeddable":true,"href":"https:\/\/sztuki.waw.pl\/en\/wp-json\/wp\/v2\/product_tag?post=3497"}],"curies":[{"name":"wp","href":"https:\/\/api.w.org\/{rel}","templated":true}]}}