{"id":3554,"date":"2020-05-31T11:30:06","date_gmt":"2020-05-31T09:30:06","guid":{"rendered":"https:\/\/sztuki.waw.pl\/sklep\/?post_type=product&#038;p=3554"},"modified":"2024-10-07T11:46:49","modified_gmt":"2024-10-07T09:46:49","slug":"bez-tytulu-magdalena-karpinska-w-oprawie","status":"publish","type":"product","link":"https:\/\/sztuki.waw.pl\/en\/product\/bez-tytulu-magdalena-karpinska-w-oprawie\/","title":{"rendered":"bez tytu\u0142u \/ Magdalena Karpi\u0144ska \/ w oprawie"},"content":{"rendered":"<p>Praca w edycji, kt\u00f3r\u0105 mo\u017cna zobaczy\u0107 w Sztukach jest inspirowana motywem wst\u0119gi w malarstwie renesansowym. Na wst\u0119gach, czy namalowanych iluzjonistycznie tkaninach pojawiaj\u0105 si\u0119 w historii sztuki komunikaty, podpisy czy wypowiedzi. Magdalena Karpi\u0144ska lubi patrze\u0107 na sztuk\u0119 XIV czy XV wieku jak na historyczny komiks.<\/p>\n<p>Magdalena Karpi\u0144ska jest malark\u0105. Od jakiego\u015b czasu opr\u00f3cz p\u0142\u00f3cien i papier\u00f3w wykorzystuje r\u00f3wnie\u017c tkaniny (g\u0142\u00f3wnie jedwab) i konstruuje kompozycje malarskie w przestrzeni. Interesuje j\u0105 przyroda jako no\u015bnik emocji, symboliki, religii i polityki. Cze\u0328stym zabiegiem, kt\u00f3ry stosuje, jest konstruowanie obrazu r\u00f3wnomiernie jako kompozycji i zagadki wizualnej. Karpin\u0301ska w swej pracy duz\u0307a\u0328 uwage\u0328 pos\u0301wie\u0328ca formie \u2013 na p\u0142\u00f3tnie i na papierze pracuje w technice tempery z\u0307\u00f3\u0142tkowej, konstruuja\u0328c obrazy warstwami, tak, z\u0307e inaczej wygla\u0328daja\u0328 one w r\u00f3z\u0307nym s\u0301wietle, maja\u0328 swoja\u0328 g\u0142e\u0328bie\u0328, sa\u0328 przeznaczone do d\u0142uz\u0307szego ogla\u0328dania. Absolwentka wydzia\u0142u malarstwa warszawskiej Akademii Sztuk Pi\u0119knych, stypendystka Ministra Kultury i Dziedzictwa Narodowego, laureatka nagrody w konkursie Gepperta, autorka wystaw indywidualnych i uczestniczka wielu zbiorowych. Entuzjastka pracy interdyscyplinarnej, jej prace publikowane by\u0142y w takich magazynach jak Wysokie Obcasy, K MAG, Visegrad Insight, czy KUKBUK, a tak\u017ce na ok\u0142adkach p\u0142yt i plakatach.<\/p>\n<p>Wybrane wystawy: Nadmiar palc\u00f3w (Polana Institute, Warszawa 2018), Oko (Galeria Starter, Warszawa, 2015), Procedures for the head (Kunsthalle Bratislava, Bratys\u0142awa, 2015), Sunrise (Galeria Starter, Warszawa, 2014), Trwa\u0142e rzeczy (CSW Zamek Ujazdowski, Warszawa, 2012), Nie tak strzyz\u0307ono szpalery (Galeria Czarna, Warszawa, 2011).<\/p>","protected":false},"excerpt":{"rendered":"<p>technika: tempera \u017c\u00f3\u0142tkowa na papierze \/ druk pigmentowy na papierze archiwalnym<br \/>\nformat: 30 x 40 cm<br \/>\nrok: 2018<br \/>\noprawa: czarna, drewniana rama<br \/>\nformat oprawy: 40 x 50 cm<br \/>\nedycja: 15 + AP<br \/>\nsygnowana, numerowana<br \/>\ngaleria: Polana Institute<\/p>","protected":false},"featured_media":3755,"template":"","meta":[],"product_brand":[],"product_cat":[15,97,91],"product_tag":[125],"class_list":{"0":"post-3554","1":"product","2":"type-product","3":"status-publish","4":"has-post-thumbnail","6":"product_cat-wszystkie","7":"product_cat-grafika","8":"product_cat-malarstwo","9":"product_tag-karpinska","10":"product_shipping_class-m","12":"first","13":"outofstock","14":"shipping-taxable","15":"purchasable","16":"product-type-simple"},"acf":[],"_links":{"self":[{"href":"https:\/\/sztuki.waw.pl\/en\/wp-json\/wp\/v2\/product\/3554","targetHints":{"allow":["GET"]}}],"collection":[{"href":"https:\/\/sztuki.waw.pl\/en\/wp-json\/wp\/v2\/product"}],"about":[{"href":"https:\/\/sztuki.waw.pl\/en\/wp-json\/wp\/v2\/types\/product"}],"version-history":[{"count":3,"href":"https:\/\/sztuki.waw.pl\/en\/wp-json\/wp\/v2\/product\/3554\/revisions"}],"predecessor-version":[{"id":5914,"href":"https:\/\/sztuki.waw.pl\/en\/wp-json\/wp\/v2\/product\/3554\/revisions\/5914"}],"wp:featuredmedia":[{"embeddable":true,"href":"https:\/\/sztuki.waw.pl\/en\/wp-json\/wp\/v2\/media\/3755"}],"wp:attachment":[{"href":"https:\/\/sztuki.waw.pl\/en\/wp-json\/wp\/v2\/media?parent=3554"}],"wp:term":[{"taxonomy":"product_brand","embeddable":true,"href":"https:\/\/sztuki.waw.pl\/en\/wp-json\/wp\/v2\/product_brand?post=3554"},{"taxonomy":"product_cat","embeddable":true,"href":"https:\/\/sztuki.waw.pl\/en\/wp-json\/wp\/v2\/product_cat?post=3554"},{"taxonomy":"product_tag","embeddable":true,"href":"https:\/\/sztuki.waw.pl\/en\/wp-json\/wp\/v2\/product_tag?post=3554"}],"curies":[{"name":"wp","href":"https:\/\/api.w.org\/{rel}","templated":true}]}}