{"id":3963,"date":"2020-06-19T15:04:40","date_gmt":"2020-06-19T15:04:40","guid":{"rendered":"https:\/\/sztuki.waw.pl\/sklep\/?post_type=product&#038;p=3963"},"modified":"2025-10-24T15:52:15","modified_gmt":"2025-10-24T13:52:15","slug":"obrobka-kamieni-szlachetnych-kaja-gadomska-03","status":"publish","type":"product","link":"https:\/\/sztuki.waw.pl\/en\/product\/obrobka-kamieni-szlachetnych-kaja-gadomska-03\/","title":{"rendered":"Obro\u0301bka kamieni szlachetnych \/ Kaja Gadomska"},"content":{"rendered":"<p>Kola\u017ce s\u0105 tworzone przez artystk\u0119 z w\u0142asnor\u0119cznie wykonanego papieru marmurkowego. Kaja Redkie traktuje powsta\u0142e na nim wzory jako odpowiednik naturalnie powstaj\u0105cego kryszta\u0142u o nieregularnym kszta\u0142cie. Po\u0142\u0105czenie r\u00f3\u017cnych kawa\u0142k\u00f3w podobnych papier\u00f3w sprawia wra\u017cenie jednej powierzchni dookre\u015blonej szlifem jubilerskim.<\/p>\n<p>Kaja Gadomska &#8211; absolwentka wydzia\u0142u grafiki Akademii Sztuk Pi\u0119knych w Warszawie. Zajmuje si\u0119 malarstwem i sztukami wizualnymi. W jej tw\u00f3rczo\u015bci kluczowe s\u0105 kolory i kszta\u0142ty oraz to jak wp\u0142ywaj\u0105 one na proces widzenia i ogl\u0105dania. Mieszka i pracuje w Warszawie. Jej prace mo\u017cna obejrze\u0107 w galerii Leto w Warszawie.<\/p>\n<p>&nbsp;<\/p>","protected":false},"excerpt":{"rendered":"<p>technika: kola\u017c, papier marmurkowy<br \/>\nformat: 20 x 20 cm<br \/>\nrok: 2019<br \/>\noprawa: czarna, metalowa rama<br \/>\nsigned<br \/>\ngaleria Leto<\/p>","protected":false},"featured_media":3952,"template":"","meta":[],"product_brand":[],"product_cat":[15,92],"product_tag":[266],"class_list":{"0":"post-3963","1":"product","2":"type-product","3":"status-publish","4":"has-post-thumbnail","6":"product_cat-wszystkie","7":"product_cat-kolaz","8":"product_tag-gadomska","9":"product_shipping_class-s","11":"first","12":"instock","13":"sold-individually","14":"shipping-taxable","15":"purchasable","16":"product-type-simple"},"acf":[],"_links":{"self":[{"href":"https:\/\/sztuki.waw.pl\/en\/wp-json\/wp\/v2\/product\/3963","targetHints":{"allow":["GET"]}}],"collection":[{"href":"https:\/\/sztuki.waw.pl\/en\/wp-json\/wp\/v2\/product"}],"about":[{"href":"https:\/\/sztuki.waw.pl\/en\/wp-json\/wp\/v2\/types\/product"}],"version-history":[{"count":5,"href":"https:\/\/sztuki.waw.pl\/en\/wp-json\/wp\/v2\/product\/3963\/revisions"}],"predecessor-version":[{"id":12088,"href":"https:\/\/sztuki.waw.pl\/en\/wp-json\/wp\/v2\/product\/3963\/revisions\/12088"}],"wp:featuredmedia":[{"embeddable":true,"href":"https:\/\/sztuki.waw.pl\/en\/wp-json\/wp\/v2\/media\/3952"}],"wp:attachment":[{"href":"https:\/\/sztuki.waw.pl\/en\/wp-json\/wp\/v2\/media?parent=3963"}],"wp:term":[{"taxonomy":"product_brand","embeddable":true,"href":"https:\/\/sztuki.waw.pl\/en\/wp-json\/wp\/v2\/product_brand?post=3963"},{"taxonomy":"product_cat","embeddable":true,"href":"https:\/\/sztuki.waw.pl\/en\/wp-json\/wp\/v2\/product_cat?post=3963"},{"taxonomy":"product_tag","embeddable":true,"href":"https:\/\/sztuki.waw.pl\/en\/wp-json\/wp\/v2\/product_tag?post=3963"}],"curies":[{"name":"wp","href":"https:\/\/api.w.org\/{rel}","templated":true}]}}