{"id":4170,"date":"2020-06-23T14:45:30","date_gmt":"2020-06-23T14:45:30","guid":{"rendered":"https:\/\/sztuki.waw.pl\/?post_type=product&#038;p=4170"},"modified":"2023-03-08T18:20:54","modified_gmt":"2023-03-08T17:20:54","slug":"jsjk-1-cepinski-jerzy","status":"publish","type":"product","link":"https:\/\/sztuki.waw.pl\/en\/product\/jsjk-1-cepinski-jerzy\/","title":{"rendered":"JSJK 1 \/ Cepi\u0144ski Jerzy"},"content":{"rendered":"<p>Jerzy Cepi\u0144ski, wierny w\u0142asnemu, doskonalonemu od lat j\u0119zykowi malarskiemu, zwykle podkre\u015bla, \u017ce najbardziej istotne s\u0105 formalne aspekty jego pracy. Dynamika i uk\u0142ad linii, faktura grubo k\u0142adzionej farby, gra \u015bwiat\u0142a i cienia na akrylowym reliefie. Malarska robota. Wszystko to, zamkni\u0119te w w\u0105skiej palecie barw, zwykle w odcieniach bieli, mo\u017ce sprawia\u0107 wra\u017cenie, \u017ce mamy do czynienia z artyst\u0105 zdystansowanym, z malarstwem ch\u0142odnym i sterylnym. Pi\u0119knym, cho\u0107 w tym pi\u0119knie nieco zamkni\u0119tym.<\/p>\n<p>Twr\u00f3rczo\u015b\u0107 Jerzego Cepi\u0144skiego ma pozaformalny, kontemplatywny charakter. Jego obrazy s\u0105 \u017ar\u00f3d\u0142em refleksji nad procesem tw\u00f3rczym rozumianym jako czas \u017cycia artysty, ale tak\u017ce zaproszeniem do medytacji nad procesem powstawania konkretnego dzie\u0142a. Rysunek reliefowych linii sta\u0142 si\u0119 niczym rowkowana powierzchnia gramofonowej p\u0142yty, kt\u00f3ra w materialnym aspekcie jest bezpo\u015brednim zapisem czasu i nadaj\u0105cego mu kszta\u0142t gestu, ale w swej dynamice i zr\u00f3\u017cnicowaniu, staje si\u0119 swoist\u0105 rejestracj\u0105 stan\u00f3w emocjonalnych, my\u015bli i nastroj\u00f3w, jakie towarzyszy\u0142y arty\u015bcie w czasie pracy. Pracy niemal benedykty\u0144skiej, gdy\u017c trzeba wiedzie\u0107, \u017ce potrzeba tygodni, nieraz miesi\u0119cy, by pozornie tylko mechanicznymi poci\u0105gni\u0119ciami p\u0119dzla, a w\u0142a\u015bciwie p\u0119dzelka, zape\u0142ni\u0107 pust\u0105 powierzchni\u0119 p\u0142\u00f3tna g\u0119stym reliefem. Nak\u0142adana liniami akrylowa farba, zasychaj\u0105c, tworzy niepowtarzalny uk\u0142ad sp\u0119ka\u0144, rozsypuje si\u0119 na kosteczki, minuta po minucie, centymetr po centymetrze wype\u0142niaj\u0105ce p\u0142aszczyzn\u0119 obrazu i czas \u017cycia jego tw\u00f3rcy.<\/p>\n<p>Czy odczytywanie takiego zapisu ma sens? Czy jest w og\u00f3le mo\u017cliwe? Czy mo\u017cna traktowa\u0107 prace Cepi\u0144skiego jako co\u015b wi\u0119cej ni\u017c gr\u0119 z form\u0105? Chocia\u017c dotychczas artysta nie u\u0142atwia\u0142 nam tego zadania &#8211; s\u0105dz\u0119, \u017ce tak. Tytu\u0142y wcze\u015bniejszych obraz\u00f3w, w postaci zrozumia\u0142ego jedynie dla autora kodu, symbolicznie broni\u0142y dost\u0119pu do \u015bwiata jego wewn\u0119trznych prze\u017cy\u0107, emocji, do inspiracji i tw\u00f3rczych podniet, powo\u0142uj\u0105cych do \u017cycia jego sztuk\u0119.<\/p>","protected":false},"excerpt":{"rendered":"<p>technique: Acrylic on canvas<br \/>\nformat: 60 x 60 cm<br \/>\nrok: 2020<br \/>\noprawa: szara, drewniana rama<br \/>\nformat oprawy: 64 x 64 cm<\/p>","protected":false},"featured_media":4177,"template":"","meta":[],"product_brand":[],"product_cat":[15,91],"product_tag":[141],"class_list":{"0":"post-4170","1":"product","2":"type-product","3":"status-publish","4":"has-post-thumbnail","6":"product_cat-wszystkie","7":"product_cat-malarstwo","8":"product_tag-cepinski","9":"product_shipping_class-l","11":"first","12":"outofstock","13":"sold-individually","14":"shipping-taxable","15":"product-type-simple"},"acf":[],"_links":{"self":[{"href":"https:\/\/sztuki.waw.pl\/en\/wp-json\/wp\/v2\/product\/4170","targetHints":{"allow":["GET"]}}],"collection":[{"href":"https:\/\/sztuki.waw.pl\/en\/wp-json\/wp\/v2\/product"}],"about":[{"href":"https:\/\/sztuki.waw.pl\/en\/wp-json\/wp\/v2\/types\/product"}],"version-history":[{"count":2,"href":"https:\/\/sztuki.waw.pl\/en\/wp-json\/wp\/v2\/product\/4170\/revisions"}],"predecessor-version":[{"id":4176,"href":"https:\/\/sztuki.waw.pl\/en\/wp-json\/wp\/v2\/product\/4170\/revisions\/4176"}],"wp:featuredmedia":[{"embeddable":true,"href":"https:\/\/sztuki.waw.pl\/en\/wp-json\/wp\/v2\/media\/4177"}],"wp:attachment":[{"href":"https:\/\/sztuki.waw.pl\/en\/wp-json\/wp\/v2\/media?parent=4170"}],"wp:term":[{"taxonomy":"product_brand","embeddable":true,"href":"https:\/\/sztuki.waw.pl\/en\/wp-json\/wp\/v2\/product_brand?post=4170"},{"taxonomy":"product_cat","embeddable":true,"href":"https:\/\/sztuki.waw.pl\/en\/wp-json\/wp\/v2\/product_cat?post=4170"},{"taxonomy":"product_tag","embeddable":true,"href":"https:\/\/sztuki.waw.pl\/en\/wp-json\/wp\/v2\/product_tag?post=4170"}],"curies":[{"name":"wp","href":"https:\/\/api.w.org\/{rel}","templated":true}]}}