{"id":4502,"date":"2020-09-29T19:16:41","date_gmt":"2020-09-29T19:16:41","guid":{"rendered":"https:\/\/sztuki.waw.pl\/?post_type=product&#038;p=4502"},"modified":"2023-09-05T16:16:25","modified_gmt":"2023-09-05T14:16:25","slug":"karta-podarunkowa-500-zl","status":"publish","type":"product","link":"https:\/\/sztuki.waw.pl\/en\/product\/karta-podarunkowa-500-zl\/","title":{"rendered":"karta podarunkowa \/ 500 z\u0142"},"content":{"rendered":"<p>Karta podarunkowa o warto\u015bci 500 z\u0142 do wykorzystania w sklepie stacjonarnym lub online. Karta zostanie wys\u0142ana mailem wraz z kodem, kt\u00f3ry uprawnia do zni\u017cki. Karta jest wa\u017cna przez rok. Je\u017celi zakup przekroczy kwot\u0119 karty, mo\u017cna uzupe\u0142ni\u0107 zakup innymi formami p\u0142atno\u015bci. Je\u017celi chcia\u0142by\u015b\/chcia\u0142by\u015b kupi\u0107 kart\u0119 na inn\u0105 kwot\u0119, prosimy wys\u0142anie maila na adres sklep@sztuki.waw.pl. Przygotujemy kart\u0119 specjalnie dla Ciebie. Je\u017celi chcia\u0142aby\u015b\/chcia\u0142by\u015b kupi\u0107 fizyczn\u0105 kart\u0119 (na przyk\u0142ad na prezent), mo\u017cemy j\u0105 wydrukowa\u0107. B\u0119dzie dost\u0119pna do odebrania w sklepie przy ul. Chmielnej 12 lub wy\u015blemy j\u0105 pod wskazany adres.<\/p>","protected":false},"excerpt":{"rendered":"<p>&nbsp;<\/p>","protected":false},"featured_media":4511,"template":"","meta":[],"product_brand":[],"product_cat":[15,151],"product_tag":[],"class_list":{"0":"post-4502","1":"product","2":"type-product","3":"status-publish","4":"has-post-thumbnail","6":"product_cat-wszystkie","7":"product_cat-karta-podarunkowa","9":"first","10":"instock","11":"shipping-taxable","12":"purchasable","13":"product-type-simple"},"acf":[],"_links":{"self":[{"href":"https:\/\/sztuki.waw.pl\/en\/wp-json\/wp\/v2\/product\/4502","targetHints":{"allow":["GET"]}}],"collection":[{"href":"https:\/\/sztuki.waw.pl\/en\/wp-json\/wp\/v2\/product"}],"about":[{"href":"https:\/\/sztuki.waw.pl\/en\/wp-json\/wp\/v2\/types\/product"}],"version-history":[{"count":7,"href":"https:\/\/sztuki.waw.pl\/en\/wp-json\/wp\/v2\/product\/4502\/revisions"}],"predecessor-version":[{"id":8763,"href":"https:\/\/sztuki.waw.pl\/en\/wp-json\/wp\/v2\/product\/4502\/revisions\/8763"}],"wp:featuredmedia":[{"embeddable":true,"href":"https:\/\/sztuki.waw.pl\/en\/wp-json\/wp\/v2\/media\/4511"}],"wp:attachment":[{"href":"https:\/\/sztuki.waw.pl\/en\/wp-json\/wp\/v2\/media?parent=4502"}],"wp:term":[{"taxonomy":"product_brand","embeddable":true,"href":"https:\/\/sztuki.waw.pl\/en\/wp-json\/wp\/v2\/product_brand?post=4502"},{"taxonomy":"product_cat","embeddable":true,"href":"https:\/\/sztuki.waw.pl\/en\/wp-json\/wp\/v2\/product_cat?post=4502"},{"taxonomy":"product_tag","embeddable":true,"href":"https:\/\/sztuki.waw.pl\/en\/wp-json\/wp\/v2\/product_tag?post=4502"}],"curies":[{"name":"wp","href":"https:\/\/api.w.org\/{rel}","templated":true}]}}