{"id":4575,"date":"2020-10-13T15:01:24","date_gmt":"2020-10-13T13:01:24","guid":{"rendered":"https:\/\/sztuki.waw.pl\/?post_type=product&#038;p=4575"},"modified":"2023-03-08T18:16:34","modified_gmt":"2023-03-08T17:16:34","slug":"ruiny-warszawy","status":"publish","type":"product","link":"https:\/\/sztuki.waw.pl\/en\/product\/ruiny-warszawy\/","title":{"rendered":"Ruiny Warszawy \/ \u0141ukasz Gorczyca i Micha\u0142 Kaczy\u0144ski"},"content":{"rendered":"<p>Stulecie war\u00adszaw\u00adskich ruin rozpocz\u0119\u0142o si\u0119 od zniszcze\u0144 dokonanych przez Rosjan wycofuj\u0105cych\u00a0si\u0119 z miasta latem 1915 roku, a ko\u0144czy na wsp\u00f3\u0142czesnych wyburzeniach b\u0119d\u0105cych efektem\u00a0dynamicznych proces\u00f3w deweloper\u00adskich. To zar\u00f3wno ruiny tryum\u00adfalne, traumatyczne i\u00a0sentymentalne, jak i wizerunki b\u0119d\u0105ce elemen\u00adtem krytycz\u00adnej dys\u00adkusji o bie\u017c\u0105cej polityce\u00a0miejskiej. Obsesyj\u00adnie powracaj\u0105ce widoki ruiny, sta\u0142y si\u0119 w War\u00adszawie czym\u015b codzien\u00adnym, jej\u00a0naturaln\u0105 funkcj\u0105 \u017cyciow\u0105, warunkuj\u0105c\u0105 procesy zmian i rozwoju.<\/p>\n<p>Ruiny War\u00adszawy to opowie\u015b\u0107 o ich fotograficz\u00adnych obrazach. W\u015br\u00f3d autor\u00f3w znajduj\u0105 si\u0119\u00a0znakomici arty\u015bci i fotorepor\u00adterzy \u2013 Bu\u0142hak, Capa, D\u0142ubak, Seymour \u2013 ale te\u017c mniej znani, a\u00a0wybitni dokumentali\u015bci jak Henryk Podd\u0119bski. Wi\u0119kszo\u015b\u0107 publikowanych fotografii ukazuje si\u0119\u00a0drukiem po raz pierw\u00adszy, odkrywaj\u0105c nie\u00adznane lub zapo\u00admniane widoki miasta w stanie rozpadu.<\/p>\n<p>Publikacja powsta\u0142a przy wsp\u00f3\u0142pracy z miastem Warszawa.<\/p>","protected":false},"excerpt":{"rendered":"<p>opracowanie: \u0141ukasz Gorczyca i Micha\u0142 Kaczy\u0144ski<br \/>\nteksty: \u0141ukasz Gorczyca, Piotr Jamski, El\u017cbieta Kami\u0144ska, Adam Mazur, Magdalena Wr\u00f3blewska<br \/>\nprojekt graficzny: Micha\u0142 Kaczy\u0144ski<br \/>\ntyp ok\u0142adki: twarda, p\u0142\u00f3cienna<br \/>\nwymiary: 24 x 24 cm<br \/>\nilo\u015b\u0107 stron: 129<br \/>\nwydawca: Raster, Warszawa 2016<br \/>\nnak\u0142ad: 800<br \/>\nISBN: 978-83-946849-0-7<\/p>","protected":false},"featured_media":4707,"template":"","meta":[],"product_brand":[],"product_cat":[15,100],"product_tag":[102,110],"class_list":{"0":"post-4575","1":"product","2":"type-product","3":"status-publish","4":"has-post-thumbnail","6":"product_cat-wszystkie","7":"product_cat-albumy_ksiazki","8":"product_tag-raster","9":"product_tag-warszawa","10":"product_shipping_class-s","12":"first","13":"outofstock","14":"shipping-taxable","15":"purchasable","16":"product-type-simple"},"acf":[],"_links":{"self":[{"href":"https:\/\/sztuki.waw.pl\/en\/wp-json\/wp\/v2\/product\/4575","targetHints":{"allow":["GET"]}}],"collection":[{"href":"https:\/\/sztuki.waw.pl\/en\/wp-json\/wp\/v2\/product"}],"about":[{"href":"https:\/\/sztuki.waw.pl\/en\/wp-json\/wp\/v2\/types\/product"}],"version-history":[{"count":5,"href":"https:\/\/sztuki.waw.pl\/en\/wp-json\/wp\/v2\/product\/4575\/revisions"}],"predecessor-version":[{"id":4593,"href":"https:\/\/sztuki.waw.pl\/en\/wp-json\/wp\/v2\/product\/4575\/revisions\/4593"}],"wp:featuredmedia":[{"embeddable":true,"href":"https:\/\/sztuki.waw.pl\/en\/wp-json\/wp\/v2\/media\/4707"}],"wp:attachment":[{"href":"https:\/\/sztuki.waw.pl\/en\/wp-json\/wp\/v2\/media?parent=4575"}],"wp:term":[{"taxonomy":"product_brand","embeddable":true,"href":"https:\/\/sztuki.waw.pl\/en\/wp-json\/wp\/v2\/product_brand?post=4575"},{"taxonomy":"product_cat","embeddable":true,"href":"https:\/\/sztuki.waw.pl\/en\/wp-json\/wp\/v2\/product_cat?post=4575"},{"taxonomy":"product_tag","embeddable":true,"href":"https:\/\/sztuki.waw.pl\/en\/wp-json\/wp\/v2\/product_tag?post=4575"}],"curies":[{"name":"wp","href":"https:\/\/api.w.org\/{rel}","templated":true}]}}