{"id":4834,"date":"2020-12-02T10:59:54","date_gmt":"2020-12-02T09:59:54","guid":{"rendered":"https:\/\/sztuki.waw.pl\/?post_type=product&#038;p=4834"},"modified":"2026-02-18T16:25:55","modified_gmt":"2026-02-18T15:25:55","slug":"plakat-poppies-madelen-mollard","status":"publish","type":"product","link":"https:\/\/sztuki.waw.pl\/en\/product\/plakat-poppies-madelen-mollard\/","title":{"rendered":"plakat Poppies \/ Madelen M\u00f6llard"},"content":{"rendered":"<p>Madelen M\u00f6llard zajmuje si\u0119 ilustracj\u0105 i grafik\u0105. Jej tw\u00f3rczo\u015b\u0107 charakteryzuje u\u017cycie mocnych barw i odwa\u017cnych kszta\u0142t\u00f3w. Madelen maluje farb\u0105 akrylow\u0105, tworzy wycinanki i grafiki cyfrowe. Artystka czerpie inspiracj\u0119 z otaczaj\u0105cej rzeczywisto\u015bci, a nast\u0119pnie przepuszcza obrazy przez filtr swojej fantazji, by finalnie stworzy\u0107 co\u015b pomi\u0119dzy tymi \u015bwiatami. Madelen mieszka i pracuje w Sztokholmie. Wsp\u00f3\u0142pracowa\u0142a z markami takimi jak &amp; Other Stories, Bonnier News, Louis Bouillot, Kungsleden i Universal Music.<\/p>","protected":false},"excerpt":{"rendered":"<p>technika: wysokiej jako\u015bci druk na papierze 250gr<br \/>\nformat: 50 x 70 cm<br \/>\nedycja: nielimitowana<br \/>\noprawa: brak oprawy<\/p>","protected":false},"featured_media":10473,"template":"","meta":[],"product_brand":[],"product_cat":[15,150],"product_tag":[],"class_list":{"0":"post-4834","1":"product","2":"type-product","3":"status-publish","4":"has-post-thumbnail","6":"product_cat-wszystkie","7":"product_cat-plakat","8":"product_shipping_class-s","10":"first","11":"instock","12":"shipping-taxable","13":"purchasable","14":"product-type-simple"},"acf":[],"_links":{"self":[{"href":"https:\/\/sztuki.waw.pl\/en\/wp-json\/wp\/v2\/product\/4834","targetHints":{"allow":["GET"]}}],"collection":[{"href":"https:\/\/sztuki.waw.pl\/en\/wp-json\/wp\/v2\/product"}],"about":[{"href":"https:\/\/sztuki.waw.pl\/en\/wp-json\/wp\/v2\/types\/product"}],"version-history":[{"count":7,"href":"https:\/\/sztuki.waw.pl\/en\/wp-json\/wp\/v2\/product\/4834\/revisions"}],"predecessor-version":[{"id":9298,"href":"https:\/\/sztuki.waw.pl\/en\/wp-json\/wp\/v2\/product\/4834\/revisions\/9298"}],"wp:featuredmedia":[{"embeddable":true,"href":"https:\/\/sztuki.waw.pl\/en\/wp-json\/wp\/v2\/media\/10473"}],"wp:attachment":[{"href":"https:\/\/sztuki.waw.pl\/en\/wp-json\/wp\/v2\/media?parent=4834"}],"wp:term":[{"taxonomy":"product_brand","embeddable":true,"href":"https:\/\/sztuki.waw.pl\/en\/wp-json\/wp\/v2\/product_brand?post=4834"},{"taxonomy":"product_cat","embeddable":true,"href":"https:\/\/sztuki.waw.pl\/en\/wp-json\/wp\/v2\/product_cat?post=4834"},{"taxonomy":"product_tag","embeddable":true,"href":"https:\/\/sztuki.waw.pl\/en\/wp-json\/wp\/v2\/product_tag?post=4834"}],"curies":[{"name":"wp","href":"https:\/\/api.w.org\/{rel}","templated":true}]}}