{"id":5114,"date":"2020-12-20T16:23:27","date_gmt":"2020-12-20T16:23:27","guid":{"rendered":"https:\/\/sztuki.waw.pl\/?post_type=product&#038;p=5114"},"modified":"2025-02-13T11:08:14","modified_gmt":"2025-02-13T10:08:14","slug":"unite-dhabitation-pion-fotografia","status":"publish","type":"product","link":"https:\/\/sztuki.waw.pl\/en\/product\/unite-dhabitation-pion-fotografia\/","title":{"rendered":"Unit\u00e9 d\u2019habitation \/ Pion Studio"},"content":{"rendered":"<div>Wybieraj\u0105c zdj\u0119cia z pierwszego zestawu print\u00f3w, my\u015bleli\u015bmy o dobrych, spokojnych momentach. Leniwych, ciep\u0142ych spacerach, przesiadywaniu na balkonie. O letnim wietrze.<\/div>\n<div><\/div>\n<div>\n<div>Zdj\u0119cie wykonane na dachu budynku, podczas zwiedzania Unite&#8217;d Habitation w Marsyli. Autorem projektu jest Le Corbusier. Fotografia analogowa, na filmie \u015brednio-formatowym.<\/div>\n<div><\/div>\n<\/div>\n<div><\/div>","protected":false},"excerpt":{"rendered":"<p>technika: fotografia analogowa \/ druk pigmentowy na papierze archiwalnym hahnemuhle photo rag baryta 315g<br \/>\nformat: 20,5 x 25,6 cm<br \/>\nrok: 2019<br \/>\noprawa: brak oprawy<br \/>\nedycja: 20<br \/>\nsygnowana, numerowana<\/p>\n<p>PRACA NA ZAM\u00d3WIENIE<br \/>\nczas oczekiwania na realizacj\u0119 zam\u00f3wienia: 14 dni<\/p>","protected":false},"featured_media":5115,"template":"","meta":[],"product_brand":[],"product_cat":[96],"product_tag":[160],"class_list":{"0":"post-5114","1":"product","2":"type-product","3":"status-publish","4":"has-post-thumbnail","6":"product_cat-fotografia","7":"product_tag-pion","8":"product_shipping_class-m","10":"first","11":"onbackorder","12":"shipping-taxable","13":"purchasable","14":"product-type-simple"},"acf":[],"_links":{"self":[{"href":"https:\/\/sztuki.waw.pl\/en\/wp-json\/wp\/v2\/product\/5114","targetHints":{"allow":["GET"]}}],"collection":[{"href":"https:\/\/sztuki.waw.pl\/en\/wp-json\/wp\/v2\/product"}],"about":[{"href":"https:\/\/sztuki.waw.pl\/en\/wp-json\/wp\/v2\/types\/product"}],"version-history":[{"count":4,"href":"https:\/\/sztuki.waw.pl\/en\/wp-json\/wp\/v2\/product\/5114\/revisions"}],"predecessor-version":[{"id":11116,"href":"https:\/\/sztuki.waw.pl\/en\/wp-json\/wp\/v2\/product\/5114\/revisions\/11116"}],"wp:featuredmedia":[{"embeddable":true,"href":"https:\/\/sztuki.waw.pl\/en\/wp-json\/wp\/v2\/media\/5115"}],"wp:attachment":[{"href":"https:\/\/sztuki.waw.pl\/en\/wp-json\/wp\/v2\/media?parent=5114"}],"wp:term":[{"taxonomy":"product_brand","embeddable":true,"href":"https:\/\/sztuki.waw.pl\/en\/wp-json\/wp\/v2\/product_brand?post=5114"},{"taxonomy":"product_cat","embeddable":true,"href":"https:\/\/sztuki.waw.pl\/en\/wp-json\/wp\/v2\/product_cat?post=5114"},{"taxonomy":"product_tag","embeddable":true,"href":"https:\/\/sztuki.waw.pl\/en\/wp-json\/wp\/v2\/product_tag?post=5114"}],"curies":[{"name":"wp","href":"https:\/\/api.w.org\/{rel}","templated":true}]}}