{"id":5132,"date":"2020-12-20T16:46:47","date_gmt":"2020-12-20T15:46:47","guid":{"rendered":"https:\/\/sztuki.waw.pl\/?post_type=product&#038;p=5132"},"modified":"2025-02-13T11:02:27","modified_gmt":"2025-02-13T10:02:27","slug":"layers-pion-studio-w-oprawie","status":"publish","type":"product","link":"https:\/\/sztuki.waw.pl\/en\/product\/layers-pion-studio-w-oprawie\/","title":{"rendered":"Layers \/ Pion Studio \/ w oprawie"},"content":{"rendered":"<div>Wybieraj\u0105c zdj\u0119cia z pierwszego zestawu print\u00f3w, my\u015bleli\u015bmy o dobrych, spokojnych momentach. Leniwych, ciep\u0142ych spacerach, przesiadywaniu na balkonie. O letnim wietrze.<\/div>\n<div><\/div>\n<div>\n<div>Zdj\u0119cie wykonane w Monako. Fotografia analogowa na filmie ma\u0142oobrazkowym.<\/div>\n<div><\/div>\n<\/div>\n<div><\/div>","protected":false},"excerpt":{"rendered":"<p>technika: fotografia analogowa \/ druk pigmentowy na papierze archiwalnym hahnemuhle photo rag baryta 315g<br \/>\nformat: 20,5 x 30,7 cm<br \/>\nrok: 2018<br \/>\noprawa: drewniana rama bejcowana na kolor orzechowy<br \/>\nformat oprawy: 36,5 x 46,7 cm<br \/>\nedycja: 20<br \/>\nsygnowana, numerowana<\/p>","protected":false},"featured_media":5130,"template":"","meta":[],"product_brand":[],"product_cat":[96],"product_tag":[160],"class_list":{"0":"post-5132","1":"product","2":"type-product","3":"status-publish","4":"has-post-thumbnail","6":"product_cat-fotografia","7":"product_tag-pion","8":"product_shipping_class-m","10":"first","11":"outofstock","12":"shipping-taxable","13":"purchasable","14":"product-type-simple"},"acf":[],"_links":{"self":[{"href":"https:\/\/sztuki.waw.pl\/en\/wp-json\/wp\/v2\/product\/5132","targetHints":{"allow":["GET"]}}],"collection":[{"href":"https:\/\/sztuki.waw.pl\/en\/wp-json\/wp\/v2\/product"}],"about":[{"href":"https:\/\/sztuki.waw.pl\/en\/wp-json\/wp\/v2\/types\/product"}],"version-history":[{"count":5,"href":"https:\/\/sztuki.waw.pl\/en\/wp-json\/wp\/v2\/product\/5132\/revisions"}],"predecessor-version":[{"id":11112,"href":"https:\/\/sztuki.waw.pl\/en\/wp-json\/wp\/v2\/product\/5132\/revisions\/11112"}],"wp:featuredmedia":[{"embeddable":true,"href":"https:\/\/sztuki.waw.pl\/en\/wp-json\/wp\/v2\/media\/5130"}],"wp:attachment":[{"href":"https:\/\/sztuki.waw.pl\/en\/wp-json\/wp\/v2\/media?parent=5132"}],"wp:term":[{"taxonomy":"product_brand","embeddable":true,"href":"https:\/\/sztuki.waw.pl\/en\/wp-json\/wp\/v2\/product_brand?post=5132"},{"taxonomy":"product_cat","embeddable":true,"href":"https:\/\/sztuki.waw.pl\/en\/wp-json\/wp\/v2\/product_cat?post=5132"},{"taxonomy":"product_tag","embeddable":true,"href":"https:\/\/sztuki.waw.pl\/en\/wp-json\/wp\/v2\/product_tag?post=5132"}],"curies":[{"name":"wp","href":"https:\/\/api.w.org\/{rel}","templated":true}]}}