{"id":5134,"date":"2020-12-20T16:49:34","date_gmt":"2020-12-20T15:49:34","guid":{"rendered":"https:\/\/sztuki.waw.pl\/?post_type=product&#038;p=5134"},"modified":"2025-02-13T11:09:05","modified_gmt":"2025-02-13T10:09:05","slug":"ile-de-frioul-pion-studio","status":"publish","type":"product","link":"https:\/\/sztuki.waw.pl\/en\/product\/ile-de-frioul-pion-studio\/","title":{"rendered":"\u00cele de frioul \/ Pion Studio"},"content":{"rendered":"<div>Wybieraj\u0105c zdj\u0119cia z pierwszego zestawu print\u00f3w, my\u015bleli\u015bmy o dobrych, spokojnych momentach. Leniwych, ciep\u0142ych spacerach, przesiadywaniu na balkonie. O letnim wietrze.<\/div>\n<div><\/div>\n<div>\n<div>Zach\u00f3d s\u0142o\u0144ca na wyspie Ratonneau na archipelagu Frioul. Fotografia analogowa na filmie ma\u0142oobrazkowym.<\/div>\n<div><\/div>\n<\/div>\n<div><\/div>","protected":false},"excerpt":{"rendered":"<p>technika: fotografia analogowa \/ druk pigmentowy na papierze archiwalnym hahnemuhle photo rag baryta 315g<br \/>\nformat: 20,5 x 30,7 cm<br \/>\nrok: 2019<br \/>\noprawa: brak oprawy<br \/>\nedycja: 20<br \/>\nsygnowana, numerowana<\/p>\n<p>PRACA NA ZAM\u00d3WIENIE<br \/>\nczas oczekiwania na realizacj\u0119 zam\u00f3wienia: do 14 dni<\/p>","protected":false},"featured_media":5135,"template":"","meta":[],"product_brand":[],"product_cat":[96],"product_tag":[160],"class_list":{"0":"post-5134","1":"product","2":"type-product","3":"status-publish","4":"has-post-thumbnail","6":"product_cat-fotografia","7":"product_tag-pion","8":"product_shipping_class-m","10":"first","11":"onbackorder","12":"shipping-taxable","13":"purchasable","14":"product-type-simple"},"acf":[],"_links":{"self":[{"href":"https:\/\/sztuki.waw.pl\/en\/wp-json\/wp\/v2\/product\/5134","targetHints":{"allow":["GET"]}}],"collection":[{"href":"https:\/\/sztuki.waw.pl\/en\/wp-json\/wp\/v2\/product"}],"about":[{"href":"https:\/\/sztuki.waw.pl\/en\/wp-json\/wp\/v2\/types\/product"}],"version-history":[{"count":2,"href":"https:\/\/sztuki.waw.pl\/en\/wp-json\/wp\/v2\/product\/5134\/revisions"}],"predecessor-version":[{"id":11115,"href":"https:\/\/sztuki.waw.pl\/en\/wp-json\/wp\/v2\/product\/5134\/revisions\/11115"}],"wp:featuredmedia":[{"embeddable":true,"href":"https:\/\/sztuki.waw.pl\/en\/wp-json\/wp\/v2\/media\/5135"}],"wp:attachment":[{"href":"https:\/\/sztuki.waw.pl\/en\/wp-json\/wp\/v2\/media?parent=5134"}],"wp:term":[{"taxonomy":"product_brand","embeddable":true,"href":"https:\/\/sztuki.waw.pl\/en\/wp-json\/wp\/v2\/product_brand?post=5134"},{"taxonomy":"product_cat","embeddable":true,"href":"https:\/\/sztuki.waw.pl\/en\/wp-json\/wp\/v2\/product_cat?post=5134"},{"taxonomy":"product_tag","embeddable":true,"href":"https:\/\/sztuki.waw.pl\/en\/wp-json\/wp\/v2\/product_tag?post=5134"}],"curies":[{"name":"wp","href":"https:\/\/api.w.org\/{rel}","templated":true}]}}