{"id":5464,"date":"2021-05-07T08:06:48","date_gmt":"2021-05-07T06:06:48","guid":{"rendered":"https:\/\/sztuki.waw.pl\/?post_type=product&#038;p=5464"},"modified":"2024-03-13T18:14:07","modified_gmt":"2024-03-13T17:14:07","slug":"french-kissing-adam-adach-w-oprawie","status":"publish","type":"product","link":"https:\/\/sztuki.waw.pl\/en\/product\/french-kissing-adam-adach-w-oprawie\/","title":{"rendered":"French Kissing \/ Adam Adach \/ w oprawie"},"content":{"rendered":"<p>Mieszka i pracuje w Pary\u017cu i Warszawie. Przed wyjazdem do Francji pod koniec lat 80. uko\u0144czy\u0142 studia weterynaryjne w SGGW. Malarstwo studiowa\u0142 w Ecole Sup\u00e8rieure des Beaux-Arts w Lyonie (1990) i podyplomowo Ecole Nationale Sup\u00e8rieure des Beaux-Arts (ENSBA) w Pary\u017cu (1995). W 2007 roku nominowany by\u0142 do najbardziej presti\u017cowej francuskiej nagrody dla m\u0142odych artyst\u00f3w Prix Marcel Duchamp.<\/p>","protected":false},"excerpt":{"rendered":"<p>technika: druk pigmentowy na papierze archiwalnym<br \/>\nformat: 20 x 25 cm<br \/>\nrok: 2013 \/ 2021<br \/>\noprawa: drewniana rama<br \/>\nformat oprawy: 32 x 37 cm<br \/>\nedycja: 30 + 3AP<br \/>\nsygnowany, numerowany<br \/>\nczas oczekiwania na opraw\u0119: 14 dni<\/p>","protected":false},"featured_media":5541,"template":"","meta":[],"product_brand":[],"product_cat":[97,166],"product_tag":[168,164],"class_list":{"0":"post-5464","1":"product","2":"type-product","3":"status-publish","4":"has-post-thumbnail","6":"product_cat-grafika","7":"product_cat-sexed","8":"product_tag-adach","9":"product_tag-sexed","10":"product_shipping_class-l","12":"first","13":"instock","14":"shipping-taxable","15":"purchasable","16":"product-type-simple"},"acf":[],"_links":{"self":[{"href":"https:\/\/sztuki.waw.pl\/en\/wp-json\/wp\/v2\/product\/5464","targetHints":{"allow":["GET"]}}],"collection":[{"href":"https:\/\/sztuki.waw.pl\/en\/wp-json\/wp\/v2\/product"}],"about":[{"href":"https:\/\/sztuki.waw.pl\/en\/wp-json\/wp\/v2\/types\/product"}],"version-history":[{"count":9,"href":"https:\/\/sztuki.waw.pl\/en\/wp-json\/wp\/v2\/product\/5464\/revisions"}],"predecessor-version":[{"id":9200,"href":"https:\/\/sztuki.waw.pl\/en\/wp-json\/wp\/v2\/product\/5464\/revisions\/9200"}],"wp:featuredmedia":[{"embeddable":true,"href":"https:\/\/sztuki.waw.pl\/en\/wp-json\/wp\/v2\/media\/5541"}],"wp:attachment":[{"href":"https:\/\/sztuki.waw.pl\/en\/wp-json\/wp\/v2\/media?parent=5464"}],"wp:term":[{"taxonomy":"product_brand","embeddable":true,"href":"https:\/\/sztuki.waw.pl\/en\/wp-json\/wp\/v2\/product_brand?post=5464"},{"taxonomy":"product_cat","embeddable":true,"href":"https:\/\/sztuki.waw.pl\/en\/wp-json\/wp\/v2\/product_cat?post=5464"},{"taxonomy":"product_tag","embeddable":true,"href":"https:\/\/sztuki.waw.pl\/en\/wp-json\/wp\/v2\/product_tag?post=5464"}],"curies":[{"name":"wp","href":"https:\/\/api.w.org\/{rel}","templated":true}]}}