{"id":5546,"date":"2021-05-07T08:05:07","date_gmt":"2021-05-07T06:05:07","guid":{"rendered":"https:\/\/sztuki.waw.pl\/?post_type=product&#038;p=5546"},"modified":"2023-04-04T19:57:08","modified_gmt":"2023-04-04T17:57:08","slug":"bez-tytulu-magdalena-karpinska-w-oprawie-3","status":"publish","type":"product","link":"https:\/\/sztuki.waw.pl\/en\/product\/bez-tytulu-magdalena-karpinska-w-oprawie-3\/","title":{"rendered":"bez tytu\u0142u \/ Magdalena Karpi\u0144ska \/ w oprawie"},"content":{"rendered":"<p>Motywem przewodnim prac artystki w zwi\u0105zku z wystaw\u0105 Sexed.pl jest odkrywanie. Rozgrzana d\u0142o\u0144 bada przyrod\u0119, a tym samym w\u0142asne doznania zmys\u0142owe. Artystka \u0142\u0105czy malarstwo i seks, skupiaj\u0105c w na atrakcyjno\u015bci substancji. <\/p>","protected":false},"excerpt":{"rendered":"<p>technika: druk pigmentowy na papierze archiwalnym na podstawie pracy na papierze w temperze \u017c\u00f3\u0142tkowej<br \/>\nformat: 14 x 18 cm<br \/>\nrok: 2021<br \/>\noprawa: drewniana rama<br \/>\nformat oprawy: 24 x 28 cm<br \/>\nedycja: 30 + 3AP<br \/>\nsygnowany, numerowany<br \/>\nczas oczekiwania na realizacj\u0119 zam\u00f3wienia: 14 dni<\/p>","protected":false},"featured_media":5552,"template":"","meta":[],"product_brand":[],"product_cat":[97,166],"product_tag":[125,164],"class_list":{"0":"post-5546","1":"product","2":"type-product","3":"status-publish","4":"has-post-thumbnail","6":"product_cat-grafika","7":"product_cat-sexed","8":"product_tag-karpinska","9":"product_tag-sexed","10":"product_shipping_class-m","12":"first","13":"onbackorder","14":"shipping-taxable","15":"purchasable","16":"product-type-simple"},"acf":[],"_links":{"self":[{"href":"https:\/\/sztuki.waw.pl\/en\/wp-json\/wp\/v2\/product\/5546","targetHints":{"allow":["GET"]}}],"collection":[{"href":"https:\/\/sztuki.waw.pl\/en\/wp-json\/wp\/v2\/product"}],"about":[{"href":"https:\/\/sztuki.waw.pl\/en\/wp-json\/wp\/v2\/types\/product"}],"version-history":[{"count":3,"href":"https:\/\/sztuki.waw.pl\/en\/wp-json\/wp\/v2\/product\/5546\/revisions"}],"predecessor-version":[{"id":5738,"href":"https:\/\/sztuki.waw.pl\/en\/wp-json\/wp\/v2\/product\/5546\/revisions\/5738"}],"wp:featuredmedia":[{"embeddable":true,"href":"https:\/\/sztuki.waw.pl\/en\/wp-json\/wp\/v2\/media\/5552"}],"wp:attachment":[{"href":"https:\/\/sztuki.waw.pl\/en\/wp-json\/wp\/v2\/media?parent=5546"}],"wp:term":[{"taxonomy":"product_brand","embeddable":true,"href":"https:\/\/sztuki.waw.pl\/en\/wp-json\/wp\/v2\/product_brand?post=5546"},{"taxonomy":"product_cat","embeddable":true,"href":"https:\/\/sztuki.waw.pl\/en\/wp-json\/wp\/v2\/product_cat?post=5546"},{"taxonomy":"product_tag","embeddable":true,"href":"https:\/\/sztuki.waw.pl\/en\/wp-json\/wp\/v2\/product_tag?post=5546"}],"curies":[{"name":"wp","href":"https:\/\/api.w.org\/{rel}","templated":true}]}}