{"id":5562,"date":"2021-05-07T08:00:23","date_gmt":"2021-05-07T06:00:23","guid":{"rendered":"https:\/\/sztuki.waw.pl\/?post_type=product&#038;p=5562"},"modified":"2025-06-13T12:30:45","modified_gmt":"2025-06-13T10:30:45","slug":"dwa-ciala-bez-glow-konrad-zukowski","status":"publish","type":"product","link":"https:\/\/sztuki.waw.pl\/en\/product\/dwa-ciala-bez-glow-konrad-zukowski\/","title":{"rendered":"Dwa cia\u0142a bez g\u0142\u00f3w \/ Konrad \u017bukowski"},"content":{"rendered":"<p>Malarz, tw\u00f3rca wideo i instalacji; absolwent Akademii Sztuk Pi\u0119knych w Krakowie i University of Applied Arts w Wiedniu; finalista 18. edycji konkursu Artystyczna Podr\u00f3\u017c Hestii. Wybrane wystawy indywidualne: &#8222;Pal\u0119 sobie, czekaj\u0105c a\u017c wszystko dooko\u0142a sp\u0142onie&#8221; (galeria HOS, Warszawa, 2021), &#8222;Tych, kt\u00f3rzy wst\u0119puj\u0105 do tych samych rzek coraz to inne zalewaj\u0105 wody&#8221; (Clay, Warszawa, 2021), &#8222;Heartwood&#8221; (The Breeder, Ateny; Galeria Ewa Opa\u0142ka \/ Fundacja Razem Pamoja, Warszawa, 2022).<\/p>","protected":false},"excerpt":{"rendered":"<p>technika: druk pigmentowy na papierze archiwalnym<br \/>\nformat: 21 x 29,7 cm<br \/>\nrok: 2021<br \/>\noprawa: brak<br \/>\nedycja: 30 + 3AP<br \/>\nsygnowany, numerowany<\/p>","protected":false},"featured_media":5570,"template":"","meta":[],"product_brand":[],"product_cat":[97,166],"product_tag":[164,169],"class_list":{"0":"post-5562","1":"product","2":"type-product","3":"status-publish","4":"has-post-thumbnail","6":"product_cat-grafika","7":"product_cat-sexed","8":"product_tag-sexed","9":"product_tag-zukowski","10":"product_shipping_class-s","12":"first","13":"instock","14":"shipping-taxable","15":"purchasable","16":"product-type-simple"},"acf":[],"_links":{"self":[{"href":"https:\/\/sztuki.waw.pl\/en\/wp-json\/wp\/v2\/product\/5562","targetHints":{"allow":["GET"]}}],"collection":[{"href":"https:\/\/sztuki.waw.pl\/en\/wp-json\/wp\/v2\/product"}],"about":[{"href":"https:\/\/sztuki.waw.pl\/en\/wp-json\/wp\/v2\/types\/product"}],"version-history":[{"count":2,"href":"https:\/\/sztuki.waw.pl\/en\/wp-json\/wp\/v2\/product\/5562\/revisions"}],"predecessor-version":[{"id":9201,"href":"https:\/\/sztuki.waw.pl\/en\/wp-json\/wp\/v2\/product\/5562\/revisions\/9201"}],"wp:featuredmedia":[{"embeddable":true,"href":"https:\/\/sztuki.waw.pl\/en\/wp-json\/wp\/v2\/media\/5570"}],"wp:attachment":[{"href":"https:\/\/sztuki.waw.pl\/en\/wp-json\/wp\/v2\/media?parent=5562"}],"wp:term":[{"taxonomy":"product_brand","embeddable":true,"href":"https:\/\/sztuki.waw.pl\/en\/wp-json\/wp\/v2\/product_brand?post=5562"},{"taxonomy":"product_cat","embeddable":true,"href":"https:\/\/sztuki.waw.pl\/en\/wp-json\/wp\/v2\/product_cat?post=5562"},{"taxonomy":"product_tag","embeddable":true,"href":"https:\/\/sztuki.waw.pl\/en\/wp-json\/wp\/v2\/product_tag?post=5562"}],"curies":[{"name":"wp","href":"https:\/\/api.w.org\/{rel}","templated":true}]}}