{"id":5645,"date":"2021-05-30T14:45:18","date_gmt":"2021-05-30T12:45:18","guid":{"rendered":"https:\/\/sztuki.waw.pl\/?post_type=product&#038;p=5645"},"modified":"2024-11-28T13:32:35","modified_gmt":"2024-11-28T12:32:35","slug":"bebe-ola-sadownik-w-oprawie","status":"publish","type":"product","link":"https:\/\/sztuki.waw.pl\/en\/product\/bebe-ola-sadownik-w-oprawie\/","title":{"rendered":"B\u00e9b\u00e9 \/ Ola Sadownik \/ w oprawie"},"content":{"rendered":"<p>Ola Sadownik jest ilustratork\u0105, kt\u00f3ra w swoich pracach bawi si\u0119 na styku powycinanych, geometrycznych kszta\u0142t\u00f3w i naturalnych linii. Nie wstydzi si\u0119 mocnych, energicznych kolor\u00f3w. W rysowaniu najbardziej lubi to \u017ce nigdy nie wie co wyjdzie.<\/p>\n<p>B\u00e9b\u00e9 zosta\u0142 wydrukowany technik\u0105 sitodruku w limitowanej edycji 30 sztuk. Sk\u0142ada si\u0119 z 2 kolor\u00f3w, nak\u0142adanych na siebie.<\/p>","protected":false},"excerpt":{"rendered":"<p>technika: sitodruk<br \/>\nformat: 12 x 12 cm<br \/>\nrok: 2020<br \/>\noprawa: drewniana, be\u017cowa rama<br \/>\nformat oprawy: 25 x 25 cm<br \/>\nedycja: 30<br \/>\nsygnowany, numerowany<\/p>","protected":false},"featured_media":5646,"template":"","meta":[],"product_brand":[],"product_cat":[15,97],"product_tag":[157],"class_list":{"0":"post-5645","1":"product","2":"type-product","3":"status-publish","4":"has-post-thumbnail","6":"product_cat-wszystkie","7":"product_cat-grafika","8":"product_tag-sadownik","10":"first","11":"outofstock","12":"shipping-taxable","13":"purchasable","14":"product-type-simple"},"acf":[],"_links":{"self":[{"href":"https:\/\/sztuki.waw.pl\/en\/wp-json\/wp\/v2\/product\/5645","targetHints":{"allow":["GET"]}}],"collection":[{"href":"https:\/\/sztuki.waw.pl\/en\/wp-json\/wp\/v2\/product"}],"about":[{"href":"https:\/\/sztuki.waw.pl\/en\/wp-json\/wp\/v2\/types\/product"}],"version-history":[{"count":5,"href":"https:\/\/sztuki.waw.pl\/en\/wp-json\/wp\/v2\/product\/5645\/revisions"}],"predecessor-version":[{"id":8165,"href":"https:\/\/sztuki.waw.pl\/en\/wp-json\/wp\/v2\/product\/5645\/revisions\/8165"}],"wp:featuredmedia":[{"embeddable":true,"href":"https:\/\/sztuki.waw.pl\/en\/wp-json\/wp\/v2\/media\/5646"}],"wp:attachment":[{"href":"https:\/\/sztuki.waw.pl\/en\/wp-json\/wp\/v2\/media?parent=5645"}],"wp:term":[{"taxonomy":"product_brand","embeddable":true,"href":"https:\/\/sztuki.waw.pl\/en\/wp-json\/wp\/v2\/product_brand?post=5645"},{"taxonomy":"product_cat","embeddable":true,"href":"https:\/\/sztuki.waw.pl\/en\/wp-json\/wp\/v2\/product_cat?post=5645"},{"taxonomy":"product_tag","embeddable":true,"href":"https:\/\/sztuki.waw.pl\/en\/wp-json\/wp\/v2\/product_tag?post=5645"}],"curies":[{"name":"wp","href":"https:\/\/api.w.org\/{rel}","templated":true}]}}