{"id":5768,"date":"2021-07-22T17:28:15","date_gmt":"2021-07-22T15:28:15","guid":{"rendered":"https:\/\/sztuki.waw.pl\/?post_type=product&#038;p=5768"},"modified":"2023-03-08T17:08:46","modified_gmt":"2023-03-08T16:08:46","slug":"chart-sonia-dubois-w-oprawie","status":"publish","type":"product","link":"https:\/\/sztuki.waw.pl\/en\/product\/chart-sonia-dubois-w-oprawie\/","title":{"rendered":"Chart \/ Sonia Dubois"},"content":{"rendered":"<p>Sonia Dubois' works are inspired by chance, combining structures and various thicknesses of paper with printing ink. The artist is inspired by masters such as Matisse, Picasso, and Modigliani.<\/p>\n<p>Sonia Dubois francusko-polska artystka wizualna, \u0142a\u0328cza\u0328ca analogowe i digitalowe techniki. Ilustratorka urodzona w 1992 roku w Neuilly-Sur-Seine. Architektka z wykszta\u0142cenia. Wsp\u00f3\u0142pracuje z projektantami, architektami, muzykami, pisarzami i nie tylko. Jest autork\u0105 ok\u0142adek p\u0142yt, ilustruje ksi\u0105\u017cki, tworzy r\u00f3wnie\u017c<br \/>\nlinoryty i wielomateria\u0142owe obiekty w swojej pracowni w Poznaniu w towarzystwie dw\u00f3ch adoptowanych ps\u00f3w \u2013 Benia i Ivera.<\/p>","protected":false},"excerpt":{"rendered":"<p>technika: linoryt na bia\u0142ym kartonie<br \/>\nformat: 30&#215;40 cm<br \/>\nrok: 2021<br \/>\noprawa: d\u0119bowa rama<br \/>\nformat oprawy: 67&#215;52 cm<br \/>\nsigned<\/p>","protected":false},"featured_media":5895,"template":"","meta":[],"product_brand":[],"product_cat":[15,97],"product_tag":[127],"class_list":{"0":"post-5768","1":"product","2":"type-product","3":"status-publish","4":"has-post-thumbnail","6":"product_cat-wszystkie","7":"product_cat-grafika","8":"product_tag-dubois","9":"product_shipping_class-l","11":"first","12":"outofstock","13":"shipping-taxable","14":"purchasable","15":"product-type-simple"},"acf":[],"_links":{"self":[{"href":"https:\/\/sztuki.waw.pl\/en\/wp-json\/wp\/v2\/product\/5768","targetHints":{"allow":["GET"]}}],"collection":[{"href":"https:\/\/sztuki.waw.pl\/en\/wp-json\/wp\/v2\/product"}],"about":[{"href":"https:\/\/sztuki.waw.pl\/en\/wp-json\/wp\/v2\/types\/product"}],"version-history":[{"count":6,"href":"https:\/\/sztuki.waw.pl\/en\/wp-json\/wp\/v2\/product\/5768\/revisions"}],"predecessor-version":[{"id":6431,"href":"https:\/\/sztuki.waw.pl\/en\/wp-json\/wp\/v2\/product\/5768\/revisions\/6431"}],"wp:featuredmedia":[{"embeddable":true,"href":"https:\/\/sztuki.waw.pl\/en\/wp-json\/wp\/v2\/media\/5895"}],"wp:attachment":[{"href":"https:\/\/sztuki.waw.pl\/en\/wp-json\/wp\/v2\/media?parent=5768"}],"wp:term":[{"taxonomy":"product_brand","embeddable":true,"href":"https:\/\/sztuki.waw.pl\/en\/wp-json\/wp\/v2\/product_brand?post=5768"},{"taxonomy":"product_cat","embeddable":true,"href":"https:\/\/sztuki.waw.pl\/en\/wp-json\/wp\/v2\/product_cat?post=5768"},{"taxonomy":"product_tag","embeddable":true,"href":"https:\/\/sztuki.waw.pl\/en\/wp-json\/wp\/v2\/product_tag?post=5768"}],"curies":[{"name":"wp","href":"https:\/\/api.w.org\/{rel}","templated":true}]}}