{"id":5802,"date":"2021-07-25T20:05:05","date_gmt":"2021-07-25T18:05:05","guid":{"rendered":"https:\/\/sztuki.waw.pl\/?post_type=product&#038;p=5802"},"modified":"2024-11-28T16:20:00","modified_gmt":"2024-11-28T15:20:00","slug":"ziemniak-alicja-biala-w-oprawie","status":"publish","type":"product","link":"https:\/\/sztuki.waw.pl\/en\/product\/ziemniak-alicja-biala-w-oprawie\/","title":{"rendered":"Ziemniak \/ Alicja Bia\u0142a \/ w oprawie"},"content":{"rendered":"<p>Alicja Bia\u0142a to artystka wizualna m\u0142odego pokolenia. Uko\u0144czy\u0142a Via University College i The Copenhagen School of Design and Technology w Danii, obecnie studiuje na Royal Drawing School oraz The Royal College of Art w Londynie \u2013 jednej z najlepszych uczelni artystycznych \u015bwiata.<\/p>","protected":false},"excerpt":{"rendered":"<p>technika: akwaforta<br \/>\nformat: 10&#215;15 cm<br \/>\noprawa: drewniana rama malowana w kolorze czarnym<br \/>\nformat oprawy: 26&#215;32 cm<br \/>\nrok: 2020<br \/>\nedycja: 10<br \/>\nsygnowana, numerowana<\/p>","protected":false},"featured_media":5803,"template":"","meta":[],"product_brand":[],"product_cat":[15,97],"product_tag":[172],"class_list":{"0":"post-5802","1":"product","2":"type-product","3":"status-publish","4":"has-post-thumbnail","6":"product_cat-wszystkie","7":"product_cat-grafika","8":"product_tag-biala","9":"product_shipping_class-m","11":"first","12":"outofstock","13":"shipping-taxable","14":"purchasable","15":"product-type-simple"},"acf":[],"_links":{"self":[{"href":"https:\/\/sztuki.waw.pl\/en\/wp-json\/wp\/v2\/product\/5802","targetHints":{"allow":["GET"]}}],"collection":[{"href":"https:\/\/sztuki.waw.pl\/en\/wp-json\/wp\/v2\/product"}],"about":[{"href":"https:\/\/sztuki.waw.pl\/en\/wp-json\/wp\/v2\/types\/product"}],"version-history":[{"count":2,"href":"https:\/\/sztuki.waw.pl\/en\/wp-json\/wp\/v2\/product\/5802\/revisions"}],"predecessor-version":[{"id":10483,"href":"https:\/\/sztuki.waw.pl\/en\/wp-json\/wp\/v2\/product\/5802\/revisions\/10483"}],"wp:featuredmedia":[{"embeddable":true,"href":"https:\/\/sztuki.waw.pl\/en\/wp-json\/wp\/v2\/media\/5803"}],"wp:attachment":[{"href":"https:\/\/sztuki.waw.pl\/en\/wp-json\/wp\/v2\/media?parent=5802"}],"wp:term":[{"taxonomy":"product_brand","embeddable":true,"href":"https:\/\/sztuki.waw.pl\/en\/wp-json\/wp\/v2\/product_brand?post=5802"},{"taxonomy":"product_cat","embeddable":true,"href":"https:\/\/sztuki.waw.pl\/en\/wp-json\/wp\/v2\/product_cat?post=5802"},{"taxonomy":"product_tag","embeddable":true,"href":"https:\/\/sztuki.waw.pl\/en\/wp-json\/wp\/v2\/product_tag?post=5802"}],"curies":[{"name":"wp","href":"https:\/\/api.w.org\/{rel}","templated":true}]}}