{"id":6009,"date":"2021-09-30T18:33:42","date_gmt":"2021-09-30T16:33:42","guid":{"rendered":"https:\/\/sztuki.waw.pl\/?post_type=product&#038;p=6009"},"modified":"2026-01-23T16:19:29","modified_gmt":"2026-01-23T15:19:29","slug":"swierk-hekla-studio","status":"publish","type":"product","link":"https:\/\/sztuki.waw.pl\/en\/product\/swierk-hekla-studio\/","title":{"rendered":"\u015awierk \/ Hekla Studio"},"content":{"rendered":"<p>Hekla to duet niezwyk\u0142ych, utalentowanych i bardzo ciep\u0142ych os\u00f3b: Pauliny Ufnal i Moniki Proniewskiej. Uwielbiaj\u0105 wulkany (st\u0105d nazwa Hekla), kola\u017ce, wycinanie, warsztaty z lud\u017ami. Maj\u0105 niezwyk\u0142e wyczucie w dobieraniu kolor\u00f3w i form. Dzia\u0142aj\u0105 te\u017c jako projektantki graficzne tworz\u0105c mi\u0119dzy innymi identyfikacje wizualne.<br \/>\nDrzeworyty odbijane s\u0105 manualnie, ka\u017cda praca nieco si\u0119 od siebie r\u00f3\u017cni nasyceniem i faktur\u0105 t\u0142a.<\/p>","protected":false},"excerpt":{"rendered":"<p>technika: drzeworyt, odbitka na papierze Fabriano<br \/>\nformat: 30x40cm z passe-partout, matryca drzeworytu w formacie A5<br \/>\nedycja: 25<br \/>\nrok: 2021<br \/>\noprawa: brak<br \/>\nsygnowany, numerowany<\/p>\n<p>Drzeworyty odbijane s\u0105 manualnie, ka\u017cda praca nieco si\u0119 od siebie r\u00f3\u017cni nasyceniem i faktur\u0105 t\u0142a.<\/p>","protected":false},"featured_media":6269,"template":"","meta":[],"product_brand":[],"product_cat":[15,97],"product_tag":[142],"class_list":{"0":"post-6009","1":"product","2":"type-product","3":"status-publish","4":"has-post-thumbnail","6":"product_cat-wszystkie","7":"product_cat-grafika","8":"product_tag-hekla","9":"product_shipping_class-m","11":"first","12":"instock","13":"sold-individually","14":"shipping-taxable","15":"purchasable","16":"product-type-simple"},"acf":[],"_links":{"self":[{"href":"https:\/\/sztuki.waw.pl\/en\/wp-json\/wp\/v2\/product\/6009","targetHints":{"allow":["GET"]}}],"collection":[{"href":"https:\/\/sztuki.waw.pl\/en\/wp-json\/wp\/v2\/product"}],"about":[{"href":"https:\/\/sztuki.waw.pl\/en\/wp-json\/wp\/v2\/types\/product"}],"version-history":[{"count":6,"href":"https:\/\/sztuki.waw.pl\/en\/wp-json\/wp\/v2\/product\/6009\/revisions"}],"predecessor-version":[{"id":6278,"href":"https:\/\/sztuki.waw.pl\/en\/wp-json\/wp\/v2\/product\/6009\/revisions\/6278"}],"wp:featuredmedia":[{"embeddable":true,"href":"https:\/\/sztuki.waw.pl\/en\/wp-json\/wp\/v2\/media\/6269"}],"wp:attachment":[{"href":"https:\/\/sztuki.waw.pl\/en\/wp-json\/wp\/v2\/media?parent=6009"}],"wp:term":[{"taxonomy":"product_brand","embeddable":true,"href":"https:\/\/sztuki.waw.pl\/en\/wp-json\/wp\/v2\/product_brand?post=6009"},{"taxonomy":"product_cat","embeddable":true,"href":"https:\/\/sztuki.waw.pl\/en\/wp-json\/wp\/v2\/product_cat?post=6009"},{"taxonomy":"product_tag","embeddable":true,"href":"https:\/\/sztuki.waw.pl\/en\/wp-json\/wp\/v2\/product_tag?post=6009"}],"curies":[{"name":"wp","href":"https:\/\/api.w.org\/{rel}","templated":true}]}}