{"id":6020,"date":"2021-10-05T18:22:10","date_gmt":"2021-10-05T16:22:10","guid":{"rendered":"https:\/\/sztuki.waw.pl\/?post_type=product&#038;p=6020"},"modified":"2026-01-23T17:00:44","modified_gmt":"2026-01-23T16:00:44","slug":"swierk-hekla-studio-w-oprawie","status":"publish","type":"product","link":"https:\/\/sztuki.waw.pl\/en\/product\/swierk-hekla-studio-w-oprawie\/","title":{"rendered":"\u015awierk \/ Hekla Studio \/ w oprawie"},"content":{"rendered":"<p>Hekla is a duo of extraordinary, talented, and very warm individuals: Paulina Ufnal and Monika Proniewska. They love volcanoes (hence the name Hekla), collages, cutting, and workshops with people. They have an exceptional sense of color and form. They also work as graphic designers, creating visual identities, among other things.<\/p>","protected":false},"excerpt":{"rendered":"<p>technika: drzeworyt, odbitka na papierze Fabriano<br \/>\nformat: 30x40cm z passe-partout, matryca drzeworytu w formacie A5<br \/>\nedycja: 25<br \/>\nrok: 2021<br \/>\noprawa: drewniana rama<br \/>\nsygnowany, numerowany<\/p>\n<p>Drzeworyty odbijane s\u0105 manualnie, ka\u017cda praca nieco si\u0119 od siebie r\u00f3\u017cni nasyceniem i faktur\u0105 t\u0142a.<\/p>","protected":false},"featured_media":6279,"template":"","meta":[],"product_brand":[],"product_cat":[15,97],"product_tag":[142],"class_list":{"0":"post-6020","1":"product","2":"type-product","3":"status-publish","4":"has-post-thumbnail","6":"product_cat-wszystkie","7":"product_cat-grafika","8":"product_tag-hekla","9":"product_shipping_class-m","11":"first","12":"instock","13":"sold-individually","14":"shipping-taxable","15":"purchasable","16":"product-type-simple"},"acf":[],"_links":{"self":[{"href":"https:\/\/sztuki.waw.pl\/en\/wp-json\/wp\/v2\/product\/6020","targetHints":{"allow":["GET"]}}],"collection":[{"href":"https:\/\/sztuki.waw.pl\/en\/wp-json\/wp\/v2\/product"}],"about":[{"href":"https:\/\/sztuki.waw.pl\/en\/wp-json\/wp\/v2\/types\/product"}],"version-history":[{"count":5,"href":"https:\/\/sztuki.waw.pl\/en\/wp-json\/wp\/v2\/product\/6020\/revisions"}],"predecessor-version":[{"id":6739,"href":"https:\/\/sztuki.waw.pl\/en\/wp-json\/wp\/v2\/product\/6020\/revisions\/6739"}],"wp:featuredmedia":[{"embeddable":true,"href":"https:\/\/sztuki.waw.pl\/en\/wp-json\/wp\/v2\/media\/6279"}],"wp:attachment":[{"href":"https:\/\/sztuki.waw.pl\/en\/wp-json\/wp\/v2\/media?parent=6020"}],"wp:term":[{"taxonomy":"product_brand","embeddable":true,"href":"https:\/\/sztuki.waw.pl\/en\/wp-json\/wp\/v2\/product_brand?post=6020"},{"taxonomy":"product_cat","embeddable":true,"href":"https:\/\/sztuki.waw.pl\/en\/wp-json\/wp\/v2\/product_cat?post=6020"},{"taxonomy":"product_tag","embeddable":true,"href":"https:\/\/sztuki.waw.pl\/en\/wp-json\/wp\/v2\/product_tag?post=6020"}],"curies":[{"name":"wp","href":"https:\/\/api.w.org\/{rel}","templated":true}]}}