{"id":6242,"date":"2021-11-06T12:14:15","date_gmt":"2021-11-06T11:14:15","guid":{"rendered":"https:\/\/sztuki.waw.pl\/?post_type=product&#038;p=6242"},"modified":"2024-10-07T11:45:06","modified_gmt":"2024-10-07T09:45:06","slug":"bez-ola-sadownik-w-oprawie-2","status":"publish","type":"product","link":"https:\/\/sztuki.waw.pl\/en\/product\/bez-ola-sadownik-w-oprawie-2\/","title":{"rendered":"Bez \/ Ola Sadownik \/ w be\u017cowej oprawie"},"content":{"rendered":"<p>Ola Sadownik jest ilustratork\u0105, kt\u00f3ra w swoich pracach bawi si\u0119 na styku powycinanych, geometrycznych kszta\u0142t\u00f3w i naturalnych linii. Nie wstydzi si\u0119 mocnych, energicznych kolor\u00f3w. W rysowaniu najbardziej lubi to \u017ce nigdy nie wie co wyjdzie.<\/p>\n<p>Bez zosta\u0142 wydrukowany technik\u0105 Riso w limitowanej edycji 30 sztuk. Sk\u0142ada si\u0119 z 3 kolor\u00f3w, nak\u0142adanych na siebie. Praca jest \u015bwie\u017cym podej\u015bciem do klasycznego temat martwej natury.<\/p>","protected":false},"excerpt":{"rendered":"<p>technika: druk Riso<br \/>\nformat: 30 x 42 cm<br \/>\nrok: 2020<br \/>\noprawa: be\u017cowa rama<br \/>\nformat oprawy: 30 x 42 cm<br \/>\nedycja: 30<br \/>\nsygnowany, numerowany<\/p>","protected":false},"featured_media":6250,"template":"","meta":[],"product_brand":[],"product_cat":[15,97,150],"product_tag":[198,157],"class_list":{"0":"post-6242","1":"product","2":"type-product","3":"status-publish","4":"has-post-thumbnail","6":"product_cat-wszystkie","7":"product_cat-grafika","8":"product_cat-plakat","9":"product_tag-riso","10":"product_tag-sadownik","11":"product_shipping_class-m","13":"first","14":"outofstock","15":"shipping-taxable","16":"purchasable","17":"product-type-simple"},"acf":[],"_links":{"self":[{"href":"https:\/\/sztuki.waw.pl\/en\/wp-json\/wp\/v2\/product\/6242","targetHints":{"allow":["GET"]}}],"collection":[{"href":"https:\/\/sztuki.waw.pl\/en\/wp-json\/wp\/v2\/product"}],"about":[{"href":"https:\/\/sztuki.waw.pl\/en\/wp-json\/wp\/v2\/types\/product"}],"version-history":[{"count":3,"href":"https:\/\/sztuki.waw.pl\/en\/wp-json\/wp\/v2\/product\/6242\/revisions"}],"predecessor-version":[{"id":6252,"href":"https:\/\/sztuki.waw.pl\/en\/wp-json\/wp\/v2\/product\/6242\/revisions\/6252"}],"wp:featuredmedia":[{"embeddable":true,"href":"https:\/\/sztuki.waw.pl\/en\/wp-json\/wp\/v2\/media\/6250"}],"wp:attachment":[{"href":"https:\/\/sztuki.waw.pl\/en\/wp-json\/wp\/v2\/media?parent=6242"}],"wp:term":[{"taxonomy":"product_brand","embeddable":true,"href":"https:\/\/sztuki.waw.pl\/en\/wp-json\/wp\/v2\/product_brand?post=6242"},{"taxonomy":"product_cat","embeddable":true,"href":"https:\/\/sztuki.waw.pl\/en\/wp-json\/wp\/v2\/product_cat?post=6242"},{"taxonomy":"product_tag","embeddable":true,"href":"https:\/\/sztuki.waw.pl\/en\/wp-json\/wp\/v2\/product_tag?post=6242"}],"curies":[{"name":"wp","href":"https:\/\/api.w.org\/{rel}","templated":true}]}}