{"id":6781,"date":"2022-02-09T17:37:41","date_gmt":"2022-02-09T16:37:41","guid":{"rendered":"https:\/\/sztuki.waw.pl\/?post_type=product&#038;p=6781"},"modified":"2025-11-24T15:29:09","modified_gmt":"2025-11-24T14:29:09","slug":"plakat-overthinking-maarten-leon-kopia","status":"publish","type":"product","link":"https:\/\/sztuki.waw.pl\/en\/product\/plakat-overthinking-maarten-leon-kopia\/","title":{"rendered":"plakat Overthinking \/ Maarten L\u00e9on \/ 30&#215;40 cm"},"content":{"rendered":"<p>Maarten L\u00e9on jest artyst\u0105 z Amsterdamu, specjalizuj\u0105cym si\u0119 w kola\u017cach. Opisuje sw\u00f3j styl jako minimalistyczny surrealizm, a w\u0142asn\u0105 tw\u00f3rczo\u015b\u0107 okre\u015bla mianem ody do dorastania i autorefleksji. Jego prace zg\u0142\u0119biaj\u0105 cudy i absurdy rzeczywisto\u015bci. W procesie tw\u00f3rczym wykorzystuje mieszank\u0119 materia\u0142\u00f3w analogowych i technik cyfrowych, jego prace charakteryzuje schludna estetyka i taka te\u017c kompozycja.<\/p>","protected":false},"excerpt":{"rendered":"<p>technika: wysokiej jako\u015bci druk na papierze 250gr<br \/>\nformat: 30 x 40 cm<br \/>\nedycja: nielimitowana<br \/>\noprawa: brak oprawy<\/p>","protected":false},"featured_media":10477,"template":"","meta":[],"product_brand":[],"product_cat":[15,150],"product_tag":[],"class_list":{"0":"post-6781","1":"product","2":"type-product","3":"status-publish","4":"has-post-thumbnail","6":"product_cat-wszystkie","7":"product_cat-plakat","8":"product_shipping_class-s","10":"first","11":"instock","12":"shipping-taxable","13":"purchasable","14":"product-type-simple"},"acf":[],"_links":{"self":[{"href":"https:\/\/sztuki.waw.pl\/en\/wp-json\/wp\/v2\/product\/6781","targetHints":{"allow":["GET"]}}],"collection":[{"href":"https:\/\/sztuki.waw.pl\/en\/wp-json\/wp\/v2\/product"}],"about":[{"href":"https:\/\/sztuki.waw.pl\/en\/wp-json\/wp\/v2\/types\/product"}],"version-history":[{"count":7,"href":"https:\/\/sztuki.waw.pl\/en\/wp-json\/wp\/v2\/product\/6781\/revisions"}],"predecessor-version":[{"id":9287,"href":"https:\/\/sztuki.waw.pl\/en\/wp-json\/wp\/v2\/product\/6781\/revisions\/9287"}],"wp:featuredmedia":[{"embeddable":true,"href":"https:\/\/sztuki.waw.pl\/en\/wp-json\/wp\/v2\/media\/10477"}],"wp:attachment":[{"href":"https:\/\/sztuki.waw.pl\/en\/wp-json\/wp\/v2\/media?parent=6781"}],"wp:term":[{"taxonomy":"product_brand","embeddable":true,"href":"https:\/\/sztuki.waw.pl\/en\/wp-json\/wp\/v2\/product_brand?post=6781"},{"taxonomy":"product_cat","embeddable":true,"href":"https:\/\/sztuki.waw.pl\/en\/wp-json\/wp\/v2\/product_cat?post=6781"},{"taxonomy":"product_tag","embeddable":true,"href":"https:\/\/sztuki.waw.pl\/en\/wp-json\/wp\/v2\/product_tag?post=6781"}],"curies":[{"name":"wp","href":"https:\/\/api.w.org\/{rel}","templated":true}]}}