{"id":7154,"date":"2022-07-19T17:37:03","date_gmt":"2022-07-19T15:37:03","guid":{"rendered":"https:\/\/sztuki.waw.pl\/?post_type=product&#038;p=7154"},"modified":"2025-11-24T15:53:59","modified_gmt":"2025-11-24T14:53:59","slug":"plakat-monstera-l-jo%cc%88rgen-hansson","status":"publish","type":"product","link":"https:\/\/sztuki.waw.pl\/en\/product\/plakat-monstera-l-jo%cc%88rgen-hansson\/","title":{"rendered":"plakat Monstera lI \/ Jo\u0308rgen Hansson"},"content":{"rendered":"<p>J\u00f6rgen Hansson to szwedzki artysta i kamieniarz, mieszkaj\u0105cy w Bohusl\u00e4n. Inspiracje do swoich prac czerpie g\u0142\u00f3wnie od ludzi i natury. W swojej tw\u00f3rczo\u015bci wykorzystuje wiele r\u00f3\u017cnych technik, takich jak w\u0119giel, akwarele, czy akryl. W procesie tw\u00f3rczym cz\u0119sto d\u0105\u017cy do upraszczania form, a\u017c nie wydob\u0119dzie z nich ostrego charakteru.<\/p>","protected":false},"excerpt":{"rendered":"<p>technika: wysokiej jako\u015bci druk na papierze 250g<br \/>\nformat: 50 x 70 cm<br \/>\nedycja: nielimitowana<br \/>\noprawa: brak oprawy<\/p>","protected":false},"featured_media":7156,"template":"","meta":[],"product_brand":[],"product_cat":[15,150],"product_tag":[],"class_list":{"0":"post-7154","1":"product","2":"type-product","3":"status-publish","4":"has-post-thumbnail","6":"product_cat-wszystkie","7":"product_cat-plakat","8":"product_shipping_class-s","10":"first","11":"instock","12":"shipping-taxable","13":"purchasable","14":"product-type-simple"},"acf":[],"_links":{"self":[{"href":"https:\/\/sztuki.waw.pl\/en\/wp-json\/wp\/v2\/product\/7154","targetHints":{"allow":["GET"]}}],"collection":[{"href":"https:\/\/sztuki.waw.pl\/en\/wp-json\/wp\/v2\/product"}],"about":[{"href":"https:\/\/sztuki.waw.pl\/en\/wp-json\/wp\/v2\/types\/product"}],"version-history":[{"count":5,"href":"https:\/\/sztuki.waw.pl\/en\/wp-json\/wp\/v2\/product\/7154\/revisions"}],"predecessor-version":[{"id":9260,"href":"https:\/\/sztuki.waw.pl\/en\/wp-json\/wp\/v2\/product\/7154\/revisions\/9260"}],"wp:featuredmedia":[{"embeddable":true,"href":"https:\/\/sztuki.waw.pl\/en\/wp-json\/wp\/v2\/media\/7156"}],"wp:attachment":[{"href":"https:\/\/sztuki.waw.pl\/en\/wp-json\/wp\/v2\/media?parent=7154"}],"wp:term":[{"taxonomy":"product_brand","embeddable":true,"href":"https:\/\/sztuki.waw.pl\/en\/wp-json\/wp\/v2\/product_brand?post=7154"},{"taxonomy":"product_cat","embeddable":true,"href":"https:\/\/sztuki.waw.pl\/en\/wp-json\/wp\/v2\/product_cat?post=7154"},{"taxonomy":"product_tag","embeddable":true,"href":"https:\/\/sztuki.waw.pl\/en\/wp-json\/wp\/v2\/product_tag?post=7154"}],"curies":[{"name":"wp","href":"https:\/\/api.w.org\/{rel}","templated":true}]}}