{"id":7260,"date":"2022-08-14T21:01:00","date_gmt":"2022-08-14T19:01:00","guid":{"rendered":"https:\/\/sztuki.waw.pl\/?post_type=product&#038;p=7260"},"modified":"2026-03-25T13:35:21","modified_gmt":"2026-03-25T12:35:21","slug":"plakat-wilki-marcelina-jarnuszkiewicz","status":"publish","type":"product","link":"https:\/\/sztuki.waw.pl\/en\/product\/plakat-wilki-marcelina-jarnuszkiewicz\/","title":{"rendered":"plakat Wilki \/ Marcelina Jarnuszkiewicz"},"content":{"rendered":"<p>Marcelina Jarnuszkiewicz jest ilustratork\u0105. Jest projektantk\u0105 pin\u00f3w ze zwierz\u0119tami. Inspiruje si\u0119 polskim krajobrazem, szczeg\u00f3lnie le\u015bnym. St\u0105d tematy jej najnowszych prac &#8211; charakterystyczne polskie zwierz\u0119ta le\u015bne: wilki i dziki. Plakaty zosta\u0142y wydrukowane w limitowanej ilo\u015bci 85 sztuk. <\/p>","protected":false},"excerpt":{"rendered":"<p>technika: wysokiej jako\u015bci druk na papierze Munken Lynx Rough<br \/>\nformat: 50 x 70 cm (B2)<br \/>\nedycja: 85<br \/>\nrok: 2022<br \/>\nnumerowane i sygnowane<br \/>\noprawa: brak oprawy<\/p>","protected":false},"featured_media":7271,"template":"","meta":[],"product_brand":[],"product_cat":[97,150],"product_tag":[226],"class_list":{"0":"post-7260","1":"product","2":"type-product","3":"status-publish","4":"has-post-thumbnail","6":"product_cat-grafika","7":"product_cat-plakat","8":"product_tag-jarnuszkiewicz","9":"product_shipping_class-s","11":"first","12":"instock","13":"shipping-taxable","14":"purchasable","15":"product-type-simple"},"acf":[],"_links":{"self":[{"href":"https:\/\/sztuki.waw.pl\/en\/wp-json\/wp\/v2\/product\/7260","targetHints":{"allow":["GET"]}}],"collection":[{"href":"https:\/\/sztuki.waw.pl\/en\/wp-json\/wp\/v2\/product"}],"about":[{"href":"https:\/\/sztuki.waw.pl\/en\/wp-json\/wp\/v2\/types\/product"}],"version-history":[{"count":3,"href":"https:\/\/sztuki.waw.pl\/en\/wp-json\/wp\/v2\/product\/7260\/revisions"}],"predecessor-version":[{"id":7263,"href":"https:\/\/sztuki.waw.pl\/en\/wp-json\/wp\/v2\/product\/7260\/revisions\/7263"}],"wp:featuredmedia":[{"embeddable":true,"href":"https:\/\/sztuki.waw.pl\/en\/wp-json\/wp\/v2\/media\/7271"}],"wp:attachment":[{"href":"https:\/\/sztuki.waw.pl\/en\/wp-json\/wp\/v2\/media?parent=7260"}],"wp:term":[{"taxonomy":"product_brand","embeddable":true,"href":"https:\/\/sztuki.waw.pl\/en\/wp-json\/wp\/v2\/product_brand?post=7260"},{"taxonomy":"product_cat","embeddable":true,"href":"https:\/\/sztuki.waw.pl\/en\/wp-json\/wp\/v2\/product_cat?post=7260"},{"taxonomy":"product_tag","embeddable":true,"href":"https:\/\/sztuki.waw.pl\/en\/wp-json\/wp\/v2\/product_tag?post=7260"}],"curies":[{"name":"wp","href":"https:\/\/api.w.org\/{rel}","templated":true}]}}