{"id":7351,"date":"2022-09-03T08:32:34","date_gmt":"2022-09-03T06:32:34","guid":{"rendered":"https:\/\/sztuki.waw.pl\/?post_type=product&#038;p=7351"},"modified":"2023-03-08T16:00:56","modified_gmt":"2023-03-08T15:00:56","slug":"bez-tytulu-nikodem-szpunar-11","status":"publish","type":"product","link":"https:\/\/sztuki.waw.pl\/en\/product\/bez-tytulu-nikodem-szpunar-11\/","title":{"rendered":"untitled \/ Nikodem Szpunar"},"content":{"rendered":"<p>Urodzony 7 lipca 1987 roku w Rzeszowie \u2013 projektant mebli, absolwent wzornictwa Akademii Sztuk Pi\u0119knych w Warszawie oraz National College of Art and Design w Dublinie. Na co dzie\u0144 zajmuje si\u0119 projektowaniem mebli i wyposa\u017ceniem wn\u0119trz do produkcji przemys\u0142owej i kr\u00f3tkoseryjnej.<br \/>\nDodatkowo wsp\u00f3\u0142pracuje z agencjami kreatywnymi oraz instytucjami kultury przy projektach wystawienniczych. Jego tw\u00f3rczo\u015b\u0107 zwi\u0105zan\u0105 z wzornictwem przemys\u0142owym mo\u017cna by\u0142o zobaczy\u0107 na mi\u0119dzynarodowych targach, wystawach i eventach bran\u017cowych od Berlina, Mediolanu i Londynu po Nowy Jork, Hongkong i Japoni\u0119.<br \/>\nThe artist's works are distinguished by irregular, colorful shapes on large formats. In his art, Szpunar experiments with geometry, painting his figures using acrylic paint on canvas and paper. He has developed his own technique of painting large circular forms, which he designed himself. When engaging with his art, one encounters works executed with remarkable precision. Upon close inspection, one can often notice the texture of the paint, which stands out from the canvas.<br \/>\nPlakaty s\u0105 w formacie 50&#215;70, wysokiej jako\u015bci druk na papierze 240 gr, edycja jest limitowana, numerowana i podpisana przez artyst\u0119. Przygotowali\u015bmy tylko po 50 szt. z ka\u017cdego plakatu.<\/p>","protected":false},"excerpt":{"rendered":"<p>wysokiej jako\u015bci druk na papierze 240 gr<br \/>\nformat: 50&#215;70 cm<br \/>\nedycja: 50<br \/>\nnumerowany i sygnowany<br \/>\noprawa: brak<\/p>","protected":false},"featured_media":7359,"template":"","meta":[],"product_brand":[],"product_cat":[97],"product_tag":[159],"class_list":{"0":"post-7351","1":"product","2":"type-product","3":"status-publish","4":"has-post-thumbnail","6":"product_cat-grafika","7":"product_tag-szpunar","8":"product_shipping_class-s","10":"first","11":"outofstock","12":"shipping-taxable","13":"purchasable","14":"product-type-simple"},"acf":[],"_links":{"self":[{"href":"https:\/\/sztuki.waw.pl\/en\/wp-json\/wp\/v2\/product\/7351","targetHints":{"allow":["GET"]}}],"collection":[{"href":"https:\/\/sztuki.waw.pl\/en\/wp-json\/wp\/v2\/product"}],"about":[{"href":"https:\/\/sztuki.waw.pl\/en\/wp-json\/wp\/v2\/types\/product"}],"version-history":[{"count":7,"href":"https:\/\/sztuki.waw.pl\/en\/wp-json\/wp\/v2\/product\/7351\/revisions"}],"predecessor-version":[{"id":7975,"href":"https:\/\/sztuki.waw.pl\/en\/wp-json\/wp\/v2\/product\/7351\/revisions\/7975"}],"wp:featuredmedia":[{"embeddable":true,"href":"https:\/\/sztuki.waw.pl\/en\/wp-json\/wp\/v2\/media\/7359"}],"wp:attachment":[{"href":"https:\/\/sztuki.waw.pl\/en\/wp-json\/wp\/v2\/media?parent=7351"}],"wp:term":[{"taxonomy":"product_brand","embeddable":true,"href":"https:\/\/sztuki.waw.pl\/en\/wp-json\/wp\/v2\/product_brand?post=7351"},{"taxonomy":"product_cat","embeddable":true,"href":"https:\/\/sztuki.waw.pl\/en\/wp-json\/wp\/v2\/product_cat?post=7351"},{"taxonomy":"product_tag","embeddable":true,"href":"https:\/\/sztuki.waw.pl\/en\/wp-json\/wp\/v2\/product_tag?post=7351"}],"curies":[{"name":"wp","href":"https:\/\/api.w.org\/{rel}","templated":true}]}}