{"id":7604,"date":"2022-12-16T06:00:07","date_gmt":"2022-12-16T05:00:07","guid":{"rendered":"https:\/\/sztuki.waw.pl\/?post_type=product&#038;p=7604"},"modified":"2025-06-02T09:41:08","modified_gmt":"2025-06-02T07:41:08","slug":"bez-tytulu-nikodem-szpunar-15","status":"publish","type":"product","link":"https:\/\/sztuki.waw.pl\/en\/product\/bez-tytulu-nikodem-szpunar-15\/","title":{"rendered":"untitled \/ Nikodem Szpunar"},"content":{"rendered":"<p>Urodzony 7 lipca 1987 roku w Rzeszowie \u2013 projektant mebli, absolwent wzornictwa Akademii Sztuk Pi\u0119knych w Warszawie oraz National College of Art and Design w Dublinie. Na codzie\u0144 zajmuje si\u0119 projektowaniem mebli i wyposa\u017ceniem wn\u0119trz do produkcji przemys\u0142owej i kr\u00f3tkoseryjnej. Dodatkowo wsp\u00f3\u0142pracuje z agencjami kreatywnymi oraz instytucjami kultury przy projektach wystawienniczych.<\/p>\n<p>Jego tw\u00f3rczo\u015b\u0107 mo\u017cna by\u0142o zobaczy\u0107 na mi\u0119dzynarodowych targach, wystawach i eventach bran\u017cowych od Berlina, Mediolanu i Londynu po Nowy Jork, Hongkong i Japoni\u0119.<\/p>","protected":false},"excerpt":{"rendered":"<p>technique: Acrylic on canvas<br \/>\nformat: 60 x 80 cm<br \/>\noprawa: brak oprawy<br \/>\nrok: 2022<br \/>\nsigned<\/p>","protected":false},"featured_media":7878,"template":"","meta":[],"product_brand":[],"product_cat":[15,91],"product_tag":[159],"class_list":{"0":"post-7604","1":"product","2":"type-product","3":"status-publish","4":"has-post-thumbnail","6":"product_cat-wszystkie","7":"product_cat-malarstwo","8":"product_tag-szpunar","9":"product_shipping_class-l","11":"first","12":"outofstock","13":"shipping-taxable","14":"product-type-simple"},"acf":[],"_links":{"self":[{"href":"https:\/\/sztuki.waw.pl\/en\/wp-json\/wp\/v2\/product\/7604","targetHints":{"allow":["GET"]}}],"collection":[{"href":"https:\/\/sztuki.waw.pl\/en\/wp-json\/wp\/v2\/product"}],"about":[{"href":"https:\/\/sztuki.waw.pl\/en\/wp-json\/wp\/v2\/types\/product"}],"version-history":[{"count":1,"href":"https:\/\/sztuki.waw.pl\/en\/wp-json\/wp\/v2\/product\/7604\/revisions"}],"predecessor-version":[{"id":7881,"href":"https:\/\/sztuki.waw.pl\/en\/wp-json\/wp\/v2\/product\/7604\/revisions\/7881"}],"wp:featuredmedia":[{"embeddable":true,"href":"https:\/\/sztuki.waw.pl\/en\/wp-json\/wp\/v2\/media\/7878"}],"wp:attachment":[{"href":"https:\/\/sztuki.waw.pl\/en\/wp-json\/wp\/v2\/media?parent=7604"}],"wp:term":[{"taxonomy":"product_brand","embeddable":true,"href":"https:\/\/sztuki.waw.pl\/en\/wp-json\/wp\/v2\/product_brand?post=7604"},{"taxonomy":"product_cat","embeddable":true,"href":"https:\/\/sztuki.waw.pl\/en\/wp-json\/wp\/v2\/product_cat?post=7604"},{"taxonomy":"product_tag","embeddable":true,"href":"https:\/\/sztuki.waw.pl\/en\/wp-json\/wp\/v2\/product_tag?post=7604"}],"curies":[{"name":"wp","href":"https:\/\/api.w.org\/{rel}","templated":true}]}}