{"id":7642,"date":"2023-02-18T17:40:15","date_gmt":"2023-02-18T16:40:15","guid":{"rendered":"https:\/\/sztuki.waw.pl\/?post_type=product&#038;p=7642"},"modified":"2024-11-21T15:29:48","modified_gmt":"2024-11-21T14:29:48","slug":"azul-de-altura","status":"publish","type":"product","link":"https:\/\/sztuki.waw.pl\/en\/product\/azul-de-altura\/","title":{"rendered":"Azul \/ De Altura"},"content":{"rendered":"<p>De Altura to projekt prowadzony przez duet: Natali\u0119 i Antoniego Golik, specjalizuj\u0105cy si\u0119 w dziedzinie fotografii, wideo i komunikacji wizualnej.<\/p>\n<p>&#8222;Wsp\u00f3\u0142pracujemy z markami, kt\u00f3re podzielaj\u0105 nasz\u0105 filozofi\u0119 &#8211; te, kt\u00f3re korzeni si\u0119 w rzemie\u015blniczej produkcji r\u0119cznie wykonanych przedmiot\u00f3w, praktykuj\u0105 etyczne metody i utrzymuj\u0105 harmonijn\u0105 relacj\u0119 z natur\u0105. Postrzegamy komunikacj\u0119 wizualn\u0105 jako medium do wyra\u017cania porywaj\u0105cych narracji, odzwierciedlaj\u0105cych to\u017csamo\u015b\u0107 i warto\u015bci. W dziedzinie fotografii preferujemy prac\u0119 przy u\u017cyciu naturalnego \u015bwiat\u0142a i aparat\u00f3w analogowych. Obejmujemy r\u00f3\u017cnorodne tematy, takie jak fotografia kulinarne, krajobrazy, styl \u017cycia, dzie\u0142a sztuki oraz martwe natury.&#8221;<\/p>","protected":false},"excerpt":{"rendered":"<p>druk archiwalny na papierze Hahnem\u00fchle Hemp 290g na podstawie fotografii analogowej<br \/>\nformat: 50 x 70 cm<br \/>\nrok: 2022<br \/>\nedycja: 15 + 2AP<br \/>\noprawiony<br \/>\nsigned<\/p>","protected":false},"featured_media":8088,"template":"","meta":[],"product_brand":[],"product_cat":[15,96],"product_tag":[227],"class_list":{"0":"post-7642","1":"product","2":"type-product","3":"status-publish","4":"has-post-thumbnail","6":"product_cat-wszystkie","7":"product_cat-fotografia","8":"product_tag-de-altura","9":"product_shipping_class-l","11":"first","12":"instock","13":"shipping-taxable","14":"purchasable","15":"product-type-simple"},"acf":[],"_links":{"self":[{"href":"https:\/\/sztuki.waw.pl\/en\/wp-json\/wp\/v2\/product\/7642","targetHints":{"allow":["GET"]}}],"collection":[{"href":"https:\/\/sztuki.waw.pl\/en\/wp-json\/wp\/v2\/product"}],"about":[{"href":"https:\/\/sztuki.waw.pl\/en\/wp-json\/wp\/v2\/types\/product"}],"version-history":[{"count":4,"href":"https:\/\/sztuki.waw.pl\/en\/wp-json\/wp\/v2\/product\/7642\/revisions"}],"predecessor-version":[{"id":8096,"href":"https:\/\/sztuki.waw.pl\/en\/wp-json\/wp\/v2\/product\/7642\/revisions\/8096"}],"wp:featuredmedia":[{"embeddable":true,"href":"https:\/\/sztuki.waw.pl\/en\/wp-json\/wp\/v2\/media\/8088"}],"wp:attachment":[{"href":"https:\/\/sztuki.waw.pl\/en\/wp-json\/wp\/v2\/media?parent=7642"}],"wp:term":[{"taxonomy":"product_brand","embeddable":true,"href":"https:\/\/sztuki.waw.pl\/en\/wp-json\/wp\/v2\/product_brand?post=7642"},{"taxonomy":"product_cat","embeddable":true,"href":"https:\/\/sztuki.waw.pl\/en\/wp-json\/wp\/v2\/product_cat?post=7642"},{"taxonomy":"product_tag","embeddable":true,"href":"https:\/\/sztuki.waw.pl\/en\/wp-json\/wp\/v2\/product_tag?post=7642"}],"curies":[{"name":"wp","href":"https:\/\/api.w.org\/{rel}","templated":true}]}}