{"id":8190,"date":"2023-03-24T18:29:24","date_gmt":"2023-03-24T17:29:24","guid":{"rendered":"https:\/\/sztuki.waw.pl\/?post_type=product&#038;p=8190"},"modified":"2023-12-15T08:06:55","modified_gmt":"2023-12-15T07:06:55","slug":"bez-tytulu-olga-szczechowska-6","status":"publish","type":"product","link":"https:\/\/sztuki.waw.pl\/en\/product\/bez-tytulu-olga-szczechowska-6\/","title":{"rendered":"bez tytu\u0142u \/ Olga Szczechowska"},"content":{"rendered":"<p>Olga Szczechowska (ur. 1987, Radom) malarka i ilustratorka. Mieszka i pracuje w Warszawie. Uko\u0144czy\u0142a malarstwo i kulturoznawstwo na Uniwersytecie Miko\u0142aja Kopernika w Toruniu. Jest podw\u00f3jn\u0105 stypendystk\u0105 Prezydenta Miasta Torunia w dziedzinie kultury. Geometryczne, uproszczone formy jej malarskich przedstawien\u0301 lawiruja\u0328 pomie\u0328dzy realizmem a abstrakcja\u0328, kaz\u0307a\u0328c widzowi odnosic\u0301 ich wewne\u0328trzna\u0328 rzeczywistos\u0301c\u0301 do znanego mu s\u0301wiata. Podobnie w przypadku minimalistycznych kolaz\u0307y \u2013 kt\u00f3re artystka wykonuje z prostych form o zr\u00f3z\u0307nicowanych fakturach. Jest autork\u0105 ok\u0142adki Notesu na 6 tygodni (#106 lipiec-sierpie\u0144-wrzesie\u0144 2016) oraz publikowa\u0142a ilustracje w magazynach G&#8217;rls room, Kukbuk, Contemporary Lynx, Visegrad Insight.<\/p>","protected":false},"excerpt":{"rendered":"<p>technika: kola\u017c z papieru<br \/>\nformat: 15 x 21 cm<br \/>\nrok: 2022<br \/>\noprawa: drewniana rama<br \/>\nformat oprawy: 17 x 23 cm<br \/>\nsigned<\/p>","protected":false},"featured_media":8195,"template":"","meta":[],"product_brand":[],"product_cat":[15,92,81],"product_tag":[136],"class_list":{"0":"post-8190","1":"product","2":"type-product","3":"status-publish","4":"has-post-thumbnail","6":"product_cat-wszystkie","7":"product_cat-kolaz","8":"product_cat-nowosci","9":"product_tag-szczechowska","10":"product_shipping_class-m","12":"first","13":"outofstock","14":"sold-individually","15":"shipping-taxable","16":"purchasable","17":"product-type-simple"},"acf":[],"_links":{"self":[{"href":"https:\/\/sztuki.waw.pl\/en\/wp-json\/wp\/v2\/product\/8190","targetHints":{"allow":["GET"]}}],"collection":[{"href":"https:\/\/sztuki.waw.pl\/en\/wp-json\/wp\/v2\/product"}],"about":[{"href":"https:\/\/sztuki.waw.pl\/en\/wp-json\/wp\/v2\/types\/product"}],"version-history":[{"count":1,"href":"https:\/\/sztuki.waw.pl\/en\/wp-json\/wp\/v2\/product\/8190\/revisions"}],"predecessor-version":[{"id":8191,"href":"https:\/\/sztuki.waw.pl\/en\/wp-json\/wp\/v2\/product\/8190\/revisions\/8191"}],"wp:featuredmedia":[{"embeddable":true,"href":"https:\/\/sztuki.waw.pl\/en\/wp-json\/wp\/v2\/media\/8195"}],"wp:attachment":[{"href":"https:\/\/sztuki.waw.pl\/en\/wp-json\/wp\/v2\/media?parent=8190"}],"wp:term":[{"taxonomy":"product_brand","embeddable":true,"href":"https:\/\/sztuki.waw.pl\/en\/wp-json\/wp\/v2\/product_brand?post=8190"},{"taxonomy":"product_cat","embeddable":true,"href":"https:\/\/sztuki.waw.pl\/en\/wp-json\/wp\/v2\/product_cat?post=8190"},{"taxonomy":"product_tag","embeddable":true,"href":"https:\/\/sztuki.waw.pl\/en\/wp-json\/wp\/v2\/product_tag?post=8190"}],"curies":[{"name":"wp","href":"https:\/\/api.w.org\/{rel}","templated":true}]}}