{"id":8379,"date":"2023-05-25T16:05:49","date_gmt":"2023-05-25T14:05:49","guid":{"rendered":"https:\/\/sztuki.waw.pl\/?post_type=product&#038;p=8379"},"modified":"2026-01-15T16:45:57","modified_gmt":"2026-01-15T15:45:57","slug":"plakat-messy-bed-marco-marella","status":"publish","type":"product","link":"https:\/\/sztuki.waw.pl\/en\/product\/plakat-messy-bed-marco-marella\/","title":{"rendered":"plakat Messy bed \/ Marco Marella"},"content":{"rendered":"<p>Marco Marella jest artyst\u0105 z 30-letnim do\u015bwiadczeniem w projektowaniu graficznym. Jego prace by\u0142y wielokrotnie nagradzane przez American Illustration oraz przez zar\u00f3wno w\u0142oskie, jak i brytyjskie stowarzyszenia ilustrator\u00f3w.<br \/>\nUrodzi\u0142 si\u0119 i nadal mieszka w Wenecji we W\u0142oszech. W przeplataj\u0105cych si\u0119 kolorach, \u015bwiat\u0142ach i kszta\u0142tach, widocznych w jego pracach, odnajduje spok\u00f3j, rado\u015b\u0107 i nieko\u0144cz\u0105ce si\u0119 inspiracje.<\/p>","protected":false},"excerpt":{"rendered":"<p>technika: wysokiej jako\u015bci druk na papierze 250g<br \/>\nformat: 50 x 70 cm<br \/>\nedycja: nielimitowana<br \/>\noprawa: brak oprawy<\/p>","protected":false},"featured_media":8430,"template":"","meta":[],"product_brand":[],"product_cat":[15,150],"product_tag":[],"class_list":{"0":"post-8379","1":"product","2":"type-product","3":"status-publish","4":"has-post-thumbnail","6":"product_cat-wszystkie","7":"product_cat-plakat","8":"product_shipping_class-s","10":"first","11":"instock","12":"shipping-taxable","13":"purchasable","14":"product-type-simple"},"acf":[],"_links":{"self":[{"href":"https:\/\/sztuki.waw.pl\/en\/wp-json\/wp\/v2\/product\/8379","targetHints":{"allow":["GET"]}}],"collection":[{"href":"https:\/\/sztuki.waw.pl\/en\/wp-json\/wp\/v2\/product"}],"about":[{"href":"https:\/\/sztuki.waw.pl\/en\/wp-json\/wp\/v2\/types\/product"}],"version-history":[{"count":7,"href":"https:\/\/sztuki.waw.pl\/en\/wp-json\/wp\/v2\/product\/8379\/revisions"}],"predecessor-version":[{"id":9269,"href":"https:\/\/sztuki.waw.pl\/en\/wp-json\/wp\/v2\/product\/8379\/revisions\/9269"}],"wp:featuredmedia":[{"embeddable":true,"href":"https:\/\/sztuki.waw.pl\/en\/wp-json\/wp\/v2\/media\/8430"}],"wp:attachment":[{"href":"https:\/\/sztuki.waw.pl\/en\/wp-json\/wp\/v2\/media?parent=8379"}],"wp:term":[{"taxonomy":"product_brand","embeddable":true,"href":"https:\/\/sztuki.waw.pl\/en\/wp-json\/wp\/v2\/product_brand?post=8379"},{"taxonomy":"product_cat","embeddable":true,"href":"https:\/\/sztuki.waw.pl\/en\/wp-json\/wp\/v2\/product_cat?post=8379"},{"taxonomy":"product_tag","embeddable":true,"href":"https:\/\/sztuki.waw.pl\/en\/wp-json\/wp\/v2\/product_tag?post=8379"}],"curies":[{"name":"wp","href":"https:\/\/api.w.org\/{rel}","templated":true}]}}