{"id":8404,"date":"2023-06-02T14:49:30","date_gmt":"2023-06-02T12:49:30","guid":{"rendered":"https:\/\/sztuki.waw.pl\/?post_type=product&#038;p=8404"},"modified":"2026-02-18T16:23:34","modified_gmt":"2026-02-18T15:23:34","slug":"plakat-epiphany-maarten-leon-2","status":"publish","type":"product","link":"https:\/\/sztuki.waw.pl\/en\/product\/plakat-epiphany-maarten-leon-2\/","title":{"rendered":"plakat Epiphany \/ Maarten L\u00e9on"},"content":{"rendered":"<p>Maarten L\u00e9on jest artyst\u0105 z Amsterdamu, specjalizuj\u0105cym si\u0119 w kola\u017cach. Opisuje sw\u00f3j styl jako minimalistyczny surrealizm, a w\u0142asn\u0105 tw\u00f3rczo\u015b\u0107 okre\u015bla mianem ody do dorastania i autorefleksji. Jego prace zg\u0142\u0119biaj\u0105 cudy i absurdy rzeczywisto\u015bci. W procesie tw\u00f3rczym wykorzystuje mieszank\u0119 materia\u0142\u00f3w analogowych i technik cyfrowych, jego prace charakteryzuje schludna estetyka i taka te\u017c kompozycja.<\/p>\n<p>Ilustracja graficzna inspirowana niezwyk\u0142ym doznaniem, ol\u015bnieniem. Ta grafika ilustruje posta\u0107 ludzk\u0105 w kolorze niebieskim z d\u0142ug\u0105 bia\u0142\u0105 lini\u0105; pasuje ona zar\u00f3wno do klasycznych, jak i nowoczesnych dom\u00f3w. Plakat, kt\u00f3ry nigdy nie wychodzi z mody! Inspiracja grafik\u0105 i plakatem pochodzi ze wsp\u00f3\u0142czesnych trend\u00f3w.<\/p>","protected":false},"excerpt":{"rendered":"<p>technika: wysokiej jako\u015bci druk na papierze 250g<br \/>\nformat: 50 x 70 cm<br \/>\nedycja: nielimitowana<br \/>\noprawa: brak oprawy<\/p>","protected":false},"featured_media":10470,"template":"","meta":[],"product_brand":[],"product_cat":[15,150],"product_tag":[],"class_list":{"0":"post-8404","1":"product","2":"type-product","3":"status-publish","4":"has-post-thumbnail","6":"product_cat-wszystkie","7":"product_cat-plakat","8":"product_shipping_class-s","10":"first","11":"instock","12":"shipping-taxable","13":"purchasable","14":"product-type-simple"},"acf":[],"_links":{"self":[{"href":"https:\/\/sztuki.waw.pl\/en\/wp-json\/wp\/v2\/product\/8404","targetHints":{"allow":["GET"]}}],"collection":[{"href":"https:\/\/sztuki.waw.pl\/en\/wp-json\/wp\/v2\/product"}],"about":[{"href":"https:\/\/sztuki.waw.pl\/en\/wp-json\/wp\/v2\/types\/product"}],"version-history":[{"count":4,"href":"https:\/\/sztuki.waw.pl\/en\/wp-json\/wp\/v2\/product\/8404\/revisions"}],"predecessor-version":[{"id":9268,"href":"https:\/\/sztuki.waw.pl\/en\/wp-json\/wp\/v2\/product\/8404\/revisions\/9268"}],"wp:featuredmedia":[{"embeddable":true,"href":"https:\/\/sztuki.waw.pl\/en\/wp-json\/wp\/v2\/media\/10470"}],"wp:attachment":[{"href":"https:\/\/sztuki.waw.pl\/en\/wp-json\/wp\/v2\/media?parent=8404"}],"wp:term":[{"taxonomy":"product_brand","embeddable":true,"href":"https:\/\/sztuki.waw.pl\/en\/wp-json\/wp\/v2\/product_brand?post=8404"},{"taxonomy":"product_cat","embeddable":true,"href":"https:\/\/sztuki.waw.pl\/en\/wp-json\/wp\/v2\/product_cat?post=8404"},{"taxonomy":"product_tag","embeddable":true,"href":"https:\/\/sztuki.waw.pl\/en\/wp-json\/wp\/v2\/product_tag?post=8404"}],"curies":[{"name":"wp","href":"https:\/\/api.w.org\/{rel}","templated":true}]}}