{"id":8866,"date":"2023-10-31T16:55:32","date_gmt":"2023-10-31T15:55:32","guid":{"rendered":"https:\/\/sztuki.waw.pl\/?post_type=product&#038;p=8866"},"modified":"2024-11-29T16:09:36","modified_gmt":"2024-11-29T15:09:36","slug":"agata-bogacka-obrazy-2016-2022","status":"publish","type":"product","link":"https:\/\/sztuki.waw.pl\/en\/product\/agata-bogacka-obrazy-2016-2022\/","title":{"rendered":"Agata Bogacka. Obrazy 2016 &#8211; 2022"},"content":{"rendered":"<p>Agata Bogacka jest malark\u0105 urodzon\u0105 w 1976 roku w Warszawie. W 2001 roku uko\u0144czy\u0142a Akademi\u0119 Sztuk Pi\u0119knych w Warszawie, szybko zyskuj\u0105c uznanie dzi\u0119ki syntetycznym i figuratywnym obrazom, zwanym \u201emalarskim pami\u0119tnikiem stan\u00f3w psychicznych\u201d, w kt\u00f3rym rejestrowa\u0142a emocje i uczucia wobec ukochanej osoby.\u00a0 Z biegiem czasu jej obrazy ewoluowa\u0142y, a bezpo\u015brednie odniesienia do rzeczywisto\u015bci stawa\u0142y si\u0119 coraz bardziej abstrakcyjne.<\/p>\n<p>Najnowsze prace artystki opieraj\u0105 si\u0119 na konfiguracji p\u0142aszczyzn za pomoc\u0105 przej\u015b\u0107 tonalnych. Zastosowany gradient symbolizuje zacieranie si\u0119 granic i ich ustalenie, bezpo\u015brednio nawi\u0105zuj\u0105c do skomplikowanych wi\u0119zi istniej\u0105cych mi\u0119dzy lud\u017ami. Relacje te mo\u017cna rozumie\u0107 szerzej, obejmuj\u0105c r\u00f3\u017cne mo\u017cliwo\u015bci wsp\u00f3\u0142\u017cycia: politycznego, spo\u0142ecznego, opresyjnego czy ugodowego.<\/p>","protected":false},"excerpt":{"rendered":"<p>redakcja: Gunia Nowik<br \/>\ntyp ok\u0142adki: twarda<br \/>\nwymiary: 24 x 30 cm<br \/>\nilo\u015b\u0107 stron: 264<br \/>\nwydawnictwo: 77 PRESS | Gunia Nowik Gallery<br \/>\ndata wydania: 2023<br \/>\nj\u0119zyk wydania: polski<br \/>\nISBN: 978-83-96619-1-6<\/p>","protected":false},"featured_media":8980,"template":"","meta":[],"product_brand":[],"product_cat":[15,100],"product_tag":[118],"class_list":{"0":"post-8866","1":"product","2":"type-product","3":"status-publish","4":"has-post-thumbnail","6":"product_cat-wszystkie","7":"product_cat-albumy_ksiazki","8":"product_tag-bogacka","9":"product_shipping_class-s","11":"first","12":"instock","13":"shipping-taxable","14":"purchasable","15":"product-type-simple"},"acf":[],"_links":{"self":[{"href":"https:\/\/sztuki.waw.pl\/en\/wp-json\/wp\/v2\/product\/8866","targetHints":{"allow":["GET"]}}],"collection":[{"href":"https:\/\/sztuki.waw.pl\/en\/wp-json\/wp\/v2\/product"}],"about":[{"href":"https:\/\/sztuki.waw.pl\/en\/wp-json\/wp\/v2\/types\/product"}],"version-history":[{"count":1,"href":"https:\/\/sztuki.waw.pl\/en\/wp-json\/wp\/v2\/product\/8866\/revisions"}],"predecessor-version":[{"id":8867,"href":"https:\/\/sztuki.waw.pl\/en\/wp-json\/wp\/v2\/product\/8866\/revisions\/8867"}],"wp:featuredmedia":[{"embeddable":true,"href":"https:\/\/sztuki.waw.pl\/en\/wp-json\/wp\/v2\/media\/8980"}],"wp:attachment":[{"href":"https:\/\/sztuki.waw.pl\/en\/wp-json\/wp\/v2\/media?parent=8866"}],"wp:term":[{"taxonomy":"product_brand","embeddable":true,"href":"https:\/\/sztuki.waw.pl\/en\/wp-json\/wp\/v2\/product_brand?post=8866"},{"taxonomy":"product_cat","embeddable":true,"href":"https:\/\/sztuki.waw.pl\/en\/wp-json\/wp\/v2\/product_cat?post=8866"},{"taxonomy":"product_tag","embeddable":true,"href":"https:\/\/sztuki.waw.pl\/en\/wp-json\/wp\/v2\/product_tag?post=8866"}],"curies":[{"name":"wp","href":"https:\/\/api.w.org\/{rel}","templated":true}]}}