{"id":8870,"date":"2024-11-28T11:48:22","date_gmt":"2024-11-28T10:48:22","guid":{"rendered":"https:\/\/sztuki.waw.pl\/?post_type=product&#038;p=8870"},"modified":"2025-12-17T10:39:26","modified_gmt":"2025-12-17T09:39:26","slug":"niedenthal-na-freelansie-polska-lat-70","status":"publish","type":"product","link":"https:\/\/sztuki.waw.pl\/en\/product\/niedenthal-na-freelansie-polska-lat-70\/","title":{"rendered":"Niedenthal. Na freelansie. Polska lat 70."},"content":{"rendered":"<p>Chris Niedenthal zacz\u0105\u0142 przyje\u017cd\u017ca\u0107 do Polski z Londynu jako nastolatek, ciekawy kraju, z kt\u00f3rego pochodz\u0105 jego rodzice. Z czasem osiad\u0142 na sta\u0142e w Warszawie. Wszystkie zdj\u0119cia w tym albumie zosta\u0142y wykonane w latach 70-tych. Wi\u0119kszo\u015b\u0107 z nich publikowana jest po raz pierwszy. To zbi\u00f3r obraz\u00f3w ojczyzny Niedenthala, kt\u00f3r\u0105 dopiero poznawa\u0142, a tak\u017ce wgl\u0105d w proces kszta\u0142towania si\u0119 jego dokumentalnego stylu.<\/p>\n<p>Ksi\u0105\u017cka pod redakcj\u0105 Julii Staniszewskiej, ze wst\u0119pem Andy Rottenberg.<\/p>","protected":false},"excerpt":{"rendered":"<p>redakcja: Julia Staniszewska<br \/>\ntyp ok\u0142adki: twarda<br \/>\nwymiary: 25 x 24 cm<br \/>\nilo\u015b\u0107 stron: 332<br \/>\nwydawnictwo: 77PRESS<br \/>\ndata wydania: 2022<br \/>\nj\u0119zyk wydania: polski<br \/>\nISBN: 978-83-966-3199-2<\/p>","protected":false},"featured_media":11221,"template":"","meta":[],"product_brand":[],"product_cat":[15,100,96],"product_tag":[234,236,237],"class_list":{"0":"post-8870","1":"product","2":"type-product","3":"status-publish","4":"has-post-thumbnail","6":"product_cat-wszystkie","7":"product_cat-albumy_ksiazki","8":"product_cat-fotografia","9":"product_tag-77press","10":"product_tag-niedenthal","11":"product_tag-polska","12":"product_shipping_class-s","14":"first","15":"outofstock","16":"shipping-taxable","17":"purchasable","18":"product-type-simple"},"acf":[],"_links":{"self":[{"href":"https:\/\/sztuki.waw.pl\/en\/wp-json\/wp\/v2\/product\/8870","targetHints":{"allow":["GET"]}}],"collection":[{"href":"https:\/\/sztuki.waw.pl\/en\/wp-json\/wp\/v2\/product"}],"about":[{"href":"https:\/\/sztuki.waw.pl\/en\/wp-json\/wp\/v2\/types\/product"}],"version-history":[{"count":3,"href":"https:\/\/sztuki.waw.pl\/en\/wp-json\/wp\/v2\/product\/8870\/revisions"}],"predecessor-version":[{"id":9244,"href":"https:\/\/sztuki.waw.pl\/en\/wp-json\/wp\/v2\/product\/8870\/revisions\/9244"}],"wp:featuredmedia":[{"embeddable":true,"href":"https:\/\/sztuki.waw.pl\/en\/wp-json\/wp\/v2\/media\/11221"}],"wp:attachment":[{"href":"https:\/\/sztuki.waw.pl\/en\/wp-json\/wp\/v2\/media?parent=8870"}],"wp:term":[{"taxonomy":"product_brand","embeddable":true,"href":"https:\/\/sztuki.waw.pl\/en\/wp-json\/wp\/v2\/product_brand?post=8870"},{"taxonomy":"product_cat","embeddable":true,"href":"https:\/\/sztuki.waw.pl\/en\/wp-json\/wp\/v2\/product_cat?post=8870"},{"taxonomy":"product_tag","embeddable":true,"href":"https:\/\/sztuki.waw.pl\/en\/wp-json\/wp\/v2\/product_tag?post=8870"}],"curies":[{"name":"wp","href":"https:\/\/api.w.org\/{rel}","templated":true}]}}