{"id":8944,"date":"2024-03-23T18:12:49","date_gmt":"2024-03-23T17:12:49","guid":{"rendered":"https:\/\/sztuki.waw.pl\/?post_type=product&#038;p=8944"},"modified":"2024-10-07T11:44:31","modified_gmt":"2024-10-07T09:44:31","slug":"plasy-seria-ksztalty-monika-proniewska","status":"publish","type":"product","link":"https:\/\/sztuki.waw.pl\/en\/product\/plasy-seria-ksztalty-monika-proniewska\/","title":{"rendered":"Plays \/ Shapes Series \/ Monika Proniewska"},"content":{"rendered":"<p>graphic designer, along with Paulina Ufna\u0142, co-founded the graphic studio hekla. a graduate of the Academy of Fine Arts in Warsaw and cultural studies at the University of Warsaw. from 2012 to 2013, she studied graphic design and illustration at \u00c9cole Nationale Sup\u00e9rieure des Arts D\u00e9coratifs in Paris and from 2016 to 2017, graphic design at EINA University School of Design and Art in Barcelona.<\/p>","protected":false},"excerpt":{"rendered":"<p class=\" translation-block\">technique: monotype, linocut, original technique<br> size: 27 x 33 cm<br> year: 2023<br> framing: wooden frame<\/p>\n<p class=\" translation-block\">framing size: 30 x 40 cm<br> signed, numbered<\/p>","protected":false},"featured_media":9308,"template":"","meta":[],"product_brand":[],"product_cat":[15,97],"product_tag":[142,238],"class_list":{"0":"post-8944","1":"product","2":"type-product","3":"status-publish","4":"has-post-thumbnail","6":"product_cat-wszystkie","7":"product_cat-grafika","8":"product_tag-hekla","9":"product_tag-proniewska","10":"product_shipping_class-s","12":"first","13":"outofstock","14":"shipping-taxable","15":"purchasable","16":"product-type-simple"},"acf":[],"_links":{"self":[{"href":"https:\/\/sztuki.waw.pl\/en\/wp-json\/wp\/v2\/product\/8944","targetHints":{"allow":["GET"]}}],"collection":[{"href":"https:\/\/sztuki.waw.pl\/en\/wp-json\/wp\/v2\/product"}],"about":[{"href":"https:\/\/sztuki.waw.pl\/en\/wp-json\/wp\/v2\/types\/product"}],"version-history":[{"count":4,"href":"https:\/\/sztuki.waw.pl\/en\/wp-json\/wp\/v2\/product\/8944\/revisions"}],"predecessor-version":[{"id":9312,"href":"https:\/\/sztuki.waw.pl\/en\/wp-json\/wp\/v2\/product\/8944\/revisions\/9312"}],"wp:featuredmedia":[{"embeddable":true,"href":"https:\/\/sztuki.waw.pl\/en\/wp-json\/wp\/v2\/media\/9308"}],"wp:attachment":[{"href":"https:\/\/sztuki.waw.pl\/en\/wp-json\/wp\/v2\/media?parent=8944"}],"wp:term":[{"taxonomy":"product_brand","embeddable":true,"href":"https:\/\/sztuki.waw.pl\/en\/wp-json\/wp\/v2\/product_brand?post=8944"},{"taxonomy":"product_cat","embeddable":true,"href":"https:\/\/sztuki.waw.pl\/en\/wp-json\/wp\/v2\/product_cat?post=8944"},{"taxonomy":"product_tag","embeddable":true,"href":"https:\/\/sztuki.waw.pl\/en\/wp-json\/wp\/v2\/product_tag?post=8944"}],"curies":[{"name":"wp","href":"https:\/\/api.w.org\/{rel}","templated":true}]}}