{"id":9410,"date":"2024-05-08T15:40:05","date_gmt":"2024-05-08T13:40:05","guid":{"rendered":"https:\/\/sztuki.waw.pl\/?post_type=product&#038;p=9410"},"modified":"2025-11-21T13:50:03","modified_gmt":"2025-11-21T12:50:03","slug":"plakat-mountain-in-snow","status":"publish","type":"product","link":"https:\/\/sztuki.waw.pl\/en\/product\/plakat-mountain-in-snow\/","title":{"rendered":"plakat Mountain in snow"},"content":{"rendered":"<p>Plakat z o\u015bnie\u017con\u0105 g\u00f3r\u0105, kt\u00f3ra stoi wysoko na tle barw od g\u0142\u0119bokich b\u0142\u0119kit\u00f3w i fiolet\u00f3w odbijaj\u0105cych si\u0119 w wodzie po bia\u0142o-fioletowy szczyt g\u00f3ry. Ten plakat oddaje harmoni\u0119 pi\u0119kna natury.<\/p>","protected":false},"excerpt":{"rendered":"<p class=\" translation-block\">technique: high-quality print on 200g paper<br> sice: 50 x 70 cm<br> edition: unlimited<br> framing: unframed<\/p>","protected":false},"featured_media":11199,"template":"","meta":[],"product_brand":[],"product_cat":[15,150],"product_tag":[],"class_list":{"0":"post-9410","1":"product","2":"type-product","3":"status-publish","4":"has-post-thumbnail","6":"product_cat-wszystkie","7":"product_cat-plakat","8":"product_shipping_class-m","10":"first","11":"outofstock","12":"shipping-taxable","13":"purchasable","14":"product-type-simple"},"acf":[],"_links":{"self":[{"href":"https:\/\/sztuki.waw.pl\/en\/wp-json\/wp\/v2\/product\/9410","targetHints":{"allow":["GET"]}}],"collection":[{"href":"https:\/\/sztuki.waw.pl\/en\/wp-json\/wp\/v2\/product"}],"about":[{"href":"https:\/\/sztuki.waw.pl\/en\/wp-json\/wp\/v2\/types\/product"}],"version-history":[{"count":1,"href":"https:\/\/sztuki.waw.pl\/en\/wp-json\/wp\/v2\/product\/9410\/revisions"}],"predecessor-version":[{"id":9411,"href":"https:\/\/sztuki.waw.pl\/en\/wp-json\/wp\/v2\/product\/9410\/revisions\/9411"}],"wp:featuredmedia":[{"embeddable":true,"href":"https:\/\/sztuki.waw.pl\/en\/wp-json\/wp\/v2\/media\/11199"}],"wp:attachment":[{"href":"https:\/\/sztuki.waw.pl\/en\/wp-json\/wp\/v2\/media?parent=9410"}],"wp:term":[{"taxonomy":"product_brand","embeddable":true,"href":"https:\/\/sztuki.waw.pl\/en\/wp-json\/wp\/v2\/product_brand?post=9410"},{"taxonomy":"product_cat","embeddable":true,"href":"https:\/\/sztuki.waw.pl\/en\/wp-json\/wp\/v2\/product_cat?post=9410"},{"taxonomy":"product_tag","embeddable":true,"href":"https:\/\/sztuki.waw.pl\/en\/wp-json\/wp\/v2\/product_tag?post=9410"}],"curies":[{"name":"wp","href":"https:\/\/api.w.org\/{rel}","templated":true}]}}