{"id":9499,"date":"2024-06-13T17:07:52","date_gmt":"2024-06-13T15:07:52","guid":{"rendered":"https:\/\/sztuki.waw.pl\/?post_type=product&#038;p=9499"},"modified":"2024-12-14T18:28:49","modified_gmt":"2024-12-14T17:28:49","slug":"bez-tytulu-sonia-dubois","status":"publish","type":"product","link":"https:\/\/sztuki.waw.pl\/en\/product\/bez-tytulu-sonia-dubois\/","title":{"rendered":"untitled \/ Sonia Dubois"},"content":{"rendered":"<p>Sonia Dubois to polsko-francuska artystka wizualna. Architektka z wykszta\u0142cenia. Jej prace to mieszanka linoryt\u00f3w, papierowych relief\u00f3w, wielowarstwowych, t\u0142oczonych w papierze p\u0142askorze\u017ab. R\u0119kodzie\u0142a Dubois s\u0105 inspirowane natur\u0105, jej r\u00f3\u017cnorodno\u015bci\u0105 i zagadkowo\u015bci\u0105. Ultramaryna, z\u0142ota ziele\u0144, kolor gleby i biel \u2013 to dominuj\u0105ce kolory w tw\u00f3rczo\u015bci artystki. Jej sztuka to ho\u0142d w stron\u0119 polskiego lasu i \u0142\u0105ki, do drzewa i wszystkich jego mieszka\u0144c\u00f3w.<\/p>","protected":false},"excerpt":{"rendered":"<p class=\" translation-block\">Technique: Linocut on white cardboard<br>\nSize: 50 x 70 cm<br>\nYear: 2024<br>\nEdition: 2<br>\nFramed<br>\nFrame Size: 55 x 75 cm<br>\nNumbered and signed<\/p>\n<p class=\" translation-block\">We have one unframed work available. If you are interested, please contact us via email at sklep@sztuki.waw.pl.<\/p>","protected":false},"featured_media":9701,"template":"","meta":[],"product_brand":[],"product_cat":[15,97,81],"product_tag":[127],"class_list":{"0":"post-9499","1":"product","2":"type-product","3":"status-publish","4":"has-post-thumbnail","6":"product_cat-wszystkie","7":"product_cat-grafika","8":"product_cat-nowosci","9":"product_tag-dubois","10":"product_shipping_class-l","12":"first","13":"outofstock","14":"shipping-taxable","15":"purchasable","16":"product-type-simple"},"acf":[],"_links":{"self":[{"href":"https:\/\/sztuki.waw.pl\/en\/wp-json\/wp\/v2\/product\/9499","targetHints":{"allow":["GET"]}}],"collection":[{"href":"https:\/\/sztuki.waw.pl\/en\/wp-json\/wp\/v2\/product"}],"about":[{"href":"https:\/\/sztuki.waw.pl\/en\/wp-json\/wp\/v2\/types\/product"}],"version-history":[{"count":5,"href":"https:\/\/sztuki.waw.pl\/en\/wp-json\/wp\/v2\/product\/9499\/revisions"}],"predecessor-version":[{"id":10572,"href":"https:\/\/sztuki.waw.pl\/en\/wp-json\/wp\/v2\/product\/9499\/revisions\/10572"}],"wp:featuredmedia":[{"embeddable":true,"href":"https:\/\/sztuki.waw.pl\/en\/wp-json\/wp\/v2\/media\/9701"}],"wp:attachment":[{"href":"https:\/\/sztuki.waw.pl\/en\/wp-json\/wp\/v2\/media?parent=9499"}],"wp:term":[{"taxonomy":"product_brand","embeddable":true,"href":"https:\/\/sztuki.waw.pl\/en\/wp-json\/wp\/v2\/product_brand?post=9499"},{"taxonomy":"product_cat","embeddable":true,"href":"https:\/\/sztuki.waw.pl\/en\/wp-json\/wp\/v2\/product_cat?post=9499"},{"taxonomy":"product_tag","embeddable":true,"href":"https:\/\/sztuki.waw.pl\/en\/wp-json\/wp\/v2\/product_tag?post=9499"}],"curies":[{"name":"wp","href":"https:\/\/api.w.org\/{rel}","templated":true}]}}