{"id":9546,"date":"2024-06-27T15:21:19","date_gmt":"2024-06-27T13:21:19","guid":{"rendered":"https:\/\/sztuki.waw.pl\/?post_type=product&#038;p=9546"},"modified":"2025-06-30T17:23:52","modified_gmt":"2025-06-30T15:23:52","slug":"becoming-ewa-budka","status":"publish","type":"product","link":"https:\/\/sztuki.waw.pl\/en\/product\/becoming-ewa-budka\/","title":{"rendered":"Becoming \/ Ewa Budka"},"content":{"rendered":"<p>Ewa Budka jest absolwentk\u0105 Wydzia\u0142u Grafiki Akademii Sztuk Pi\u0119knych w Warszawie, gdzie studiowa\u0142a grafik\u0119 warsztatow\u0105 i projektowanie graficzne. Nagrodzona stypendium artystycznym w Milwaukee Institute of Art and Design w MKE, USA Budka sfinalizowa\u0142a swoje badania nad rzadko praktykowan\u0105 japo\u0144sk\u0105 technik\u0105 drukowania zwan\u0105 Mokulito, tworz\u0105c w\u0142asn\u0105 technik\u0119 drukowania nazwan\u0105 jej imieniem, Budkalito. Ekscytuj\u0105ce wyniki bada\u0144 Budkalito pozwoli\u0142y jej podr\u00f3\u017cowa\u0107 i wyk\u0142ada\u0107 na ca\u0142ym \u015bwiecie.<\/p>\n<p>Jej prace by\u0142y prezentowane na licznych wystawach indywidualnych i zbiorowych w Polsce (Warszawa, Katowice, Gda\u0144sk, Krak\u00f3w) i za granic\u0105, m.in. w Nowym Jorku, Pary\u017cu, na Korsyce, w Londynie, Los Angeles, Milwaukee, St. Louis i Tokio.<\/p>\n<p>Budka jest artystk\u0105 multidyscyplinarn\u0105, specjalizuj\u0105c\u0105 si\u0119 w r\u00f3\u017cnych technikach rysunku, malarstwa i grafiki. Prace tworzone przez Budk\u0119 s\u0105 jej sposobem na komunikacj\u0119 ze \u015bwiatem zewn\u0119trznym. Kolorowe, r\u0119cznie wykonane znaki na papierze s\u0105 notatkami z wszech\u015bwiata Budki do zewn\u0119trznej rzeczywisto\u015bci. Pokazuj\u0105 frustracj\u0119, mi\u0142o\u015b\u0107 i walk\u0119 jako reakcj\u0119 na prymitywne ludzkie instynkty.<\/p>","protected":false},"excerpt":{"rendered":"<p>technika: druk cyfrowy na papierze Fabriano na podstawie budkalito (technika w\u0142asna)<br \/>\nformat: 50&#215;70 cm<br \/>\nrok: 2022<br \/>\nbrak oprawy<br \/>\nsigned<\/p>","protected":false},"featured_media":10488,"template":"","meta":[],"product_brand":[],"product_cat":[15,97],"product_tag":[228],"class_list":{"0":"post-9546","1":"product","2":"type-product","3":"status-publish","4":"has-post-thumbnail","6":"product_cat-wszystkie","7":"product_cat-grafika","8":"product_tag-budka","9":"product_shipping_class-l","11":"first","12":"outofstock","13":"shipping-taxable","14":"purchasable","15":"product-type-simple"},"acf":[],"_links":{"self":[{"href":"https:\/\/sztuki.waw.pl\/en\/wp-json\/wp\/v2\/product\/9546","targetHints":{"allow":["GET"]}}],"collection":[{"href":"https:\/\/sztuki.waw.pl\/en\/wp-json\/wp\/v2\/product"}],"about":[{"href":"https:\/\/sztuki.waw.pl\/en\/wp-json\/wp\/v2\/types\/product"}],"version-history":[{"count":1,"href":"https:\/\/sztuki.waw.pl\/en\/wp-json\/wp\/v2\/product\/9546\/revisions"}],"predecessor-version":[{"id":9547,"href":"https:\/\/sztuki.waw.pl\/en\/wp-json\/wp\/v2\/product\/9546\/revisions\/9547"}],"wp:featuredmedia":[{"embeddable":true,"href":"https:\/\/sztuki.waw.pl\/en\/wp-json\/wp\/v2\/media\/10488"}],"wp:attachment":[{"href":"https:\/\/sztuki.waw.pl\/en\/wp-json\/wp\/v2\/media?parent=9546"}],"wp:term":[{"taxonomy":"product_brand","embeddable":true,"href":"https:\/\/sztuki.waw.pl\/en\/wp-json\/wp\/v2\/product_brand?post=9546"},{"taxonomy":"product_cat","embeddable":true,"href":"https:\/\/sztuki.waw.pl\/en\/wp-json\/wp\/v2\/product_cat?post=9546"},{"taxonomy":"product_tag","embeddable":true,"href":"https:\/\/sztuki.waw.pl\/en\/wp-json\/wp\/v2\/product_tag?post=9546"}],"curies":[{"name":"wp","href":"https:\/\/api.w.org\/{rel}","templated":true}]}}